{"id":5321,"date":"2025-07-17T20:00:42","date_gmt":"2025-07-17T18:00:42","guid":{"rendered":"https:\/\/sultanspices.es\/product\/wagh-bakri-premium-tea-100-g\/"},"modified":"2026-04-01T23:00:07","modified_gmt":"2026-04-01T21:00:07","slug":"wagh-bakri-premium-tea-100-g","status":"publish","type":"product","link":"https:\/\/sultanspices.es\/pt\/produto\/wagh-bakri-premium-tea-100-g\/","title":{"rendered":"CH\u00c1 PREMIUM WAGH BAKRI 100 G"},"content":{"rendered":"<div id=\"model-response-message-contentr_6b0a64a78c55ccad\" class=\"markdown markdown-main-panel enable-updated-hr-color\" dir=\"ltr\">\n<h2>WAGH BAKRI PREMIUM TEA 100G: Experimente a ess\u00eancia do chai indiano em Espanha<\/h2>\n<p>No Sultan Spices and Supermarket, temos o prazer de apresentar <b>Ch\u00e1 Wagh Bakri Premium 100g<\/b>, um alimento muito apreciado em in\u00fameros lares indianos e que agora pode ser descoberto em Espanha. <span class=\"citation-21 citation-end-21\">Este requintado ch\u00e1 preto, conhecido pela sua qualidade consistente e sabor revigorante, \u00e9 mais do que uma simples bebida; \u00e9 um convite a uma rica tradi\u00e7\u00e3o cultural de calor, hospitalidade e sabor aut\u00eantico.<sup class=\"superscript\" data-turn-source-index=\"1\">1<\/sup><\/span> Perfeita para quem procura uma ch\u00e1vena robusta e refrescante, quer seja apreciada simples ou como base para uma deliciosa receita caseira <i>chai<\/i>.<\/p>\n<p><span class=\"citation-20 citation-end-20\">A Wagh Bakri, uma marca com mais de um s\u00e9culo de heran\u00e7a, seleciona meticulosamente as suas folhas de ch\u00e1 dos melhores jardins da \u00cdndia, assegurando que cada gr\u00e2nulo nesta embalagem de 100g proporciona um sabor forte, uma cor bonita e rica e um aroma verdadeiramente estimulante.<sup class=\"superscript\" data-turn-source-index=\"2\">2<\/sup><\/span> O tamanho compacto de 100g \u00e9 ideal para os amantes de ch\u00e1 individuais, para os novos conhecedores das del\u00edcias do ch\u00e1 indiano ou como um conveniente refil para a sua despensa. Promete despertar os seus sentidos e proporcionar aquele est\u00edmulo perfeito a qualquer altura do dia, incorporando a ess\u00eancia aut\u00eantica da cultura do ch\u00e1 indiano.<\/p>\n<p><span class=\"citation-19 citation-end-19\">Para al\u00e9m do seu sabor cativante, o ch\u00e1 Wagh Bakri Premium oferece benef\u00edcios naturais que contribuem para o bem-estar geral.<sup class=\"superscript\" data-turn-source-index=\"3\">3<\/sup><\/span> <span class=\"citation-18 citation-end-18\">Sendo um ch\u00e1 preto de alta qualidade, \u00e9 naturalmente rico em antioxidantes, que s\u00e3o conhecidos por ajudar a combater os efeitos do stress di\u00e1rio e da polui\u00e7\u00e3o.<sup class=\"superscript\" data-turn-source-index=\"4\">4<\/sup><\/span> Uma ch\u00e1vena quente deste ch\u00e1 tamb\u00e9m pode aumentar o estado de alerta e fornecer um suave impulso de energia, tornando-o uma excelente escolha para come\u00e7ar o dia ou para se revitalizar \u00e0 tarde. \u00c9 um prazer simples e reconfortante que nutre o corpo e a alma.<\/p>\n<p>Em Espanha, onde o apre\u00e7o por bebidas de qualidade \u00e9 profundo, o Wagh Bakri Premium Tea introduz um mundo de possibilidades arom\u00e1ticas. Embora seja popular como um ch\u00e1 preto forte por si s\u00f3, brilha verdadeiramente quando preparado como um ch\u00e1 tradicional indiano <i>masala chai<\/i>. Imagine ferver este ch\u00e1 de primeira qualidade com leite, a\u00e7\u00facar e uma mistura de especiarias arom\u00e1ticas como cardamomo, gengibre, canela e cravinho - uma experi\u00eancia verdadeiramente aut\u00eantica que o transporta diretamente para as ruas movimentadas da \u00cdndia. \u00c9 a base ideal para criar o seu ch\u00e1 perfeito <i>chai<\/i> em casa, permitindo-lhe personalizar a intensidade e o n\u00edvel de especiarias a seu gosto.<\/p>\n<p>Quer seja um \u00e1vido apreciador de ch\u00e1, um cozinheiro caseiro aventureiro ou simplesmente procure acrescentar um toque de aut\u00eantico sabor indiano \u00e0 sua rotina di\u00e1ria, o Ch\u00e1 Premium Wagh Bakri 100g da Sultan Spices and Supermarket \u00e9 uma escolha imperd\u00edvel. Abrace a tradi\u00e7\u00e3o, saboreie o gosto forte e refrescante e deixe que este ch\u00e1 premium se torne uma parte querida da sua viagem culin\u00e1ria aqui em Espanha. Visite-nos em M\u00e1laga ou compre online para levar para casa esta bebida excecional e elevar a sua experi\u00eancia com o ch\u00e1.<\/p>\n<\/div>","protected":false},"excerpt":{"rendered":"<p>WAGH BAKRI PREMIUM TEA 100G: Experience the Essence of Indian Chai in Spain At Sultan Spices and Supermarket, we proudly present Wagh Bakri Premium Tea 100g, a beloved staple in countless Indian households and now available for you to discover in Spain. This exquisite black tea, known for its consistent quality and invigorating flavor, is&#8230;<\/p>","protected":false},"featured_media":5323,"comment_status":"open","ping_status":"closed","template":"","meta":{"_kad_blocks_custom_css":"","_kad_blocks_head_custom_js":"","_kad_blocks_body_custom_js":"","_kad_blocks_footer_custom_js":"","_kadence_starter_templates_imported_post":false,"_kad_post_transparent":"default","_kad_post_title":"","_kad_post_layout":"default","_kad_post_sidebar_id":"","_kad_post_content_style":"default","_kad_post_vertical_padding":"default","_kad_post_feature":"","_kad_post_feature_position":"","_kad_post_header":false,"_kad_post_footer":false,"_kad_post_classname":""},"product_brand":[],"product_cat":[57],"product_tag":[],"class_list":{"0":"post-5321","1":"product","2":"type-product","3":"status-publish","4":"has-post-thumbnail","6":"product_cat-tea-chai-pati","8":"first","9":"instock","10":"shipping-taxable","11":"purchasable","12":"product-type-simple","13":"entry","14":"content-bg","15":"loop-entry"},"taxonomy_info":{"product_cat":[{"value":57,"label":"Tea (Chai Pati)"}]},"featured_image_src_large":["https:\/\/sultanspices.es\/wp-content\/uploads\/2025\/07\/ProductsPIX-67-1024x1024.png",1024,1024,true],"author_info":[],"comment_info":0,"jetpack_sharing_enabled":true,"_links":{"self":[{"href":"https:\/\/sultanspices.es\/pt\/wp-json\/wp\/v2\/product\/5321","targetHints":{"allow":["GET"]}}],"collection":[{"href":"https:\/\/sultanspices.es\/pt\/wp-json\/wp\/v2\/product"}],"about":[{"href":"https:\/\/sultanspices.es\/pt\/wp-json\/wp\/v2\/types\/product"}],"replies":[{"embeddable":true,"href":"https:\/\/sultanspices.es\/pt\/wp-json\/wp\/v2\/comments?post=5321"}],"wp:featuredmedia":[{"embeddable":true,"href":"https:\/\/sultanspices.es\/pt\/wp-json\/wp\/v2\/media\/5323"}],"wp:attachment":[{"href":"https:\/\/sultanspices.es\/pt\/wp-json\/wp\/v2\/media?parent=5321"}],"wp:term":[{"taxonomy":"product_brand","embeddable":true,"href":"https:\/\/sultanspices.es\/pt\/wp-json\/wp\/v2\/product_brand?post=5321"},{"taxonomy":"product_cat","embeddable":true,"href":"https:\/\/sultanspices.es\/pt\/wp-json\/wp\/v2\/product_cat?post=5321"},{"taxonomy":"product_tag","embeddable":true,"href":"https:\/\/sultanspices.es\/pt\/wp-json\/wp\/v2\/product_tag?post=5321"}],"curies":[{"name":"wp","href":"https:\/\/api.w.org\/{rel}","templated":true}]}}