{"id":5320,"date":"2025-07-17T20:00:41","date_gmt":"2025-07-17T18:00:41","guid":{"rendered":"https:\/\/sultanspices.es\/product\/wagh-bakri-premium-tea-1-kg\/"},"modified":"2026-02-23T12:41:28","modified_gmt":"2026-02-23T11:41:28","slug":"wagh-bakri-premium-tea-1-kg","status":"publish","type":"product","link":"https:\/\/sultanspices.es\/pt\/produto\/wagh-bakri-premium-tea-1-kg\/","title":{"rendered":"CH\u00c1 PREMIUM WAGH BAKRI 1 KG"},"content":{"rendered":"<div id=\"model-response-message-contentr_384723285f85e953\" class=\"markdown markdown-main-panel enable-updated-hr-color\" dir=\"ltr\">\n<h2>WAGH BAKRI PREMIUM TEA 1 KG: A melhor experi\u00eancia de ch\u00e1 indiano para a sua casa em Espanha<\/h2>\n<p><span class=\"citation-33\">Para os verdadeiros entusiastas do ch\u00e1 e para aqueles que apreciam verdadeiramente o ritual di\u00e1rio de uma ch\u00e1vena perfeita, o Sultan Spices and Supermarket orgulha-se de oferecer <\/span><b><span class=\"citation-33\">Ch\u00e1 Wagh Bakri Premium 1 KG<\/span><\/b><span class=\"citation-33 citation-end-33\">.<sup class=\"superscript\" data-turn-source-index=\"1\">1<\/sup><\/span> Esta embalagem substancial garante que ter\u00e1 sempre \u00e0 m\u00e3o o seu ch\u00e1 preto indiano favorito, robusto e arom\u00e1tico, pronto para infundir as suas manh\u00e3s e tardes com o seu sabor distinto. \u00c9 a escolha ideal para as fam\u00edlias, para os \u00e1vidos consumidores de chai ou para qualquer pessoa em Espanha que queira abra\u00e7ar profundamente o sabor aut\u00eantico do ch\u00e1 indiano.<\/p>\n<p><span class=\"citation-32 citation-end-32\">A Wagh Bakri cultivou um legado de excel\u00eancia que se estende por mais de um s\u00e9culo, conquistando a sua reputa\u00e7\u00e3o como uma das marcas de ch\u00e1 mais fi\u00e1veis da \u00cdndia.<sup class=\"superscript\" data-turn-source-index=\"2\">2<\/sup><\/span> <span class=\"citation-31 citation-end-31\">Esta embalagem de 1 KG representa esse compromisso com a qualidade, apresentando folhas de ch\u00e1 cuidadosamente selecionadas dos melhores jardins de ch\u00e1 da \u00cdndia.<sup class=\"superscript\" data-turn-source-index=\"3\">3<\/sup><\/span> <span class=\"citation-30 citation-end-30\">Cada gr\u00e2nulo \u00e9 processado para proporcionar um perfil de sabor forte e consistente, uma cor profunda e convidativa e um aroma cativante que define um ch\u00e1 preto verdadeiramente premium.<sup class=\"superscript\" data-turn-source-index=\"4\">4<\/sup><\/span> Este tamanho maior oferece um valor e uma conveni\u00eancia incr\u00edveis, garantindo que n\u00e3o fica sem a sua bebida preferida demasiado depressa.<\/p>\n<p><span class=\"citation-29 citation-end-29\">Para al\u00e9m do seu sabor delicioso, o ch\u00e1 Wagh Bakri Premium est\u00e1 naturalmente repleto de propriedades ben\u00e9ficas para a sa\u00fade.<sup class=\"superscript\" data-turn-source-index=\"5\">5<\/sup><\/span> <span class=\"citation-28 citation-end-28\">Sendo um ch\u00e1 preto de alta qualidade, \u00e9 uma fonte rica em antioxidantes, conhecida por apoiar o bem-estar geral e ajudar o corpo a combater os factores de stress di\u00e1rios.<sup class=\"superscript\" data-turn-source-index=\"6\">6<\/sup><\/span> Uma ch\u00e1vena regular pode tamb\u00e9m contribuir para melhorar o estado de alerta e proporcionar um impulso natural e sustentado de energia sem os nervos frequentemente associados a outros estimulantes. Fazer do Wagh Bakri uma parte da sua rotina di\u00e1ria \u00e9 uma forma simples mas eficaz de acrescentar um toque de prazer saud\u00e1vel.<\/p>\n<p>Em Espanha, onde a curiosidade culin\u00e1ria e a aprecia\u00e7\u00e3o dos sabores globais est\u00e3o em ascens\u00e3o, o Wagh Bakri Premium Tea 1 KG \u00e9 a sua porta de entrada para a aut\u00eantica experi\u00eancia do ch\u00e1 indiano. Embora seja excelente como um ch\u00e1 preto forte aut\u00f3nomo, a sua verdadeira magia revela-se quando \u00e9 preparado como um ch\u00e1 tradicional <i>masala chai<\/i>. Imagine o aroma reconfortante a encher a sua cozinha enquanto ferve este ch\u00e1 de primeira qualidade com leite, a\u00e7\u00facar e a sua mistura preferida de especiarias quentes, como gengibre, cardamomo, cravinho e canela. Esta generosa embalagem de 1 kg \u00e9 perfeita para aperfei\u00e7oar a sua receita pessoal de chai e partilhar esta del\u00edcia cultural com amigos e familiares.<\/p>\n<p>Quer seja um admirador de longa data do ch\u00e1 indiano ou esteja apenas a iniciar a sua explora\u00e7\u00e3o, o Wagh Bakri Premium Tea 1 KG do Sultan Spices and Supermarket \u00e9 uma adi\u00e7\u00e3o indispens\u00e1vel \u00e0 sua despensa em M\u00e1laga e em toda a Espanha. Representa uma mistura de patrim\u00f3nio, qualidade e o sabor genu\u00edno da \u00cdndia, prometendo in\u00fameros momentos de revigoramento e liga\u00e7\u00e3o calorosa. Abaste\u00e7a-se deste ingrediente essencial e transforme os seus momentos de ch\u00e1 numa experi\u00eancia aut\u00eantica e enriquecedora.<\/p>\n<\/div>","protected":false},"excerpt":{"rendered":"<p>WAGH BAKRI PREMIUM TEA 1 KG: The Ultimate Indian Tea Experience for Your Home in Spain For serious tea enthusiasts and those who truly appreciate the daily ritual of a perfect cup, Sultan Spices and Supermarket is proud to offer Wagh Bakri Premium Tea 1 KG.1 This substantial pack ensures you&#8217;ll always have your favorite&#8230;<\/p>","protected":false},"featured_media":5325,"comment_status":"open","ping_status":"closed","template":"","meta":{"_kad_blocks_custom_css":"","_kad_blocks_head_custom_js":"","_kad_blocks_body_custom_js":"","_kad_blocks_footer_custom_js":"","_kadence_starter_templates_imported_post":false,"_kad_post_transparent":"default","_kad_post_title":"","_kad_post_layout":"default","_kad_post_sidebar_id":"","_kad_post_content_style":"default","_kad_post_vertical_padding":"default","_kad_post_feature":"","_kad_post_feature_position":"","_kad_post_header":false,"_kad_post_footer":false,"_kad_post_classname":""},"product_brand":[],"product_cat":[57],"product_tag":[],"class_list":{"0":"post-5320","1":"product","2":"type-product","3":"status-publish","4":"has-post-thumbnail","6":"product_cat-tea-chai-pati","8":"first","9":"outofstock","10":"shipping-taxable","11":"purchasable","12":"product-type-simple","13":"entry","14":"content-bg","15":"loop-entry"},"taxonomy_info":{"product_cat":[{"value":57,"label":"Tea (Chai Pati)"}]},"featured_image_src_large":["https:\/\/sultanspices.es\/wp-content\/uploads\/2025\/07\/ProductsPIX-68-1024x1024.png",1024,1024,true],"author_info":[],"comment_info":0,"jetpack_sharing_enabled":true,"_links":{"self":[{"href":"https:\/\/sultanspices.es\/pt\/wp-json\/wp\/v2\/product\/5320","targetHints":{"allow":["GET"]}}],"collection":[{"href":"https:\/\/sultanspices.es\/pt\/wp-json\/wp\/v2\/product"}],"about":[{"href":"https:\/\/sultanspices.es\/pt\/wp-json\/wp\/v2\/types\/product"}],"replies":[{"embeddable":true,"href":"https:\/\/sultanspices.es\/pt\/wp-json\/wp\/v2\/comments?post=5320"}],"wp:featuredmedia":[{"embeddable":true,"href":"https:\/\/sultanspices.es\/pt\/wp-json\/wp\/v2\/media\/5325"}],"wp:attachment":[{"href":"https:\/\/sultanspices.es\/pt\/wp-json\/wp\/v2\/media?parent=5320"}],"wp:term":[{"taxonomy":"product_brand","embeddable":true,"href":"https:\/\/sultanspices.es\/pt\/wp-json\/wp\/v2\/product_brand?post=5320"},{"taxonomy":"product_cat","embeddable":true,"href":"https:\/\/sultanspices.es\/pt\/wp-json\/wp\/v2\/product_cat?post=5320"},{"taxonomy":"product_tag","embeddable":true,"href":"https:\/\/sultanspices.es\/pt\/wp-json\/wp\/v2\/product_tag?post=5320"}],"curies":[{"name":"wp","href":"https:\/\/api.w.org\/{rel}","templated":true}]}}