{"id":5315,"date":"2025-07-17T20:00:35","date_gmt":"2025-07-17T18:00:35","guid":{"rendered":"https:\/\/sultanspices.es\/product\/tata-kitchen-king-masala-100g\/"},"modified":"2026-02-23T12:41:22","modified_gmt":"2026-02-23T11:41:22","slug":"tata-kitchen-king-masala-100g","status":"publish","type":"product","link":"https:\/\/sultanspices.es\/pt\/produto\/tata-cozinha-rei-massala-100g\/","title":{"rendered":"TATA KITCHEN KING MASALA 100G"},"content":{"rendered":"<div id=\"model-response-message-contentr_0d441e0a47fd2e52\" class=\"markdown markdown-main-panel enable-updated-hr-color\" dir=\"ltr\">\n<h2>TATA KITCHEN KING MASALA 100G: O toque real para os seus caril em Espanha<\/h2>\n<p>Para aqueles que, em Espanha, procuram desvendar os sabores aut\u00eanticos e ricos da cozinha indiana, o Sultan Spices and Supermarket tem o prazer de apresentar <b>Tata Kitchen King Masala 100g<\/b>. <span class=\"citation-73 citation-end-73\">Esta mistura de especiarias ic\u00f3nica, da marca de confian\u00e7a Tata Sampann, \u00e9 um ingrediente vers\u00e1til e indispens\u00e1vel para elevar uma grande variedade de pratos.<\/span><span class=\"citation-72 citation-end-72\">Muitas vezes aclamado como o \"rei\" das masalas para todos os fins, oferece uma mistura harmoniosa de especiarias arom\u00e1ticas concebidas para dar profundidade e complexidade \u00e0s suas cria\u00e7\u00f5es vegetarianas e n\u00e3o vegetarianas.<\/span><\/p>\n<p><span class=\"citation-71 citation-end-71\">O Tata Kitchen King Masala \u00e9 meticulosamente elaborado a partir de uma sele\u00e7\u00e3o de especiarias de primeira qualidade, escolhidas a dedo, assegurando que cada embalagem de 100g oferece uma qualidade consistente e um sabor potente.<\/span> <span class=\"citation-70 citation-end-70\">Embora a mistura exacta possa variar ligeiramente consoante a marca, os ingredientes t\u00edpicos incluem frequentemente coentros, cominhos, curcuma, malagueta, funcho, pimenta preta, gengibre e cardamomo, entre outros.<\/span><span class=\"citation-69 citation-end-69\">Esta combina\u00e7\u00e3o cuidadosa resulta num perfil equilibrado e encorpado que \u00e9 robusto, mas n\u00e3o excessivamente picante, tornando-o adequado para um amplo espetro de paladares, incluindo aqueles que s\u00e3o novos na cozinha indiana.<\/span><\/p>\n<p>A verdadeira beleza do Kitchen King Masala reside na sua incr\u00edvel versatilidade. <span class=\"citation-68 citation-end-68\">Como o seu nome indica, foi concebido para ser um \"rei\" na sua cozinha, capaz de transformar as refei\u00e7\u00f5es do dia a dia em del\u00edcias culin\u00e1rias.<\/span> <span class=\"citation-67\">\u00c9 o ingrediente secreto dos caris cl\u00e1ssicos do Norte da \u00cdndia, acrescentando uma camada fundamental de sabor a pratos como o paneer butter masala, caris de vegetais mistos ou guisados de lentilhas (<\/span><i><span class=\"citation-67\">dals<\/span><\/i><span class=\"citation-67 citation-end-67\">).<\/span> <span class=\"citation-66\">Para al\u00e9m dos caris, uma pitada pode elevar os pratos de arroz como <\/span><i><span class=\"citation-66\">pulao<\/span><\/i><span class=\"citation-66\"> ou <\/span><i><span class=\"citation-66\">biryani<\/span><\/i><span class=\"citation-66 citation-end-66\">O \u00f3leo de soja, o \u00f3leo de coco e o \u00f3leo de coco, infundem os legumes salteados com um calor arom\u00e1tico ou podem mesmo ser utilizados como uma mistura saborosa para carnes grelhadas e tofu.<\/span><\/p>\n<p>Em Espanha, onde o interesse pelas diversas cozinhas do mundo continua a crescer, Tata Kitchen King Masala 100g proporciona um ponto de entrada acess\u00edvel no vibrante mundo da cozinha indiana. <span class=\"citation-65 citation-end-65\">Simplifica o processo de cria\u00e7\u00e3o de sabores indianos complexos, poupando-lhe o tempo e o esfor\u00e7o de obter e misturar v\u00e1rias especiarias individuais.<\/span> Para a comunidade expatriada e para aqueles que est\u00e3o familiarizados com as tradi\u00e7\u00f5es culin\u00e1rias paquistanesas e indianas, este masala espec\u00edfico oferece um sabor reconfortante de casa, um aroma familiar que evoca mem\u00f3rias queridas e refei\u00e7\u00f5es aut\u00eanticas.<\/p>\n<p>Quer seja um chefe experiente a experimentar sabores globais ou um cozinheiro caseiro que procura dar um toque de magia indiana aut\u00eantica aos seus pratos, o Tata Kitchen King Masala 100g do Sultan Spices and Supermarket \u00e9 uma adi\u00e7\u00e3o essencial \u00e0 sua prateleira de especiarias. A sua facilidade de utiliza\u00e7\u00e3o, o seu sabor robusto e a sua versatilidade tornam-na indispens\u00e1vel para quem deseja explorar a rica tape\u00e7aria da cozinha indiana aqui mesmo em M\u00e1laga e em toda a Espanha. Apimente a sua viagem culin\u00e1ria hoje com o toque real de Tata Kitchen King Masala!<\/p>\n<\/div>","protected":false},"excerpt":{"rendered":"<p>TATA KITCHEN KING MASALA 100G: O toque real para os seus caris em Espanha Para aqueles em Espanha que procuram desvendar os sabores aut\u00eanticos e ricos da cozinha indiana, o Sultan Spices and Supermarket apresenta orgulhosamente o Tata Kitchen King Masala 100g. Esta mistura ic\u00f3nica de especiarias, da marca de confian\u00e7a Tata Sampann, \u00e9 um ingrediente vers\u00e1til e indispens\u00e1vel para...<\/p>","protected":false},"featured_media":5329,"comment_status":"open","ping_status":"closed","template":"","meta":{"_kad_blocks_custom_css":"","_kad_blocks_head_custom_js":"","_kad_blocks_body_custom_js":"","_kad_blocks_footer_custom_js":"","_kadence_starter_templates_imported_post":false,"_kad_post_transparent":"default","_kad_post_title":"","_kad_post_layout":"default","_kad_post_sidebar_id":"","_kad_post_content_style":"default","_kad_post_vertical_padding":"default","_kad_post_feature":"","_kad_post_feature_position":"","_kad_post_header":false,"_kad_post_footer":false,"_kad_post_classname":""},"product_brand":[],"product_cat":[49],"product_tag":[],"class_list":{"0":"post-5315","1":"product","2":"type-product","3":"status-publish","4":"has-post-thumbnail","6":"product_cat-mix-spices-seasoning","8":"first","9":"instock","10":"shipping-taxable","11":"purchasable","12":"product-type-simple","13":"entry","14":"content-bg","15":"loop-entry"},"taxonomy_info":{"product_cat":[{"value":49,"label":"Mix Spices &amp; Seasoning"}]},"featured_image_src_large":["https:\/\/sultanspices.es\/wp-content\/uploads\/2025\/07\/ProductsPIX-72-1024x1024.png",1024,1024,true],"author_info":[],"comment_info":0,"jetpack_sharing_enabled":true,"_links":{"self":[{"href":"https:\/\/sultanspices.es\/pt\/wp-json\/wp\/v2\/product\/5315","targetHints":{"allow":["GET"]}}],"collection":[{"href":"https:\/\/sultanspices.es\/pt\/wp-json\/wp\/v2\/product"}],"about":[{"href":"https:\/\/sultanspices.es\/pt\/wp-json\/wp\/v2\/types\/product"}],"replies":[{"embeddable":true,"href":"https:\/\/sultanspices.es\/pt\/wp-json\/wp\/v2\/comments?post=5315"}],"wp:featuredmedia":[{"embeddable":true,"href":"https:\/\/sultanspices.es\/pt\/wp-json\/wp\/v2\/media\/5329"}],"wp:attachment":[{"href":"https:\/\/sultanspices.es\/pt\/wp-json\/wp\/v2\/media?parent=5315"}],"wp:term":[{"taxonomy":"product_brand","embeddable":true,"href":"https:\/\/sultanspices.es\/pt\/wp-json\/wp\/v2\/product_brand?post=5315"},{"taxonomy":"product_cat","embeddable":true,"href":"https:\/\/sultanspices.es\/pt\/wp-json\/wp\/v2\/product_cat?post=5315"},{"taxonomy":"product_tag","embeddable":true,"href":"https:\/\/sultanspices.es\/pt\/wp-json\/wp\/v2\/product_tag?post=5315"}],"curies":[{"name":"wp","href":"https:\/\/api.w.org\/{rel}","templated":true}]}}