{"id":5314,"date":"2025-07-17T20:00:35","date_gmt":"2025-07-17T18:00:35","guid":{"rendered":"https:\/\/sultanspices.es\/product\/tang-orange-jar-750g\/"},"modified":"2026-03-30T21:31:39","modified_gmt":"2026-03-30T19:31:39","slug":"tang-orange-jar-750g","status":"publish","type":"product","link":"https:\/\/sultanspices.es\/pt\/produto\/tang-laranja-frasco-750g\/","title":{"rendered":"FRASCO DE LARANJA TANG 750G"},"content":{"rendered":"<div id=\"model-response-message-contentr_b2fa9d08244fec66\" class=\"markdown markdown-main-panel enable-updated-hr-color\" dir=\"ltr\">\n<h2>TANG ORANGE JAR 750G: O refresco ideal para os dias de sol em Espanha<\/h2>\n<p>No Sultan Spices and Supermarket, compreendemos o desejo de uma bebida refrescante e saborosa que seja r\u00e1pida e f\u00e1cil de preparar. \u00c9 por isso que estamos entusiasmados por oferecer o <b>Tang Laranja Jarra 750G<\/b>A bebida em p\u00f3 da Sumo, uma mistura de bebidas adorada que proporciona uma explos\u00e3o de sabor a laranja doce e picante em cada gole. Ideal para as tardes quentes espanholas, para um pequeno-almo\u00e7o r\u00e1pido ou para matar a sede a qualquer hora do dia, este frasco generoso garante que ter\u00e1 sempre uma bebida deliciosa na ponta dos dedos.<\/p>\n<p><span class=\"citation-45 citation-end-45\">O Tang \u00e9 um favorito mundial h\u00e1 d\u00e9cadas, celebrado pelo seu sabor a laranja instantaneamente reconhec\u00edvel e pela sua prepara\u00e7\u00e3o simples.<sup class=\"superscript\" data-turn-source-index=\"1\">1<\/sup><\/span> Este frasco de 750 g fornece grandes por\u00e7\u00f5es, o que o torna uma escolha econ\u00f3mica e pr\u00e1tica para fam\u00edlias, profissionais ocupados e todos os que apreciam a conveni\u00eancia de uma mistura de bebidas em p\u00f3. Basta adicionar \u00e1gua, mexer e est\u00e1 pronto para saborear um copo de uma bebida vibrante e c\u00edtrica. \u00c9 uma excelente forma de reidratar e refrescar, especialmente quando se procura algo mais excitante do que \u00e1gua simples.<\/p>\n<p><span class=\"citation-44 citation-end-44\">Mais do que uma bebida deliciosa, o Tang Laranja \u00e9 muitas vezes enriquecido com vitaminas essenciais, em particular vitamina C. Isto torna-o uma excelente forma de contribuir para a sua ingest\u00e3o di\u00e1ria de nutrientes, apoiando o seu sistema imunit\u00e1rio e bem-estar geral.<sup class=\"superscript\" data-turn-source-index=\"2\">2<\/sup><\/span> <span class=\"citation-43 citation-end-43\">Oferece uma fonte de refresco r\u00e1pida e acess\u00edvel que pode ser particularmente atractiva para as crian\u00e7as, proporcionando uma alternativa saborosa aos refrigerantes a\u00e7ucarados, ao mesmo tempo que fornece vitaminas essenciais.<sup class=\"superscript\" data-turn-source-index=\"3\">3<\/sup><\/span> \u00c9 uma escolha inteligente para os pais que procuram acrescentar um pouco mais de bondade ao dia da sua fam\u00edlia.<\/p>\n<p>Em Espanha, onde o sol brilha intensamente durante grande parte do ano, uma bebida refrescante \u00e9 sempre procurada. Enquanto <i>zumos naturais<\/i> s\u00e3o populares, Tang Laranja oferece uma op\u00e7\u00e3o \u00fanica e conveniente que traz um toque nost\u00e1lgico para muitos que cresceram a apreciar o seu sabor distinto. <span class=\"citation-42 citation-end-42\">Pode ser servido com gelo para um refresco cl\u00e1ssico, utilizado como base para divertidos mocktails ou mesmo integrado em sobremesas simples para um toque c\u00edtrico extra.<sup class=\"superscript\" data-turn-source-index=\"4\">4<\/sup><\/span> Para os nossos clientes que adoram a cozinha paquistanesa, indiana e outras cozinhas \u00e9tnicas, o Tang \u00e9 muitas vezes uma bebida familiar e reconfortante, que os faz lembrar de casa com o seu sabor amado.<\/p>\n<p>Quer esteja \u00e0 procura de uma bebida simples e satisfat\u00f3ria para a sua rotina di\u00e1ria, uma bebida que agrade a todos numa reuni\u00e3o familiar ou um sabor de conforto familiar, o frasco de Tang Orange 750G da Sultan Spices and Supermarket \u00e9 uma excelente escolha. O seu longo prazo de validade, a facilidade de prepara\u00e7\u00e3o e o inconfund\u00edvel sabor a laranja fazem dele um verdadeiro her\u00f3i da despensa. Abaste\u00e7a-se hoje mesmo e deixe que o sabor picante do Tang ilumine os seus momentos aqui em M\u00e1laga e n\u00e3o s\u00f3!<\/p>\n<\/div>","protected":false},"excerpt":{"rendered":"<p>TANG ORANGE JAR 750G: Your Go-To Refreshment for Sunny Days in Spain At Sultan Spices and Supermarket, we understand the desire for a refreshing, flavorful drink that&#8217;s quick and easy to prepare. That&#8217;s why we&#8217;re thrilled to offer the Tang Orange Jar 750G, a beloved powdered drink mix that delivers a burst of tangy, sweet&#8230;<\/p>","protected":false},"featured_media":5327,"comment_status":"open","ping_status":"closed","template":"","meta":{"_kad_blocks_custom_css":"","_kad_blocks_head_custom_js":"","_kad_blocks_body_custom_js":"","_kad_blocks_footer_custom_js":"","_kadence_starter_templates_imported_post":false,"_kad_post_transparent":"default","_kad_post_title":"","_kad_post_layout":"default","_kad_post_sidebar_id":"","_kad_post_content_style":"default","_kad_post_vertical_padding":"default","_kad_post_feature":"","_kad_post_feature_position":"","_kad_post_header":false,"_kad_post_footer":false,"_kad_post_classname":""},"product_brand":[],"product_cat":[58],"product_tag":[],"class_list":{"0":"post-5314","1":"product","2":"type-product","3":"status-publish","4":"has-post-thumbnail","6":"product_cat-beverages","8":"first","9":"outofstock","10":"shipping-taxable","11":"purchasable","12":"product-type-simple","13":"entry","14":"content-bg","15":"loop-entry"},"taxonomy_info":{"product_cat":[{"value":58,"label":"Beverages"}]},"featured_image_src_large":["https:\/\/sultanspices.es\/wp-content\/uploads\/2025\/07\/ProductsPIX-70-1024x1024.png",1024,1024,true],"author_info":[],"comment_info":0,"jetpack_sharing_enabled":true,"_links":{"self":[{"href":"https:\/\/sultanspices.es\/pt\/wp-json\/wp\/v2\/product\/5314","targetHints":{"allow":["GET"]}}],"collection":[{"href":"https:\/\/sultanspices.es\/pt\/wp-json\/wp\/v2\/product"}],"about":[{"href":"https:\/\/sultanspices.es\/pt\/wp-json\/wp\/v2\/types\/product"}],"replies":[{"embeddable":true,"href":"https:\/\/sultanspices.es\/pt\/wp-json\/wp\/v2\/comments?post=5314"}],"wp:featuredmedia":[{"embeddable":true,"href":"https:\/\/sultanspices.es\/pt\/wp-json\/wp\/v2\/media\/5327"}],"wp:attachment":[{"href":"https:\/\/sultanspices.es\/pt\/wp-json\/wp\/v2\/media?parent=5314"}],"wp:term":[{"taxonomy":"product_brand","embeddable":true,"href":"https:\/\/sultanspices.es\/pt\/wp-json\/wp\/v2\/product_brand?post=5314"},{"taxonomy":"product_cat","embeddable":true,"href":"https:\/\/sultanspices.es\/pt\/wp-json\/wp\/v2\/product_cat?post=5314"},{"taxonomy":"product_tag","embeddable":true,"href":"https:\/\/sultanspices.es\/pt\/wp-json\/wp\/v2\/product_tag?post=5314"}],"curies":[{"name":"wp","href":"https:\/\/api.w.org\/{rel}","templated":true}]}}