{"id":5313,"date":"2025-07-17T20:00:34","date_gmt":"2025-07-17T18:00:34","guid":{"rendered":"https:\/\/sultanspices.es\/product\/tang-mango-jar-750g\/"},"modified":"2026-03-30T21:31:39","modified_gmt":"2026-03-30T19:31:39","slug":"tang-mango-jar-750g","status":"publish","type":"product","link":"https:\/\/sultanspices.es\/pt\/produto\/tang-manga-frasco-750g\/","title":{"rendered":"FRASCO DE MANGA TANG 750G"},"content":{"rendered":"<div id=\"model-response-message-contentr_1911c12707e51979\" class=\"markdown markdown-main-panel enable-updated-hr-color\" dir=\"ltr\">\n<h2>Frasco de TANG MANGO 750G: Liberte a do\u00e7ura tropical na sua casa espanhola<\/h2>\n<p>No Sultan Spices and Supermarket, acreditamos em trazer sabores vibrantes e convenientes de todo o mundo para a sua cozinha em Espanha. \u00c9 por isso que estamos entusiasmados por oferecer o <b>Frasco de manga Tang 750G<\/b>A manga \u00e9 uma bebida instant\u00e2nea muito apreciada que proporciona o sabor rico, doce e picante das mangas maduras em cada copo refrescante. Perfeita para combater o calor do ver\u00e3o, animar o seu pequeno-almo\u00e7o ou simplesmente desfrutar de uma explos\u00e3o de bondade tropical, este frasco grande \u00e9 um elemento b\u00e1sico conveniente para qualquer casa.<\/p>\n<p><span class=\"citation-55 citation-end-55\">Tang Mango \u00e9 conhecido pelo seu aut\u00eantico sabor a manga, capturando a ess\u00eancia deste apreciado fruto tropical.<sup class=\"superscript\" data-turn-source-index=\"1\">1<\/sup><\/span> O frasco de 750 g fornece uma quantidade substancial, tornando-o um excelente valor para fam\u00edlias, reuni\u00f5es ou para aqueles que simplesmente n\u00e3o se fartam do delicioso sabor da manga. <span class=\"citation-54 citation-end-54\">O seu formato em p\u00f3 garante uma prepara\u00e7\u00e3o sem esfor\u00e7o - basta adicionar \u00e1gua, mexer e \u00e9 instantaneamente transportado para um para\u00edso ensolarado e cheio de mangas.<sup class=\"superscript\" data-turn-source-index=\"2\">2<\/sup><\/span> \u00c9 uma forma descomplicada de desfrutar de uma bebida consistentemente deliciosa e satisfat\u00f3ria sem a necessidade de preparar fruta fresca.<\/p>\n<p><span class=\"citation-53 citation-end-53\">Para al\u00e9m do seu sabor convidativo, o Tang Mango \u00e9 frequentemente enriquecido com vitaminas essenciais, em particular vitamina C, que \u00e9 crucial para o apoio do sistema imunit\u00e1rio e para o bem-estar geral.<\/span> <span class=\"citation-52 citation-end-52\">As pr\u00f3prias mangas est\u00e3o naturalmente repletas de antioxidantes, vitamina A (ben\u00e9fica para a sa\u00fade da vis\u00e3o e da pele) e fibra alimentar.<sup class=\"superscript\" data-turn-source-index=\"4\">4<\/sup><\/span> <span class=\"citation-51 citation-end-51\">Embora o Tang seja uma forma conveniente de desfrutar de uma bebida com sabor a manga, pode contribuir para a sua ingest\u00e3o di\u00e1ria destes nutrientes ben\u00e9ficos, oferecendo uma alternativa saborosa e refrescante a outras bebidas a\u00e7ucaradas.<\/span><\/p>\n<p>Em Espanha, onde o sol \u00e9 um companheiro constante, as bebidas refrescantes s\u00e3o muito procuradas. Tang Mango oferece uma op\u00e7\u00e3o \u00fanica e excitante, trazendo um sabor dos tr\u00f3picos que complementa a paisagem culin\u00e1ria diversificada. \u00c9 uma base fant\u00e1stica para mocktails r\u00e1pidos, um complemento saboroso para batidos ou uma bebida simples, que mata a sede, para desfrutar fresca. Para os nossos estimados clientes que apreciam a cozinha paquistanesa, indiana e outras cozinhas do sul da \u00c1sia, o sabor da manga \u00e9 profundamente reconfortante e familiar, tornando Tang Mango uma presen\u00e7a nost\u00e1lgica e bem-vinda nas suas casas.<\/p>\n<p>Quer esteja \u00e0 procura de uma forma f\u00e1cil de se hidratar com uma explos\u00e3o de sabor, uma op\u00e7\u00e3o de bebida divertida para as crian\u00e7as ou um sabor conveniente dos tr\u00f3picos, o frasco de Tang Mango 750G da Sultan Spices and Supermarket \u00e9 uma escolha excecional. O seu sabor vibrante, a sua qualidade fortificada e o seu longo prazo de validade fazem dele uma adi\u00e7\u00e3o vers\u00e1til e indispens\u00e1vel \u00e0 sua despensa. Eleve o seu jogo de refrescos e infunda os seus dias com a irresist\u00edvel do\u00e7ura da manga, recolhendo o seu frasco hoje em M\u00e1laga ou atrav\u00e9s da nossa loja online!<\/p>\n<\/div>","protected":false},"excerpt":{"rendered":"<p>TANG MANGO JAR 750G: Unleash the Tropical Sweetness in Your Spanish Home At Sultan Spices and Supermarket, we believe in bringing vibrant and convenient flavors from around the world to your kitchen in Spain. That&#8217;s why we&#8217;re excited to offer the Tang Mango Jar 750G, a beloved instant drink mix that delivers the rich, sweet,&#8230;<\/p>","protected":false},"featured_media":5328,"comment_status":"open","ping_status":"closed","template":"","meta":{"_kad_blocks_custom_css":"","_kad_blocks_head_custom_js":"","_kad_blocks_body_custom_js":"","_kad_blocks_footer_custom_js":"","_kadence_starter_templates_imported_post":false,"_kad_post_transparent":"default","_kad_post_title":"","_kad_post_layout":"default","_kad_post_sidebar_id":"","_kad_post_content_style":"default","_kad_post_vertical_padding":"default","_kad_post_feature":"","_kad_post_feature_position":"","_kad_post_header":false,"_kad_post_footer":false,"_kad_post_classname":""},"product_brand":[],"product_cat":[58],"product_tag":[],"class_list":{"0":"post-5313","1":"product","2":"type-product","3":"status-publish","4":"has-post-thumbnail","6":"product_cat-beverages","8":"first","9":"instock","10":"shipping-taxable","11":"purchasable","12":"product-type-simple","13":"entry","14":"content-bg","15":"loop-entry"},"taxonomy_info":{"product_cat":[{"value":58,"label":"Beverages"}]},"featured_image_src_large":["https:\/\/sultanspices.es\/wp-content\/uploads\/2025\/07\/ProductsPIX-71-1024x1024.png",1024,1024,true],"author_info":[],"comment_info":0,"jetpack_sharing_enabled":true,"_links":{"self":[{"href":"https:\/\/sultanspices.es\/pt\/wp-json\/wp\/v2\/product\/5313","targetHints":{"allow":["GET"]}}],"collection":[{"href":"https:\/\/sultanspices.es\/pt\/wp-json\/wp\/v2\/product"}],"about":[{"href":"https:\/\/sultanspices.es\/pt\/wp-json\/wp\/v2\/types\/product"}],"replies":[{"embeddable":true,"href":"https:\/\/sultanspices.es\/pt\/wp-json\/wp\/v2\/comments?post=5313"}],"wp:featuredmedia":[{"embeddable":true,"href":"https:\/\/sultanspices.es\/pt\/wp-json\/wp\/v2\/media\/5328"}],"wp:attachment":[{"href":"https:\/\/sultanspices.es\/pt\/wp-json\/wp\/v2\/media?parent=5313"}],"wp:term":[{"taxonomy":"product_brand","embeddable":true,"href":"https:\/\/sultanspices.es\/pt\/wp-json\/wp\/v2\/product_brand?post=5313"},{"taxonomy":"product_cat","embeddable":true,"href":"https:\/\/sultanspices.es\/pt\/wp-json\/wp\/v2\/product_cat?post=5313"},{"taxonomy":"product_tag","embeddable":true,"href":"https:\/\/sultanspices.es\/pt\/wp-json\/wp\/v2\/product_tag?post=5313"}],"curies":[{"name":"wp","href":"https:\/\/api.w.org\/{rel}","templated":true}]}}