{"id":5311,"date":"2025-07-17T20:00:31","date_gmt":"2025-07-17T18:00:31","guid":{"rendered":"https:\/\/sultanspices.es\/product\/regal-mung-dall-375g\/"},"modified":"2026-02-23T12:41:14","modified_gmt":"2026-02-23T11:41:14","slug":"regal-mung-dall-375g","status":"publish","type":"product","link":"https:\/\/sultanspices.es\/pt\/produto\/regal-mung-dall-375g\/","title":{"rendered":"REGAL MUNG DALL 375G"},"content":{"rendered":"<div id=\"model-response-message-contentr_b1e64676fc2f0767\" class=\"markdown markdown-main-panel enable-updated-hr-color\" dir=\"ltr\">\n<h2>REGAL MUNG DALL 375G: O cora\u00e7\u00e3o saud\u00e1vel da sua cozinha indiana e paquistanesa em Espanha<\/h2>\n<p>No Sultan Spices and Supermarket, trazemos os aut\u00eanticos produtos b\u00e1sicos da cozinha do Sul da \u00c1sia diretamente para a sua casa em Espanha. <span class=\"citation-95\">Temos o prazer de oferecer <\/span><b><span class=\"citation-95\">Regal Mung Dall 375g<\/span><\/b><span class=\"citation-95 citation-end-95\">A lentilha de grama verde dividida de alta qualidade \u00e9 a pedra angular de uma cozinha saud\u00e1vel e deliciosa na \u00cdndia e no Paquist\u00e3o.<\/span> <span class=\"citation-94 citation-end-94\">Esta pr\u00e1tica embalagem de 375 g \u00e9 perfeita para preparar pratos leves, nutritivos e incrivelmente saborosos, tornando-a uma adi\u00e7\u00e3o essencial a qualquer despensa preocupada com a sa\u00fade.<\/span><\/p>\n<p><span class=\"citation-93 citation-end-93\">O feij\u00e3o mungo, muitas vezes referido como \"moong dal\" ou \"feij\u00e3o mungo\" na sua forma integral, \u00e9 c\u00e9lebre pelo seu sabor suave, ligeiramente doce e terroso, bem como pelo seu tempo de cozedura incrivelmente r\u00e1pido depois de dividido e descascado.<\/span>A Regal assegura um produto de qualidade superior, permitindo uma prepara\u00e7\u00e3o f\u00e1cil e uma textura consistentemente tenra. <span class=\"citation-92 citation-end-92\">A sua atraente cor amarela e a sua consist\u00eancia cremosa tornam-no num ingrediente vers\u00e1til, quer seja um cozinheiro experiente ou esteja apenas a come\u00e7ar a sua viagem pelo mundo vibrante da cozinha indiana e paquistanesa.<\/span><\/p>\n<p><span class=\"citation-91 citation-end-91\">Do ponto de vista nutricional, Regal Mung Dall \u00e9 uma verdadeira pot\u00eancia.<\/span><span class=\"citation-90 citation-end-90\">\u00c9 uma excelente fonte de prote\u00edna vegetal, o que a torna uma escolha fant\u00e1stica para vegetarianos, veganos e qualquer pessoa que procure incorporar op\u00e7\u00f5es mais saud\u00e1veis e sem carne na sua dieta.<\/span> <span class=\"citation-89 citation-end-89\">Al\u00e9m disso, \u00e9 rico em fibras alimentares, que ajudam na digest\u00e3o e contribuem para uma sensa\u00e7\u00e3o de saciedade, apoiando a gest\u00e3o saud\u00e1vel do peso.<\/span><span class=\"citation-88 citation-end-88\">O dall mung tamb\u00e9m fornece vitaminas e minerais essenciais, incluindo vitaminas B, ferro e magn\u00e9sio, contribuindo para a energia e o bem-estar geral.<\/span><\/p>\n<p><span class=\"citation-87 citation-end-87\">Nas cozinhas indiana e paquistanesa, o mung dall \u00e9 incrivelmente vers\u00e1til.<\/span><span class=\"citation-86\">\u00c9 a estrela de in\u00fameros filmes reconfortantes <\/span><i><span class=\"citation-86\">dals<\/span><\/i><span class=\"citation-86\"> (sopas ou guisados de lentilhas), muitas vezes preparados simplesmente com um <\/span><i><span class=\"citation-86\">tadka<\/span><\/i><span class=\"citation-86 citation-end-86\"> (tempero) de especiarias, alho e gengibre.<\/span><span class=\"citation-85\">\u00c9 tamb\u00e9m um ingrediente chave no <\/span><i><span class=\"citation-85\">khichdi<\/span><\/i><span class=\"citation-85 citation-end-85\">A papa de arroz e de lentilhas, saud\u00e1vel e de f\u00e1cil digest\u00e3o, \u00e9 frequentemente servida quando se necessita de uma refei\u00e7\u00e3o ligeira.<\/span>\u00a0Para al\u00e9m destes cl\u00e1ssicos, o mung dall pode ser utilizado para fazer panquecas salgadas (<i>cheela<\/i>), adicionados a salteados de legumes, ou mesmo germinados para saladas, oferecendo uma textura refrescante e estaladi\u00e7a.<\/p>\n<p>Para os nossos clientes em Espanha, o Regal Mung Dall 375g da Sultan Spices and Supermarket oferece um sabor de autenticidade e uma riqueza de benef\u00edcios para a sa\u00fade. A sua facilidade de prepara\u00e7\u00e3o e adaptabilidade fazem dele um alimento b\u00e1sico para quem procura desfrutar de refei\u00e7\u00f5es \u00e9tnicas nutritivas e saborosas sem grande esfor\u00e7o. Abrace a bondade saud\u00e1vel do mung dall e deixe-o enriquecer o seu repert\u00f3rio culin\u00e1rio, trazendo os sabores reconfortantes de casa para a sua mesa em M\u00e1laga e n\u00e3o s\u00f3.<\/p>\n<\/div>","protected":false},"excerpt":{"rendered":"<p>REGAL MUNG DALL 375G: The Wholesome Heart of Your Indian &amp; Pakistani Kitchen in Spain At Sultan Spices and Supermarket, we bring the authentic staples of South Asian cuisine directly to your home in Spain. We are pleased to offer Regal Mung Dall 375g, a high-quality split green gram lentil that is a cornerstone of&#8230;<\/p>","protected":false},"featured_media":5332,"comment_status":"open","ping_status":"closed","template":"","meta":{"_kad_blocks_custom_css":"","_kad_blocks_head_custom_js":"","_kad_blocks_body_custom_js":"","_kad_blocks_footer_custom_js":"","_kadence_starter_templates_imported_post":false,"_kad_post_transparent":"default","_kad_post_title":"","_kad_post_layout":"default","_kad_post_sidebar_id":"","_kad_post_content_style":"default","_kad_post_vertical_padding":"default","_kad_post_feature":"","_kad_post_feature_position":"","_kad_post_header":false,"_kad_post_footer":false,"_kad_post_classname":""},"product_brand":[],"product_cat":[56,47],"product_tag":[],"class_list":{"0":"post-5311","1":"product","2":"type-product","3":"status-publish","4":"has-post-thumbnail","6":"product_cat-indian-snacks","7":"product_cat-lentils","9":"first","10":"outofstock","11":"shipping-taxable","12":"purchasable","13":"product-type-simple","14":"entry","15":"content-bg","16":"loop-entry"},"taxonomy_info":{"product_cat":[{"value":56,"label":"Snacks"},{"value":47,"label":"Lentils"}]},"featured_image_src_large":["https:\/\/sultanspices.es\/wp-content\/uploads\/2025\/07\/ProductsPIX-73-1024x1024.png",1024,1024,true],"author_info":[],"comment_info":0,"jetpack_sharing_enabled":true,"_links":{"self":[{"href":"https:\/\/sultanspices.es\/pt\/wp-json\/wp\/v2\/product\/5311","targetHints":{"allow":["GET"]}}],"collection":[{"href":"https:\/\/sultanspices.es\/pt\/wp-json\/wp\/v2\/product"}],"about":[{"href":"https:\/\/sultanspices.es\/pt\/wp-json\/wp\/v2\/types\/product"}],"replies":[{"embeddable":true,"href":"https:\/\/sultanspices.es\/pt\/wp-json\/wp\/v2\/comments?post=5311"}],"wp:featuredmedia":[{"embeddable":true,"href":"https:\/\/sultanspices.es\/pt\/wp-json\/wp\/v2\/media\/5332"}],"wp:attachment":[{"href":"https:\/\/sultanspices.es\/pt\/wp-json\/wp\/v2\/media?parent=5311"}],"wp:term":[{"taxonomy":"product_brand","embeddable":true,"href":"https:\/\/sultanspices.es\/pt\/wp-json\/wp\/v2\/product_brand?post=5311"},{"taxonomy":"product_cat","embeddable":true,"href":"https:\/\/sultanspices.es\/pt\/wp-json\/wp\/v2\/product_cat?post=5311"},{"taxonomy":"product_tag","embeddable":true,"href":"https:\/\/sultanspices.es\/pt\/wp-json\/wp\/v2\/product_tag?post=5311"}],"curies":[{"name":"wp","href":"https:\/\/api.w.org\/{rel}","templated":true}]}}