{"id":5310,"date":"2025-07-17T20:00:30","date_gmt":"2025-07-17T18:00:30","guid":{"rendered":"https:\/\/sultanspices.es\/product\/regal-chana-dall-300g\/"},"modified":"2026-04-24T11:22:54","modified_gmt":"2026-04-24T09:22:54","slug":"regal-chana-dall-300g","status":"publish","type":"product","link":"https:\/\/sultanspices.es\/pt\/produto\/regal-chana-dall-300g\/","title":{"rendered":"REGAL CHANA DALL 300G"},"content":{"rendered":"<div id=\"model-response-message-contentr_d493b94122047299\" class=\"markdown markdown-main-panel enable-updated-hr-color\" dir=\"ltr\">\n<h2>REGAL CHANA DALL 375G: A lentilha saud\u00e1vel e nutritiva para sabores aut\u00eanticos em Espanha<\/h2>\n<p>No Sultan Spices and Supermarket em M\u00e1laga, dedicamo-nos a fornecer os ingredientes essenciais que trazem os sabores aut\u00eanticos da \u00cdndia e do Paquist\u00e3o para a sua cozinha. Temos o prazer de oferecer <b>Regal Chana Dall 375g<\/b>O gr\u00e3o de bengala de alta qualidade (lentilha de gr\u00e3o-de-bico) constitui a espinha dorsal de in\u00fameros pratos apreciados. Conhecida pelo seu distinto sabor a nozes, textura firme e incr\u00edvel versatilidade, esta embalagem de 375 g \u00e9 um alimento b\u00e1sico indispens\u00e1vel para qualquer pessoa ansiosa por explorar o mundo rico e diversificado da cozinha do Sul da \u00c1sia.<\/p>\n<p>A Regal Chana Dall \u00e9 cuidadosamente processada para garantir uma qualidade superior, fornecendo lentilhas que cozinham lindamente, mantendo a sua forma enquanto se tornam tenras e saborosas. <span class=\"citation-225\">O Chana dall \u00e9 confeccionado por corte e esfola <\/span><i><span class=\"citation-225\">kala chana<\/span><\/i><span class=\"citation-225 citation-end-225\"> (gr\u00e3o-de-bico preto), dando origem \u00e0s lentilhas mais pequenas, amarelas e partidas que s\u00e3o muito utilizadas.<\/span><span class=\"citation-224 citation-end-224\">Esta variedade particular de lentilha \u00e9 apreciada pela sua capacidade de absorver especiarias e criar refei\u00e7\u00f5es saud\u00e1veis e satisfat\u00f3rias, tornando-a um ingrediente fundamental numa vasta gama de receitas tradicionais.<\/span><\/p>\n<p><span class=\"citation-223 citation-end-223\">Do ponto de vista nutricional, Regal Chana Dall \u00e9 um superalimento not\u00e1vel.<\/span><span class=\"citation-222 citation-end-222\">\u00c9 uma excelente fonte de prote\u00edna vegetal, crucial para o desenvolvimento e repara\u00e7\u00e3o muscular, tornando-o um ingrediente vital para vegetarianos, veganos e para aqueles que procuram reduzir o seu consumo de carne.<\/span><span class=\"citation-221 citation-end-221\">Al\u00e9m disso, est\u00e1 repleto de fibras alimentares, que promovem uma digest\u00e3o saud\u00e1vel, ajudam a regular os n\u00edveis de a\u00e7\u00facar no sangue e contribuem para uma sensa\u00e7\u00e3o de saciedade, ajudando a controlar o peso.<\/span> <span class=\"citation-220 citation-end-220\">O Chana dall tamb\u00e9m fornece minerais importantes como o ferro, o zinco, o magn\u00e9sio e as vitaminas B, contribuindo para a energia e o bem-estar geral.<\/span><\/p>\n<p><span class=\"citation-219 citation-end-219\">Na cozinha indiana e paquistanesa, o chana dall \u00e9 incrivelmente vers\u00e1til.<\/span> <span class=\"citation-218\">\u00c9 a estrela do robusto <\/span><i><span class=\"citation-218\">dals<\/span><\/i><span class=\"citation-218\"> (ensopados de lentilhas) que s\u00e3o saud\u00e1veis e reconfortantes, muitas vezes servidos com arroz ou <\/span><i><span class=\"citation-218\">roti<\/span><\/i><span class=\"citation-218 citation-end-218\">.<\/span> <span class=\"citation-217\">\u00c9 tamb\u00e9m frequentemente utilizado em prepara\u00e7\u00f5es secas como <\/span><i><span class=\"citation-217\">fritada de chana dal<\/span><\/i><span class=\"citation-217\"> ou incorporados em v\u00e1rios aperitivos salgados, como <\/span><i><span class=\"citation-217\">vadas<\/span><\/i><span class=\"citation-217\"> ou <\/span><i><span class=\"citation-217\">pakoras<\/span><\/i><span class=\"citation-217 citation-end-217\">.<\/span> <span class=\"citation-216 citation-end-216\">A sua textura firme torna-o mesmo adequado para adicionar a caris de legumes para dar mais corpo e prote\u00ednas.<\/span>\u00a0Para os nossos clientes em Espanha, quer esteja a recriar uma receita de fam\u00edlia apreciada ou a experimentar novos sabores, Regal Chana Dall fornece a base aut\u00eantica de que necessita. <i>tadka de chana dal<\/i>, um saud\u00e1vel <i>khichdi<\/i>Se est\u00e1 a tentar fazer uma refei\u00e7\u00e3o ou a experimentar novos pratos salgados, Regal Chana Dall 375g da Sultan Spices and Supermarket \u00e9 o seu ingrediente de elei\u00e7\u00e3o. O seu sabor robusto, os seus benef\u00edcios nutricionais e a sua adaptabilidade fazem dela um ingrediente indispens\u00e1vel em qualquer cozinha espanhola que aprecie sabores globais. Visite-nos para adicionar esta lentilha essencial \u00e0 sua despensa e trazer os sabores reconfortantes e aut\u00eanticos do sul da \u00c1sia para a sua mesa.<\/p>\n<\/div>","protected":false},"excerpt":{"rendered":"<p>REGAL CHANA DALL 375G: The Hearty and Nutritious Lentil for Authentic Flavors in Spain At Sultan Spices and Supermarket in M\u00e1laga, we are dedicated to providing the essential ingredients that bring the authentic tastes of India and Pakistan to your kitchen. We are pleased to offer Regal Chana Dall 375g, a high-quality split Bengal gram&#8230;<\/p>","protected":false},"featured_media":5333,"comment_status":"open","ping_status":"closed","template":"","meta":{"_kad_blocks_custom_css":"","_kad_blocks_head_custom_js":"","_kad_blocks_body_custom_js":"","_kad_blocks_footer_custom_js":"","_kadence_starter_templates_imported_post":false,"_kad_post_transparent":"default","_kad_post_title":"","_kad_post_layout":"default","_kad_post_sidebar_id":"","_kad_post_content_style":"default","_kad_post_vertical_padding":"default","_kad_post_feature":"","_kad_post_feature_position":"","_kad_post_header":false,"_kad_post_footer":false,"_kad_post_classname":""},"product_brand":[],"product_cat":[56,47],"product_tag":[],"class_list":{"0":"post-5310","1":"product","2":"type-product","3":"status-publish","4":"has-post-thumbnail","6":"product_cat-indian-snacks","7":"product_cat-lentils","9":"first","10":"instock","11":"shipping-taxable","12":"purchasable","13":"product-type-simple","14":"entry","15":"content-bg","16":"loop-entry"},"taxonomy_info":{"product_cat":[{"value":56,"label":"Snacks"},{"value":47,"label":"Lentils"}]},"featured_image_src_large":["https:\/\/sultanspices.es\/wp-content\/uploads\/2025\/07\/ProductsPIX-74-1024x1024.png",1024,1024,true],"author_info":[],"comment_info":0,"jetpack_sharing_enabled":true,"_links":{"self":[{"href":"https:\/\/sultanspices.es\/pt\/wp-json\/wp\/v2\/product\/5310","targetHints":{"allow":["GET"]}}],"collection":[{"href":"https:\/\/sultanspices.es\/pt\/wp-json\/wp\/v2\/product"}],"about":[{"href":"https:\/\/sultanspices.es\/pt\/wp-json\/wp\/v2\/types\/product"}],"replies":[{"embeddable":true,"href":"https:\/\/sultanspices.es\/pt\/wp-json\/wp\/v2\/comments?post=5310"}],"wp:featuredmedia":[{"embeddable":true,"href":"https:\/\/sultanspices.es\/pt\/wp-json\/wp\/v2\/media\/5333"}],"wp:attachment":[{"href":"https:\/\/sultanspices.es\/pt\/wp-json\/wp\/v2\/media?parent=5310"}],"wp:term":[{"taxonomy":"product_brand","embeddable":true,"href":"https:\/\/sultanspices.es\/pt\/wp-json\/wp\/v2\/product_brand?post=5310"},{"taxonomy":"product_cat","embeddable":true,"href":"https:\/\/sultanspices.es\/pt\/wp-json\/wp\/v2\/product_cat?post=5310"},{"taxonomy":"product_tag","embeddable":true,"href":"https:\/\/sultanspices.es\/pt\/wp-json\/wp\/v2\/product_tag?post=5310"}],"curies":[{"name":"wp","href":"https:\/\/api.w.org\/{rel}","templated":true}]}}