{"id":5305,"date":"2025-07-17T20:00:24","date_gmt":"2025-07-17T18:00:24","guid":{"rendered":"https:\/\/sultanspices.es\/product\/mdh-kasoori-methi-1kg\/"},"modified":"2026-03-04T12:21:06","modified_gmt":"2026-03-04T11:21:06","slug":"mdh-kasoori-methi-1kg","status":"publish","type":"product","link":"https:\/\/sultanspices.es\/pt\/produto\/mdh-kasoori-methi-1kg\/","title":{"rendered":"MDH KASOORI METHI 1KG"},"content":{"rendered":"<div id=\"model-response-message-contentr_2b093c1b7b44fbfc\" class=\"markdown markdown-main-panel enable-updated-hr-color\" dir=\"ltr\">\n<h2>MDH KASOORI METHI 1KG: O segredo arom\u00e1tico da aut\u00eantica cozinha indiana e paquistanesa em Espanha<\/h2>\n<p>No Sultan Spices and Supermarket, compreendemos que os sabores aut\u00eanticos s\u00e3o a chave para desfrutar verdadeiramente das ricas tradi\u00e7\u00f5es culin\u00e1rias da \u00cdndia e do Paquist\u00e3o. \u00c9 por isso que nos orgulhamos de oferecer <b>MDH Kasoori Methi 1KG<\/b>O Kasoori Methi \u00e9 um pacote generoso de folhas secas de feno-grego que \u00e9 uma erva indispens\u00e1vel em in\u00fameros pratos tradicionais. Conhecido pelo seu perfil terroso, ligeiramente amargo, mas incrivelmente arom\u00e1tico, o Kasoori Methi acrescenta uma camada de profundidade e complexidade que \u00e9 simplesmente insubstitu\u00edvel, tornando-o indispens\u00e1vel para qualquer cozinheiro dom\u00e9stico s\u00e9rio em Espanha.<\/p>\n<p>A MDH \u00e9 uma marca sin\u00f3nimo de qualidade e autenticidade no mundo das especiarias indianas, e o seu Kasoori Methi faz jus a esta reputa\u00e7\u00e3o. Estas folhas de feno-grego s\u00e3o cuidadosamente secas e processadas para preservar o seu potente aroma e sabor, assegurando que cada pitada que adiciona aos seus cozinhados proporciona uma explos\u00e3o de sabor aut\u00eantico. Esta embalagem a granel de 1 kg \u00e9 ideal para quem cozinha regularmente refei\u00e7\u00f5es indianas ou paquistanesas, oferecendo um excelente valor e garantindo que ter\u00e1 sempre \u00e0 m\u00e3o esta erva essencial para elevar os seus pratos.<\/p>\n<p>A magia do Kasoori Methi reside na sua capacidade \u00fanica de real\u00e7ar e equilibrar os sabores, particularmente em molhos ricos e prepara\u00e7\u00f5es de legumes saud\u00e1veis. \u00c9 frequentemente utilizada como erva de acabamento, esmagada entre as palmas das m\u00e3os imediatamente antes de ser adicionada a um prato, para libertar todo o seu potencial arom\u00e1tico. As suas notas ligeiramente amargas proporcionam um contraste maravilhoso com ingredientes doces e salgados, evitando que os pratos se tornem unidimensionais e criando, em vez disso, uma experi\u00eancia de paladar completa e sofisticada.<\/p>\n<p>Nas cozinhas indiana e paquistanesa, o Kasoori Methi \u00e9 um ingrediente vers\u00e1til com uma vasta gama de aplica\u00e7\u00f5es. \u00c9 famoso por ser utilizado em caris do Norte da \u00cdndia, como o Butter Chicken, o Paneer Butter Masala e v\u00e1rios vegetais <i>sabzis<\/i> (pratos de legumes secos). Tamb\u00e9m confere um aroma carater\u00edstico a <i>dals<\/i> (pratos de lentilhas), <i>biryanis<\/i>e \u00e9 at\u00e9 amassado para fazer p\u00e3es saborosos como <i>naan<\/i> e <i>paratha<\/i>. Para aqueles que em Espanha procuram recriar os verdadeiros sabores do Sul da \u00c1sia, ou simplesmente dar um toque ex\u00f3tico \u00e0 sua cozinha di\u00e1ria, MDH Kasoori Methi \u00e9 um ingrediente secreto essencial.<\/p>\n<p>Quer esteja a preparar um banquete festivo ou uma simples refei\u00e7\u00e3o durante a semana, a MDH Kasoori Methi 1KG do Sultan Spices and Supermarket elevar\u00e1 as suas cria\u00e7\u00f5es culin\u00e1rias a um novo n\u00edvel. Abrace esta erva arom\u00e1tica e descubra a profundidade de sabor que ela traz aos seus pratos indianos e paquistaneses, aqui mesmo em M\u00e1laga e em toda a Espanha. Adicione este ingrediente essencial \u00e0 sua despensa e d\u00ea aos seus cozinhados um toque de magia aut\u00eantica.<\/p>\n<\/div>","protected":false},"excerpt":{"rendered":"<p>MDH KASOORI METHI 1KG: The Aromatic Secret to Authentic Indian &amp; Pakistani Cuisine in Spain At Sultan Spices and Supermarket, we understand that authentic flavors are key to truly enjoying the rich culinary traditions of India and Pakistan. That&#8217;s why we&#8217;re proud to offer MDH Kasoori Methi 1KG, a generous pack of dried fenugreek leaves&#8230;<\/p>","protected":false},"featured_media":5334,"comment_status":"open","ping_status":"closed","template":"","meta":{"_kad_blocks_custom_css":"","_kad_blocks_head_custom_js":"","_kad_blocks_body_custom_js":"","_kad_blocks_footer_custom_js":"","_kadence_starter_templates_imported_post":false,"_kad_post_transparent":"default","_kad_post_title":"","_kad_post_layout":"default","_kad_post_sidebar_id":"","_kad_post_content_style":"default","_kad_post_vertical_padding":"default","_kad_post_feature":"","_kad_post_feature_position":"","_kad_post_header":false,"_kad_post_footer":false,"_kad_post_classname":""},"product_brand":[],"product_cat":[50],"product_tag":[],"class_list":{"0":"post-5305","1":"product","2":"type-product","3":"status-publish","4":"has-post-thumbnail","6":"product_cat-spices","8":"first","9":"instock","10":"shipping-taxable","11":"purchasable","12":"product-type-simple","13":"entry","14":"content-bg","15":"loop-entry"},"taxonomy_info":{"product_cat":[{"value":50,"label":"Spices"}]},"featured_image_src_large":["https:\/\/sultanspices.es\/wp-content\/uploads\/2025\/07\/ProductsPIX-75-1024x1024.png",1024,1024,true],"author_info":[],"comment_info":0,"jetpack_sharing_enabled":true,"_links":{"self":[{"href":"https:\/\/sultanspices.es\/pt\/wp-json\/wp\/v2\/product\/5305","targetHints":{"allow":["GET"]}}],"collection":[{"href":"https:\/\/sultanspices.es\/pt\/wp-json\/wp\/v2\/product"}],"about":[{"href":"https:\/\/sultanspices.es\/pt\/wp-json\/wp\/v2\/types\/product"}],"replies":[{"embeddable":true,"href":"https:\/\/sultanspices.es\/pt\/wp-json\/wp\/v2\/comments?post=5305"}],"wp:featuredmedia":[{"embeddable":true,"href":"https:\/\/sultanspices.es\/pt\/wp-json\/wp\/v2\/media\/5334"}],"wp:attachment":[{"href":"https:\/\/sultanspices.es\/pt\/wp-json\/wp\/v2\/media?parent=5305"}],"wp:term":[{"taxonomy":"product_brand","embeddable":true,"href":"https:\/\/sultanspices.es\/pt\/wp-json\/wp\/v2\/product_brand?post=5305"},{"taxonomy":"product_cat","embeddable":true,"href":"https:\/\/sultanspices.es\/pt\/wp-json\/wp\/v2\/product_cat?post=5305"},{"taxonomy":"product_tag","embeddable":true,"href":"https:\/\/sultanspices.es\/pt\/wp-json\/wp\/v2\/product_tag?post=5305"}],"curies":[{"name":"wp","href":"https:\/\/api.w.org\/{rel}","templated":true}]}}