{"id":5300,"date":"2025-07-17T20:00:20","date_gmt":"2025-07-17T18:00:20","guid":{"rendered":"https:\/\/sultanspices.es\/product\/kalonji-oil-100ml\/"},"modified":"2026-04-27T10:45:50","modified_gmt":"2026-04-27T08:45:50","slug":"kalonji-oil-100ml","status":"publish","type":"product","link":"https:\/\/sultanspices.es\/pt\/produto\/kalonji-oil-100ml\/","title":{"rendered":"KALONJI(NIGELLA SEEDS) OIL 100ML"},"content":{"rendered":"<div id=\"model-response-message-contentr_f2e2c708151c348c\" class=\"markdown markdown-main-panel enable-updated-hr-color\" dir=\"ltr\">\n<h2>\u00d3LEO DE KALONJI 100ML: A \"cura milagrosa\" para o bem-estar hol\u00edstico em Espanha<\/h2>\n<p>No Sultan Spices and Supermarket, temos o prazer de lhe apresentar um tesouro verdadeiramente antigo, conhecido pelas suas propriedades not\u00e1veis: <b>\u00d3leo de Kalonji 100ML<\/b>. <span class=\"citation-249 citation-end-249\">Tamb\u00e9m conhecido como \u00f3leo de sementes negras ou \u00f3leo de Nigella Sativa, este potente elixir \u00e9 venerado h\u00e1 s\u00e9culos em sistemas de medicina tradicional como Ayurveda e Unani, e \u00e9 considerado uma \"cura milagrosa\" em muitas culturas.<\/span>Este frasco de 100 ml oferece uma forma conveniente de integrar este poderoso \u00f3leo na sua rotina di\u00e1ria de bem-estar aqui em Espanha.<\/p>\n<p><span class=\"citation-248\">O \u00f3leo de Kalonji \u00e9 extra\u00eddo das pequenas sementes pretas da <\/span><i><span class=\"citation-248\">Nigella sativa<\/span><\/i><span class=\"citation-248 citation-end-248\"> planta.<\/span> <span class=\"citation-247 citation-end-247\">A chave para a sua vasta gama de benef\u00edcios reside na sua rica composi\u00e7\u00e3o, em particular um poderoso composto chamado timoquinona, juntamente com \u00e1cidos gordos essenciais (incluindo \u00f3mega 3 e \u00f3mega 6), vitaminas (B1, B2, B3, C, E) e uma riqueza de minerais como c\u00e1lcio, ferro, zinco e magn\u00e9sio.<\/span><span class=\"citation-246 citation-end-246\">Esta mistura concentrada de nutrientes torna-a uma verdadeira pot\u00eancia para apoiar v\u00e1rios aspectos da sa\u00fade e da beleza, tanto a n\u00edvel interno como externo.<\/span><\/p>\n<p><span class=\"citation-245 citation-end-245\">As aplica\u00e7\u00f5es do \u00f3leo de Kalonji s\u00e3o incrivelmente diversas.<\/span><span class=\"citation-244 citation-end-244\">Tradicionalmente, tem sido consumido pela sua suposta capacidade de aumentar a imunidade, apoiar a sa\u00fade respirat\u00f3ria, ajudar na digest\u00e3o e at\u00e9 ajudar a gerir condi\u00e7\u00f5es como n\u00edveis elevados de a\u00e7\u00facar no sangue e de colesterol.<\/span> <span class=\"citation-243 citation-end-243\">Muitos incorporam uma pequena quantidade (frequentemente uma colher de ch\u00e1) no seu regime di\u00e1rio, por vezes misturada com mel ou \u00e1gua morna, pelos seus benef\u00edcios sist\u00e9micos.<\/span><span class=\"citation-242 citation-end-242\">As suas propriedades anti-inflamat\u00f3rias e antioxidantes s\u00e3o particularmente apreciadas para promover o bem-estar geral e a prote\u00e7\u00e3o celular.<\/span><\/p>\n<p><span class=\"citation-241 citation-end-241\">Para al\u00e9m do consumo interno, o \u00d3leo de Kalonji \u00e9 um ingrediente apreciado nas rotinas de beleza natural.<\/span><span class=\"citation-240 citation-end-240\">Para o cabelo, \u00e9 muito apreciado por fortalecer os fol\u00edculos, favorecer o crescimento do cabelo, reduzir a queda do cabelo, combater a caspa e at\u00e9 retardar o envelhecimento prematuro.<\/span><span class=\"citation-239 citation-end-239\">Quando aplicado topicamente na pele, as suas qualidades antimicrobianas e anti-inflamat\u00f3rias podem ajudar a acalmar irrita\u00e7\u00f5es, a controlar doen\u00e7as como o eczema e o acne, e a contribuir para uma tez mais saud\u00e1vel e radiante.<\/span>\u00a0<span class=\"citation-238 citation-end-238\">As suas propriedades hidratantes tornam-no tamb\u00e9m excelente para hidratar a pele seca ou sens\u00edvel.<\/span><\/p>\n<p>Quer esteja \u00e0 procura de um suplemento natural para apoiar a sua sa\u00fade geral, um elixir potente para o cuidado do cabelo e da pele, ou simplesmente deseje explorar rem\u00e9dios antigos, o \u00d3leo de Kalonji 100ML da Sultan Spices and Supermarket \u00e9 uma escolha excecional. Abrace a sabedoria de s\u00e9culos passados e descubra o poder transformador deste \"\u00f3leo milagroso\" na sua jornada para o bem-estar hol\u00edstico, dispon\u00edvel agora em M\u00e1laga e para entrega em toda a Espanha.<\/p>\n<\/div>","protected":false},"excerpt":{"rendered":"<p>KALONJI OIL 100ML: The &#8220;Miracle Cure&#8221; for Holistic Wellness in Spain At Sultan Spices and Supermarket, we are delighted to bring you a truly ancient treasure renowned for its remarkable properties: Kalonji Oil 100ML. Also widely known as Black Seed Oil or Nigella Sativa oil, this potent elixir has been revered for centuries in traditional&#8230;<\/p>","protected":false},"featured_media":5335,"comment_status":"open","ping_status":"closed","template":"","meta":{"_kad_blocks_custom_css":"","_kad_blocks_head_custom_js":"","_kad_blocks_body_custom_js":"","_kad_blocks_footer_custom_js":"","_kadence_starter_templates_imported_post":false,"_kad_post_transparent":"default","_kad_post_title":"","_kad_post_layout":"default","_kad_post_sidebar_id":"","_kad_post_content_style":"default","_kad_post_vertical_padding":"default","_kad_post_feature":"","_kad_post_feature_position":"","_kad_post_header":false,"_kad_post_footer":false,"_kad_post_classname":""},"product_brand":[],"product_cat":[62],"product_tag":[],"class_list":{"0":"post-5300","1":"product","2":"type-product","3":"status-publish","4":"has-post-thumbnail","6":"product_cat-oils","8":"first","9":"instock","10":"shipping-taxable","11":"purchasable","12":"product-type-simple","13":"entry","14":"content-bg","15":"loop-entry"},"taxonomy_info":{"product_cat":[{"value":62,"label":"Oils"}]},"featured_image_src_large":["https:\/\/sultanspices.es\/wp-content\/uploads\/2025\/07\/ProductsPIX-76-1024x1024.png",1024,1024,true],"author_info":[],"comment_info":0,"jetpack_sharing_enabled":true,"_links":{"self":[{"href":"https:\/\/sultanspices.es\/pt\/wp-json\/wp\/v2\/product\/5300","targetHints":{"allow":["GET"]}}],"collection":[{"href":"https:\/\/sultanspices.es\/pt\/wp-json\/wp\/v2\/product"}],"about":[{"href":"https:\/\/sultanspices.es\/pt\/wp-json\/wp\/v2\/types\/product"}],"replies":[{"embeddable":true,"href":"https:\/\/sultanspices.es\/pt\/wp-json\/wp\/v2\/comments?post=5300"}],"wp:featuredmedia":[{"embeddable":true,"href":"https:\/\/sultanspices.es\/pt\/wp-json\/wp\/v2\/media\/5335"}],"wp:attachment":[{"href":"https:\/\/sultanspices.es\/pt\/wp-json\/wp\/v2\/media?parent=5300"}],"wp:term":[{"taxonomy":"product_brand","embeddable":true,"href":"https:\/\/sultanspices.es\/pt\/wp-json\/wp\/v2\/product_brand?post=5300"},{"taxonomy":"product_cat","embeddable":true,"href":"https:\/\/sultanspices.es\/pt\/wp-json\/wp\/v2\/product_cat?post=5300"},{"taxonomy":"product_tag","embeddable":true,"href":"https:\/\/sultanspices.es\/pt\/wp-json\/wp\/v2\/product_tag?post=5300"}],"curies":[{"name":"wp","href":"https:\/\/api.w.org\/{rel}","templated":true}]}}