{"id":5296,"date":"2025-07-17T20:00:17","date_gmt":"2025-07-17T18:00:17","guid":{"rendered":"https:\/\/sultanspices.es\/product\/harina-de-maiz-1kg-pan-amarillo\/"},"modified":"2026-02-23T12:40:47","modified_gmt":"2026-02-23T11:40:47","slug":"harina-de-maiz-1kg-pan-amarillo","status":"publish","type":"product","link":"https:\/\/sultanspices.es\/pt\/produto\/harina-de-maiz-1kg-pan-amarillo\/","title":{"rendered":"FARINHA DE MILHO 1KG PAN AMARILLO"},"content":{"rendered":"<div id=\"model-response-message-contentr_018ddc42a0cf1451\" class=\"markdown markdown-main-panel enable-updated-hr-color\" dir=\"ltr\">\n<h2>HARINA DE MAIZ 1KG P.A.N. AMARILLO: A base dos aut\u00eanticos sabores latinos em Espanha<\/h2>\n<p>No Sultan Spices and Supermarket, estamos entusiasmados por trazer um sabor da Am\u00e9rica Latina para a sua cozinha em Espanha com <b>Harina de Ma\u00edz P.A.N. Amarillo 1KG<\/b>. Esta farinha de milho amarelo pr\u00e9-cozinhada de primeira qualidade \u00e9 um produto absolutamente b\u00e1sico, reconhecido mundialmente pela sua qualidade excecional e versatilidade na cria\u00e7\u00e3o de uma mir\u00edade de pratos tradicionais. Se pretende fazer aut\u00eanticas arepas venezuelanas, empanadas colombianas ou outras del\u00edcias \u00e0 base de milho, este pacote de 1 kg \u00e9 o ingrediente essencial de que necessita.<\/p>\n<p>P.A.N. \u00e9 uma marca mundialmente reconhecida, sin\u00f3nimo de farinha de milho genu\u00edna para a cozinha latino-americana. Esta variedade amarela \u00e9 feita a partir de milho amarelo cuidadosamente selecionado, o que contribui para a cor carater\u00edstica e para o perfil de sabor ligeiramente mais doce e rico dos pratos que cria. A natureza \"pr\u00e9-cozinhada\" desta farinha \u00e9 fundamental; significa que o milho foi cozinhado, seco e mo\u00eddo, reduzindo significativamente o tempo de prepara\u00e7\u00e3o na sua cozinha e tornando-a incrivelmente f\u00e1cil de trabalhar - basta adicionar \u00e1gua, amassar e moldar!<\/p>\n<p>Para al\u00e9m da sua facilidade de utiliza\u00e7\u00e3o, a Harina de Ma\u00edz P.A.N. Amarillo \u00e9 tamb\u00e9m uma excelente escolha nutricional. \u00c9 naturalmente isenta de gl\u00faten, o que a torna uma excelente alternativa para indiv\u00edduos com sensibilidade ao gl\u00faten ou doen\u00e7a cel\u00edaca, e permite a todos desfrutar de deliciosas refei\u00e7\u00f5es \u00e0 base de milho. Al\u00e9m disso, a farinha de milho \u00e9 uma boa fonte de hidratos de carbono complexos, fornecendo energia sustentada, e cont\u00e9m fibra diet\u00e9tica, que ajuda a uma digest\u00e3o saud\u00e1vel. Tamb\u00e9m fornece vitaminas e minerais essenciais, contribuindo para uma dieta equilibrada.<\/p>\n<p>Nas cozinhas latino-americanas, esta farinha de milho amarela \u00e9 a estrela do espet\u00e1culo. A sua principal utiliza\u00e7\u00e3o \u00e9 na confe\u00e7\u00e3o das ic\u00f3nicas arepas - estaladi\u00e7as por fora e maravilhosamente macias por dentro, perfeitas para serem recheadas com qualquer coisa, desde queijo e fiambre a carnes desfiadas ou mesmo vegetais. Tamb\u00e9m \u00e9 indispens\u00e1vel para fazer empanadas salgadas, salgados <i>hallacas<\/i>, doce <i>cachapas<\/i>ou mesmo espessantes para sopas e guisados. Para a nossa clientela diversificada em Espanha, Harina P.A.N. Amarillo abre um mundo de explora\u00e7\u00e3o culin\u00e1ria, permitindo-lhe recriar receitas queridas ou descobrir novas favoritas.<\/p>\n<p>Quer esteja a recriar os sabores reconfortantes de casa ou a embarcar numa deliciosa viagem pela gastronomia latino-americana, a Harina de Ma\u00edz P.A.N. Amarillo 1KG da Sultan Spices and Supermarket \u00e9 absolutamente indispens\u00e1vel. A sua qualidade superior, conveni\u00eancia e versatilidade fazem dela a base perfeita para in\u00fameros pratos aut\u00eanticos e deliciosos. Pegue no seu pacote hoje em M\u00e1laga e comece a criar obras-primas culin\u00e1rias que ir\u00e3o deliciar a fam\u00edlia e os amigos!<\/p>\n<\/div>","protected":false},"excerpt":{"rendered":"<p>HARINA DE MAIZ 1KG P.A.N. AMARILLO: The Foundation for Authentic Latin Flavors in Spain At Sultan Spices and Supermarket, we&#8217;re thrilled to bring a taste of Latin America to your kitchen in Spain with Harina de Ma\u00edz P.A.N. Amarillo 1KG. This premium pre-cooked yellow corn flour is an absolute staple, renowned worldwide for its exceptional&#8230;<\/p>","protected":false},"featured_media":5338,"comment_status":"open","ping_status":"closed","template":"","meta":{"_kad_blocks_custom_css":"","_kad_blocks_head_custom_js":"","_kad_blocks_body_custom_js":"","_kad_blocks_footer_custom_js":"","_kadence_starter_templates_imported_post":false,"_kad_post_transparent":"default","_kad_post_title":"","_kad_post_layout":"default","_kad_post_sidebar_id":"","_kad_post_content_style":"default","_kad_post_vertical_padding":"default","_kad_post_feature":"","_kad_post_feature_position":"","_kad_post_header":false,"_kad_post_footer":false,"_kad_post_classname":""},"product_brand":[],"product_cat":[52],"product_tag":[],"class_list":{"0":"post-5296","1":"product","2":"type-product","3":"status-publish","4":"has-post-thumbnail","6":"product_cat-flour","8":"first","9":"instock","10":"shipping-taxable","11":"purchasable","12":"product-type-simple","13":"entry","14":"content-bg","15":"loop-entry"},"taxonomy_info":{"product_cat":[{"value":52,"label":"Flour"}]},"featured_image_src_large":["https:\/\/sultanspices.es\/wp-content\/uploads\/2025\/07\/ProductsPIX-77-1024x1024.png",1024,1024,true],"author_info":[],"comment_info":0,"jetpack_sharing_enabled":true,"_links":{"self":[{"href":"https:\/\/sultanspices.es\/pt\/wp-json\/wp\/v2\/product\/5296","targetHints":{"allow":["GET"]}}],"collection":[{"href":"https:\/\/sultanspices.es\/pt\/wp-json\/wp\/v2\/product"}],"about":[{"href":"https:\/\/sultanspices.es\/pt\/wp-json\/wp\/v2\/types\/product"}],"replies":[{"embeddable":true,"href":"https:\/\/sultanspices.es\/pt\/wp-json\/wp\/v2\/comments?post=5296"}],"wp:featuredmedia":[{"embeddable":true,"href":"https:\/\/sultanspices.es\/pt\/wp-json\/wp\/v2\/media\/5338"}],"wp:attachment":[{"href":"https:\/\/sultanspices.es\/pt\/wp-json\/wp\/v2\/media?parent=5296"}],"wp:term":[{"taxonomy":"product_brand","embeddable":true,"href":"https:\/\/sultanspices.es\/pt\/wp-json\/wp\/v2\/product_brand?post=5296"},{"taxonomy":"product_cat","embeddable":true,"href":"https:\/\/sultanspices.es\/pt\/wp-json\/wp\/v2\/product_cat?post=5296"},{"taxonomy":"product_tag","embeddable":true,"href":"https:\/\/sultanspices.es\/pt\/wp-json\/wp\/v2\/product_tag?post=5296"}],"curies":[{"name":"wp","href":"https:\/\/api.w.org\/{rel}","templated":true}]}}