{"id":5287,"date":"2025-07-17T20:00:12","date_gmt":"2025-07-17T18:00:12","guid":{"rendered":"https:\/\/sultanspices.es\/product\/chatar-salsa-halal-algerienne-500-ml\/"},"modified":"2026-02-23T12:40:36","modified_gmt":"2026-02-23T11:40:36","slug":"chatar-salsa-halal-algerienne-500-ml","status":"publish","type":"product","link":"https:\/\/sultanspices.es\/pt\/produto\/chatar-salsa-halal-algerienne-500-ml\/","title":{"rendered":"CHATAR SALSA HALAL ALGERIENNE 500 ML"},"content":{"rendered":"<div id=\"model-response-message-contentr_f8ecce110505a4a4\" class=\"markdown markdown-main-panel enable-updated-hr-color\" dir=\"ltr\">\n<h2>CHATAR SALSA HALAL ALG\u00c9RIENNE 500 ML: O toque picante e doce para as suas refei\u00e7\u00f5es em Espanha<\/h2>\n<p>No Sultan Spices and Supermarket, estamos entusiasmados por lhe trazer uma sensa\u00e7\u00e3o de sabor que cativou os amantes de fast-food em toda a Europa e no Norte de \u00c1frica: <b>Chatar Salsa Halal Alg\u00e9rienne 500 ML<\/b>. Este molho popular oferece um perfil de sabor \u00fanico e viciante que equilibra a do\u00e7ura com um agrad\u00e1vel toque picante, tornando-o um condimento incrivelmente vers\u00e1til. Certificado como Halal, \u00e9 o acompanhamento perfeito para uma grande variedade de pratos, desde a comida tradicional do M\u00e9dio Oriente e do Norte de \u00c1frica at\u00e9 \u00e0 cl\u00e1ssica comida r\u00e1pida ocidental.<\/p>\n<p>A Chatar Salsa Alg\u00e9rienne caracteriza-se pela sua cor laranja-amarelada vibrante e uma textura cremosa, incorporando frequentemente cebolas finamente cortadas em cubos, pasta de tomate e uma mistura de especiarias. Embora a receita exacta possa variar, oferece normalmente uma mistura harmoniosa de notas doces, picantes e subtilmente picantes, com toques de cebola e, por vezes, um toque de alho ou um ligeiro tom de mostarda. Este perfil de sabor complexo \u00e9 o que o torna t\u00e3o apelativo, proporcionando uma alternativa fresca e excitante aos ketchups ou \u00e0 maionese habituais.<\/p>\n<p><span class=\"citation-259 citation-end-259\">O molho \"Alg\u00e9rienne\", embora muito popular nas comunidades do Norte de \u00c1frica, particularmente em Fran\u00e7a e na B\u00e9lgica, \u00e9 uma cria\u00e7\u00e3o moderna que ganhou imensa popularidade como condimento em ambientes de fast-food.<\/span>A Chatar garante que o seu produto \u00e9 Halal, tornando-o acess\u00edvel a uma base de consumidores mais ampla aqui em Espanha. A sua mistura \u00fanica de sabores pode elevar uma refei\u00e7\u00e3o simples a uma experi\u00eancia culin\u00e1ria memor\u00e1vel, acrescentando um toque de exotismo sem ser demasiado picante para aqueles que preferem um calor mais suave.<\/p>\n<p>A versatilidade de Chatar Salsa Halal Alg\u00e9rienne \u00e9 verdadeiramente not\u00e1vel. <span class=\"citation-258\">\u00c9 famosa a sua utiliza\u00e7\u00e3o como tempero para <\/span><i><span class=\"citation-258\">chawarmas<\/span><\/i><span class=\"citation-258\">, kebabs, e <\/span><i><span class=\"citation-258\">Tacos franceses<\/span><\/i><span class=\"citation-258 citation-end-258\"> (um tipo de embrulho, n\u00e3o relacionado com os tacos mexicanos).<\/span><span class=\"citation-257\">Para al\u00e9m disso, \u00e9 um excelente mergulho para <\/span><i><span class=\"citation-257\">patatas fritas<\/span><\/i><span class=\"citation-257 citation-end-257\"> (batatas fritas) ou em fatias de batata, uma pasta saborosa para sandu\u00edches e hamb\u00fargueres, ou um acompanhamento picante para carnes grelhadas e churrascos.<sup class=\"superscript\" data-turn-source-index=\"3\">3<\/sup><\/span><span class=\"citation-256 citation-end-256\">Pode at\u00e9 ser regado sobre saladas ou misturado em pratos de arroz para adicionar uma dimens\u00e3o cremosa e condimentada, dando um toque excitante \u00e0s refei\u00e7\u00f5es di\u00e1rias.<\/span><\/p>\n<p>Para os nossos clientes em M\u00e1laga e em toda a Espanha que apreciam sabores diversos e produtos Halal convenientes e de alta qualidade, a Chatar Salsa Halal Alg\u00e9rienne 500 ML \u00e9 uma experi\u00eancia obrigat\u00f3ria. Quer esteja a preparar uma refei\u00e7\u00e3o familiar r\u00e1pida e deliciosa ou queira simplesmente elevar os seus lanches, este molho proporciona uma experi\u00eancia aut\u00eantica e deliciosa. Descubra porque \u00e9 que esta sensa\u00e7\u00e3o doce e picante se tornou um produto de elei\u00e7\u00e3o e infunda os seus pratos com o seu sabor \u00fanico e cativante.<\/p>\n<\/div>","protected":false},"excerpt":{"rendered":"<p>CHATAR SALSA HALAL ALG\u00c9RIENNE 500 ML: The Spicy &amp; Sweet Kick for Your Meals in Spain At Sultan Spices and Supermarket, we&#8217;re excited to bring you a taste sensation that has captivated fast-food lovers across Europe and North Africa: Chatar Salsa Halal Alg\u00e9rienne 500 ML. This popular sauce offers a unique and addictive flavor profile&#8230;<\/p>","protected":false},"featured_media":5342,"comment_status":"open","ping_status":"closed","template":"","meta":{"_kad_blocks_custom_css":"","_kad_blocks_head_custom_js":"","_kad_blocks_body_custom_js":"","_kad_blocks_footer_custom_js":"","_kadence_starter_templates_imported_post":false,"_kad_post_transparent":"default","_kad_post_title":"","_kad_post_layout":"default","_kad_post_sidebar_id":"","_kad_post_content_style":"default","_kad_post_vertical_padding":"default","_kad_post_feature":"","_kad_post_feature_position":"","_kad_post_header":false,"_kad_post_footer":false,"_kad_post_classname":""},"product_brand":[],"product_cat":[55],"product_tag":[],"class_list":{"0":"post-5287","1":"product","2":"type-product","3":"status-publish","4":"has-post-thumbnail","6":"product_cat-pastes","8":"first","9":"outofstock","10":"shipping-taxable","11":"purchasable","12":"product-type-simple","13":"entry","14":"content-bg","15":"loop-entry"},"taxonomy_info":{"product_cat":[{"value":55,"label":"Pastes, Pickles &amp; Sauces"}]},"featured_image_src_large":["https:\/\/sultanspices.es\/wp-content\/uploads\/2025\/07\/ProductsPIX-79-1024x1024.png",1024,1024,true],"author_info":[],"comment_info":0,"jetpack_sharing_enabled":true,"_links":{"self":[{"href":"https:\/\/sultanspices.es\/pt\/wp-json\/wp\/v2\/product\/5287","targetHints":{"allow":["GET"]}}],"collection":[{"href":"https:\/\/sultanspices.es\/pt\/wp-json\/wp\/v2\/product"}],"about":[{"href":"https:\/\/sultanspices.es\/pt\/wp-json\/wp\/v2\/types\/product"}],"replies":[{"embeddable":true,"href":"https:\/\/sultanspices.es\/pt\/wp-json\/wp\/v2\/comments?post=5287"}],"wp:featuredmedia":[{"embeddable":true,"href":"https:\/\/sultanspices.es\/pt\/wp-json\/wp\/v2\/media\/5342"}],"wp:attachment":[{"href":"https:\/\/sultanspices.es\/pt\/wp-json\/wp\/v2\/media?parent=5287"}],"wp:term":[{"taxonomy":"product_brand","embeddable":true,"href":"https:\/\/sultanspices.es\/pt\/wp-json\/wp\/v2\/product_brand?post=5287"},{"taxonomy":"product_cat","embeddable":true,"href":"https:\/\/sultanspices.es\/pt\/wp-json\/wp\/v2\/product_cat?post=5287"},{"taxonomy":"product_tag","embeddable":true,"href":"https:\/\/sultanspices.es\/pt\/wp-json\/wp\/v2\/product_tag?post=5287"}],"curies":[{"name":"wp","href":"https:\/\/api.w.org\/{rel}","templated":true}]}}