{"id":5283,"date":"2025-07-17T20:00:09","date_gmt":"2025-07-17T18:00:09","guid":{"rendered":"https:\/\/sultanspices.es\/product\/ali-baba-nutmeg-jaifal-100g\/"},"modified":"2026-03-08T18:08:23","modified_gmt":"2026-03-08T17:08:23","slug":"ali-baba-nutmeg-jaifal-100g","status":"publish","type":"product","link":"https:\/\/sultanspices.es\/pt\/produto\/ali-baba-noz-moscada-jaifal-100g\/","title":{"rendered":"ALI BABA NOZ-MOSCADA (JAIFAL) 100G"},"content":{"rendered":"<div id=\"model-response-message-contentr_a1b36f150b2ac99a\" class=\"markdown markdown-main-panel enable-updated-hr-color\" dir=\"ltr\">\n<h2>ALI BABA NUTMEG (JAIFAL) 100G: A joia quente e arom\u00e1tica para a sua despensa espanhola<\/h2>\n<p>No Sultan Spices and Supermarket, acreditamos em oferecer especiarias da mais alta qualidade para enriquecer as suas experi\u00eancias culin\u00e1rias em Espanha. Temos o prazer de apresentar <b>Noz-moscada de Ali Baba (Jaifal) 100G<\/b>A especiaria \u00e9 conhecida pela sua fragr\u00e2ncia pungente e pelo seu sabor quente, ligeiramente doce e amadeirado. <span class=\"citation-295 citation-end-295\">Esta joia vers\u00e1til \u00e9 um elemento b\u00e1sico em diversas cozinhas de todo o mundo, particularmente na cozinha indiana e paquistanesa, e a sua presen\u00e7a na sua cozinha ir\u00e1 desbloquear uma nova dimens\u00e3o de profundidade arom\u00e1tica em pratos doces e salgados.<\/span><\/p>\n<p>Ali Baba garante que a sua noz-moscada (Jaifal) \u00e9 de qualidade superior, obtida para proporcionar um sabor e aroma potentes. Embora dispon\u00edvel em p\u00f3, a embalagem de 100 g de noz-moscada inteira permite-lhe ral\u00e1-la fresca, o que \u00e9 considerado a melhor forma de libertar todos os seus \u00f3leos arom\u00e1ticos e obter o sabor mais intenso. <span class=\"citation-294 citation-end-294\">Esta pr\u00e1tica garante que cada prato que prepara recebe a ess\u00eancia ideal desta especiaria not\u00e1vel, melhorando o seu perfil geral.<\/span><\/p>\n<p><span class=\"citation-293 citation-end-293\">Para al\u00e9m do seu incr\u00edvel apelo culin\u00e1rio, a noz-moscada tamb\u00e9m ocupa um lugar nas pr\u00e1ticas tradicionais de bem-estar.<\/span> <span class=\"citation-292 citation-end-292\">\u00c9 conhecido por conter compostos que possuem propriedades antioxidantes e anti-inflamat\u00f3rias.<sup class=\"superscript\" data-turn-source-index=\"4\">4<\/sup><\/span> <span class=\"citation-291 citation-end-291\">Historicamente, tem sido utilizado para apoiar a digest\u00e3o, promover o relaxamento e at\u00e9 ajudar a dormir melhor quando consumido com modera\u00e7\u00e3o.<sup class=\"superscript\" data-turn-source-index=\"5\">5<\/sup><\/span> Embora seja principalmente celebrada pelo seu sabor, a incorpora\u00e7\u00e3o desta especiaria nos seus cozinhados pode tamb\u00e9m trazer um toque dos seus tradicionais benef\u00edcios para a sa\u00fade.<\/p>\n<p>Na cozinha indiana e paquistanesa, o Jaifal (noz-moscada) \u00e9 uma especiaria muito apreciada, utilizada com delicadeza devido ao seu sabor forte. <span class=\"citation-290\">\u00c9 um ingrediente-chave em muitas misturas de especiarias arom\u00e1ticas como <\/span><i><span class=\"citation-290\">Garam Masala<\/span><\/i><span class=\"citation-290\">, acrescentando calor e profundidade aos caris ricos, <\/span><i><span class=\"citation-290\">biryanis<\/span><\/i><span class=\"citation-290 citation-end-290\">e molhos cremosos.<\/span> <span class=\"citation-289\">Tamb\u00e9m aparece de forma proeminente em doces e sobremesas, tais como <\/span><i><span class=\"citation-289\">kheer<\/span><\/i><span class=\"citation-289\"> (arroz doce), <\/span><i><span class=\"citation-289\">halwa<\/span><\/i><span class=\"citation-289 citation-end-289\">e v\u00e1rios produtos de pastelaria, proporcionando uma nota reconfortante e \u00fanica<\/span>\u00a0<span class=\"citation-288 citation-end-288\">A sua versatilidade estende-se a pratos salgados de legumes, particularmente aqueles com ra\u00edzes ou verduras, e at\u00e9 mesmo em prepara\u00e7\u00f5es de ovos.<\/span>Quer seja um chefe experiente que procura aperfei\u00e7oar as suas receitas indianas e paquistanesas, ou um cozinheiro dom\u00e9stico aventureiro em Espanha ansioso por explorar novos perfis de sabores, a Noz-moscada Ali Baba (Jaifal) 100G \u00e9 uma adi\u00e7\u00e3o indispens\u00e1vel \u00e0 sua cole\u00e7\u00e3o de especiarias. O seu aroma poderoso e sabor rico transformar\u00e3o os seus pratos, proporcionando aquele toque aut\u00eantico e quente que s\u00f3 a noz-moscada acabada de ralar pode oferecer. Eleve a sua cozinha e delicie os seus sentidos com esta joia arom\u00e1tica do Sultan Spices and Supermarket em M\u00e1laga.<\/p>\n<\/div>","protected":false},"excerpt":{"rendered":"<p>ALI BABA NUTMEG (JAIFAL) 100G: The Warm &amp; Aromatic Gem for Your Spanish Pantry At Sultan Spices and Supermarket, we believe in offering the highest quality spices to enrich your culinary experiences in Spain. We are delighted to present Ali Baba Nutmeg (Jaifal) 100G, a cherished spice renowned for its distinctive pungent fragrance and warm,&#8230;<\/p>","protected":false},"featured_media":5348,"comment_status":"open","ping_status":"closed","template":"","meta":{"_kad_blocks_custom_css":"","_kad_blocks_head_custom_js":"","_kad_blocks_body_custom_js":"","_kad_blocks_footer_custom_js":"","_kadence_starter_templates_imported_post":false,"_kad_post_transparent":"default","_kad_post_title":"","_kad_post_layout":"default","_kad_post_sidebar_id":"","_kad_post_content_style":"default","_kad_post_vertical_padding":"default","_kad_post_feature":"","_kad_post_feature_position":"","_kad_post_header":false,"_kad_post_footer":false,"_kad_post_classname":""},"product_brand":[],"product_cat":[50],"product_tag":[],"class_list":{"0":"post-5283","1":"product","2":"type-product","3":"status-publish","4":"has-post-thumbnail","6":"product_cat-spices","8":"first","9":"instock","10":"sale","11":"shipping-taxable","12":"purchasable","13":"product-type-simple","14":"entry","15":"content-bg","16":"loop-entry"},"taxonomy_info":{"product_cat":[{"value":50,"label":"Spices"}]},"featured_image_src_large":["https:\/\/sultanspices.es\/wp-content\/uploads\/2025\/07\/ProductsPIX-81-1024x1024.png",1024,1024,true],"author_info":[],"comment_info":0,"jetpack_sharing_enabled":true,"_links":{"self":[{"href":"https:\/\/sultanspices.es\/pt\/wp-json\/wp\/v2\/product\/5283","targetHints":{"allow":["GET"]}}],"collection":[{"href":"https:\/\/sultanspices.es\/pt\/wp-json\/wp\/v2\/product"}],"about":[{"href":"https:\/\/sultanspices.es\/pt\/wp-json\/wp\/v2\/types\/product"}],"replies":[{"embeddable":true,"href":"https:\/\/sultanspices.es\/pt\/wp-json\/wp\/v2\/comments?post=5283"}],"wp:featuredmedia":[{"embeddable":true,"href":"https:\/\/sultanspices.es\/pt\/wp-json\/wp\/v2\/media\/5348"}],"wp:attachment":[{"href":"https:\/\/sultanspices.es\/pt\/wp-json\/wp\/v2\/media?parent=5283"}],"wp:term":[{"taxonomy":"product_brand","embeddable":true,"href":"https:\/\/sultanspices.es\/pt\/wp-json\/wp\/v2\/product_brand?post=5283"},{"taxonomy":"product_cat","embeddable":true,"href":"https:\/\/sultanspices.es\/pt\/wp-json\/wp\/v2\/product_cat?post=5283"},{"taxonomy":"product_tag","embeddable":true,"href":"https:\/\/sultanspices.es\/pt\/wp-json\/wp\/v2\/product_tag?post=5283"}],"curies":[{"name":"wp","href":"https:\/\/api.w.org\/{rel}","templated":true}]}}