{"id":5282,"date":"2025-07-17T20:00:08","date_gmt":"2025-07-17T18:00:08","guid":{"rendered":"https:\/\/sultanspices.es\/product\/ali-baba-madras-curry-hot-pwd-1-kg\/"},"modified":"2026-02-23T12:40:31","modified_gmt":"2026-02-23T11:40:31","slug":"ali-baba-madras-curry-hot-pwd-1-kg","status":"publish","type":"product","link":"https:\/\/sultanspices.es\/pt\/produto\/ali-baba-madras-curry-hot-pwd-1-kg\/","title":{"rendered":"ALI BABA MADRAS CARIL QUENTE PWD 1 KG"},"content":{"rendered":"<div id=\"model-response-message-contentr_43b1cb0e657ad346\" class=\"markdown markdown-main-panel enable-updated-hr-color\" dir=\"ltr\">\n<h2>ALI BABA MADRAS CURRY HOT PWD 1 KG: Incendeie a sua cozinha espanhola com calor aut\u00eantico<\/h2>\n<p>No Sultan Spices and Supermarket, damos-lhe a possibilidade de criar refei\u00e7\u00f5es verdadeiramente vibrantes e excitantes com sabores aut\u00eanticos. Orgulhamo-nos de oferecer <b>P\u00f3 quente para caril Ali Baba Madras 1 KG<\/b>O caril em p\u00f3 \u00e9 uma mistura de especiarias arrojada e arom\u00e1tica que traz o calor revigorante e o sabor complexo da cozinha tradicional do Sul da \u00cdndia diretamente para a sua casa em Espanha. Esta generosa embalagem de 1 kg \u00e9 a melhor escolha para cozinheiros apaixonados que adoram um toque ardente e a profundidade rica que s\u00f3 um caril em p\u00f3 de qualidade pode proporcionar.<\/p>\n<p>O p\u00f3 de caril de Madras \u00e9 uma mistura \u00fanica de especiarias, que se distingue de outras varia\u00e7\u00f5es de caril pelo seu calor carater\u00edstico e, frequentemente, pela sua tonalidade ligeiramente avermelhada. Ali Baba assegura uma mistura de primeira qualidade, normalmente com uma combina\u00e7\u00e3o robusta de malaguetas vermelhas mo\u00eddas, coentros, cominhos, feno-grego, curcuma e, por vezes, outras especiarias como pimenta preta ou gengibre. Esta mistura cuidadosamente equilibrada proporciona uma poderosa dose de sabor que \u00e9 ao mesmo tempo profundamente arom\u00e1tica e satisfatoriamente picante, tornando-a uma pedra angular para a cria\u00e7\u00e3o de pratos verdadeiramente aut\u00eanticos e estimulantes.<\/p>\n<p>A beleza de um p\u00f3 de caril de alta qualidade como o Ali Baba Madras Curry Hot reside na sua capacidade de simplificar perfis de sabor complexos. Em vez de medir e moer especiarias individuais, tem uma mistura perfeitamente equilibrada pronta a usar. O tamanho de 1KG \u00e9 econ\u00f3mico e conveniente para as fam\u00edlias que se deliciam frequentemente com caril ou para restaurantes e empresas de catering. Garante que tem sempre este ingrediente essencial \u00e0 m\u00e3o, pronto a infundir as suas refei\u00e7\u00f5es com o seu calor carater\u00edstico e aroma cativante.<\/p>\n<p>Na cozinha indiana e paquistanesa, o caril em p\u00f3 de Madras \u00e9 utilizado principalmente como uma especiaria fundamental para criar caris ricos e robustos. Combina excecionalmente bem com uma variedade de carnes, como frango, borrego ou vaca, bem como com legumes saud\u00e1veis, lentilhas (<i>dals<\/i>), e pratos de marisco. Para al\u00e9m dos caris tradicionais, pode ser utilizado para dar um toque picante a pratos de arroz como <i>biryani<\/i> ou <i>pulao<\/i>A sua utiliza\u00e7\u00e3o permite-lhe utilizar o tempero para temperar frituras, ou mesmo para criar marinadas saborosas e esfregar ingredientes grelhados. A sua versatilidade permite-lhe experimentar e infundir uma ess\u00eancia picante e arom\u00e1tica em in\u00fameras cria\u00e7\u00f5es culin\u00e1rias.<\/p>\n<p>Para os nossos clientes aventureiros em M\u00e1laga e em toda a Espanha que anseiam por calor aut\u00eantico e sabores complexos, o Ali Baba Madras Curry Hot Powder 1 KG da Sultan Spices and Supermarket \u00e9 uma adi\u00e7\u00e3o indispens\u00e1vel \u00e0 sua cole\u00e7\u00e3o de especiarias. Abrace o esp\u00edrito ardente de Madras e transforme os seus cozinhados di\u00e1rios numa extraordin\u00e1ria viagem culin\u00e1ria, trazendo os sabores vibrantes do Sul da \u00c1sia diretamente para a sua mesa.<\/p>\n<\/div>","protected":false},"excerpt":{"rendered":"<p>ALI BABA MADRAS CURRY HOT PWD 1 KG: Ignite Your Spanish Kitchen with Authentic Heat At Sultan Spices and Supermarket, we empower you to create truly vibrant and exciting meals with authentic flavors. We are proud to offer Ali Baba Madras Curry Hot Powder 1 KG, a bold and aromatic spice blend that brings the&#8230;<\/p>","protected":false},"featured_media":5346,"comment_status":"open","ping_status":"closed","template":"","meta":{"_kad_blocks_custom_css":"","_kad_blocks_head_custom_js":"","_kad_blocks_body_custom_js":"","_kad_blocks_footer_custom_js":"","_kadence_starter_templates_imported_post":false,"_kad_post_transparent":"default","_kad_post_title":"","_kad_post_layout":"default","_kad_post_sidebar_id":"","_kad_post_content_style":"default","_kad_post_vertical_padding":"default","_kad_post_feature":"","_kad_post_feature_position":"","_kad_post_header":false,"_kad_post_footer":false,"_kad_post_classname":""},"product_brand":[],"product_cat":[50],"product_tag":[],"class_list":{"0":"post-5282","1":"product","2":"type-product","3":"status-publish","4":"has-post-thumbnail","6":"product_cat-spices","8":"first","9":"instock","10":"sale","11":"shipping-taxable","12":"purchasable","13":"product-type-simple","14":"entry","15":"content-bg","16":"loop-entry"},"taxonomy_info":{"product_cat":[{"value":50,"label":"Spices"}]},"featured_image_src_large":["https:\/\/sultanspices.es\/wp-content\/uploads\/2025\/07\/ProductsPIX-82-1024x1024.png",1024,1024,true],"author_info":[],"comment_info":0,"jetpack_sharing_enabled":true,"_links":{"self":[{"href":"https:\/\/sultanspices.es\/pt\/wp-json\/wp\/v2\/product\/5282","targetHints":{"allow":["GET"]}}],"collection":[{"href":"https:\/\/sultanspices.es\/pt\/wp-json\/wp\/v2\/product"}],"about":[{"href":"https:\/\/sultanspices.es\/pt\/wp-json\/wp\/v2\/types\/product"}],"replies":[{"embeddable":true,"href":"https:\/\/sultanspices.es\/pt\/wp-json\/wp\/v2\/comments?post=5282"}],"wp:featuredmedia":[{"embeddable":true,"href":"https:\/\/sultanspices.es\/pt\/wp-json\/wp\/v2\/media\/5346"}],"wp:attachment":[{"href":"https:\/\/sultanspices.es\/pt\/wp-json\/wp\/v2\/media?parent=5282"}],"wp:term":[{"taxonomy":"product_brand","embeddable":true,"href":"https:\/\/sultanspices.es\/pt\/wp-json\/wp\/v2\/product_brand?post=5282"},{"taxonomy":"product_cat","embeddable":true,"href":"https:\/\/sultanspices.es\/pt\/wp-json\/wp\/v2\/product_cat?post=5282"},{"taxonomy":"product_tag","embeddable":true,"href":"https:\/\/sultanspices.es\/pt\/wp-json\/wp\/v2\/product_tag?post=5282"}],"curies":[{"name":"wp","href":"https:\/\/api.w.org\/{rel}","templated":true}]}}