{"id":5018,"date":"2025-02-16T18:24:35","date_gmt":"2025-02-16T17:24:35","guid":{"rendered":"https:\/\/sultanspices.es\/product\/vatika-oil-almond-200ml\/"},"modified":"2026-02-23T12:41:28","modified_gmt":"2026-02-23T11:41:28","slug":"vatika-oil-almond-200ml","status":"publish","type":"product","link":"https:\/\/sultanspices.es\/pt\/produto\/oleo-de-vatika-amendoa-200ml\/","title":{"rendered":"\u00d3LEO DE AM\u00caNDOA VATIKA 200ML"},"content":{"rendered":"<div class=\"flex max-w-full flex-col flex-grow\">\n<div class=\"min-h-8 text-message flex w-full flex-col items-end gap-2 whitespace-normal break-words text-start [.text-message+&amp;]:mt-5\" dir=\"auto\" data-message-author-role=\"assistant\" data-message-id=\"e1c14996-c2ff-4f7f-ac1d-0a652a9a4ec7\" data-message-model-slug=\"gpt-4o\">\n<div class=\"flex w-full flex-col gap-1 empty:hidden first:pt-[3px]\">\n<div class=\"markdown prose w-full break-words dark:prose-invert dark\">\n<p data-start=\"31\" data-end=\"310\">Nutrir o seu cabelo com,, dispon\u00edvel na Sultan Spices, a sua mercearia indiana de confian\u00e7a em M\u00e1laga. Enriquecido com a bondade do \u00f3leo de am\u00eandoas, este \u00f3leo capilar premium da Vatika condiciona profundamente, fortalece e real\u00e7a o brilho natural do seu cabelo.,F\u00f3rmula enriquecida com am\u00eandoas:,Infundida com \u00f3leo de am\u00eandoas para nutrir profundamente e fortalecer o cabelo..,Promove a sa\u00fade do cabelo: Ajuda a reduzir a secura, as pontas espigadas e a quebra do cabelo; Aumenta o brilho e a suavidade: Deixa o cabelo suave, sedoso e radiante; N\u00e3o \u00e9 gorduroso e \u00e9 leve: \u00c9 facilmente absorvido sem pesar no couro cabeludo; Vem num frasco de 200 ml, perfeito para uso regular,Na Sultan Spices, oferecemos uma vasta gama de produtos de cuidados capilares para manter o seu cabelo forte e saud\u00e1vel., \u00e9 um produto indispens\u00e1vel para quem procura restaurar e manter um cabelo bonito e nutrido.,, o l\u00edder,, para explorar a nossa cole\u00e7\u00e3o de \u00f3leos capilares naturais e essenciais de beleza., D\u00ea ao seu cabelo o cuidado que ele merece com,,, e desfrute de madeixas fortes, brilhantes e profundamente condicionadas todos os dias!, Nutra o seu cabelo com VATIKA OIL ALMOND 200ML, dispon\u00edvel na Sultan Spices, a sua mercearia indiana de confian\u00e7a em M\u00e1laga. Enriquecido com os benef\u00edcios da am\u00eandoa <strong data-start=\"54\" data-end=\"81\">\u00d3LEO DE AM\u00caNDOA VATIKA 200ML<\/strong>, available at Sultan Spices, your trusted Indian grocery store in M\u00e1laga. Enriched with the goodness of almond oil, this premium hair oil from Vatika deeply conditions, strengthens, and enhances the natural shine of your hair.<\/p>\n<h3 data-start=\"312\" data-end=\"335\"><strong data-start=\"316\" data-end=\"333\">Caracter\u00edsticas principais:<\/strong><\/h3>\n<p data-start=\"336\" data-end=\"755\">\u2714 <strong data-start=\"338\" data-end=\"366\">Almond-Enriched Formula:<\/strong> Infused with almond oil to deeply nourish and strengthen hair.<br data-start=\"429\" data-end=\"432\" \/>\u2714 <strong data-start=\"434\" data-end=\"460\">Promotes Healthy Hair:<\/strong> Helps reduce dryness, split ends, and hair breakage.<br data-start=\"513\" data-end=\"516\" \/>\u2714 <strong data-start=\"518\" data-end=\"548\">Enhances Shine &amp; Softness:<\/strong> Leaves hair smooth, silky, and radiant.<br data-start=\"588\" data-end=\"591\" \/>\u2714 <strong data-start=\"593\" data-end=\"622\">Non-Greasy &amp; Lightweight:<\/strong> Absorbs easily without feeling heavy on the scalp.<br data-start=\"673\" data-end=\"676\" \/>\u2714 <strong data-start=\"678\" data-end=\"703\">Embalagem c\u00f3moda:<\/strong> Comes in a 200ML bottle, perfect for regular use.<\/p>\n<p data-start=\"757\" data-end=\"970\">At Sultan Spices, we offer a wide range of hair care products to keep your hair strong and healthy. <strong data-start=\"857\" data-end=\"884\">\u00d3LEO DE AM\u00caNDOA VATIKA 200ML<\/strong> is a must-have for those looking to restore and maintain beautiful, nourished hair.<\/p>\n<p data-start=\"972\" data-end=\"1116\">Visitar <strong data-start=\"978\" data-end=\"995\">Sultan Spices<\/strong>, the leading <strong data-start=\"1009\" data-end=\"1043\">Mercearia indiana em M\u00e1laga<\/strong>, to explore our collection of natural hair oils and beauty essentials.<\/p>\n<p data-start=\"1118\" data-end=\"1275\" data-is-last-node=\"\">Give your hair the care it deserves with <strong data-start=\"1159\" data-end=\"1186\">\u00d3LEO DE AM\u00caNDOA VATIKA 200ML<\/strong> de <strong data-start=\"1192\" data-end=\"1209\">Sultan Spices<\/strong>, and enjoy strong, shiny, and deeply conditioned locks every day!<\/p>\n<\/div>\n<\/div>\n<\/div>\n<\/div>\n<div class=\"mb-2 flex gap-3 empty:hidden -ml-2\">\n<div class=\"items-center justify-start rounded-xl p-1 flex\"><\/div>\n<\/div>","protected":false},"excerpt":{"rendered":"<p>Nutrir o seu cabelo com VATIKA OIL ALMOND 200ML, dispon\u00edvel na Sultan Spices, a sua mercearia indiana de confian\u00e7a em M\u00e1laga. Enriquecido com a bondade do \u00f3leo de am\u00eandoas, este \u00f3leo capilar de qualidade superior da Vatika condiciona profundamente, fortalece e real\u00e7a o brilho natural do seu cabelo. Carater\u00edsticas principais: \u2714 F\u00f3rmula enriquecida com am\u00eandoas: Infundido com \u00f3leo de am\u00eandoa para nutrir profundamente...<\/p>","protected":false},"featured_media":5019,"comment_status":"open","ping_status":"closed","template":"","meta":{"_kad_blocks_custom_css":"","_kad_blocks_head_custom_js":"","_kad_blocks_body_custom_js":"","_kad_blocks_footer_custom_js":"","_kadence_starter_templates_imported_post":false,"_kad_post_transparent":"default","_kad_post_title":"","_kad_post_layout":"default","_kad_post_sidebar_id":"","_kad_post_content_style":"default","_kad_post_vertical_padding":"default","_kad_post_feature":"","_kad_post_feature_position":"","_kad_post_header":false,"_kad_post_footer":false,"_kad_post_classname":""},"product_brand":[],"product_cat":[62],"product_tag":[],"class_list":{"0":"post-5018","1":"product","2":"type-product","3":"status-publish","4":"has-post-thumbnail","6":"product_cat-oils","8":"first","9":"instock","10":"sale","11":"shipping-taxable","12":"purchasable","13":"product-type-simple","14":"entry","15":"content-bg","16":"loop-entry"},"taxonomy_info":{"product_cat":[{"value":62,"label":"Oils"}]},"featured_image_src_large":["https:\/\/sultanspices.es\/wp-content\/uploads\/2025\/02\/ProductsPIX-28-1024x1024.png",1024,1024,true],"author_info":[],"comment_info":0,"jetpack_sharing_enabled":true,"_links":{"self":[{"href":"https:\/\/sultanspices.es\/pt\/wp-json\/wp\/v2\/product\/5018","targetHints":{"allow":["GET"]}}],"collection":[{"href":"https:\/\/sultanspices.es\/pt\/wp-json\/wp\/v2\/product"}],"about":[{"href":"https:\/\/sultanspices.es\/pt\/wp-json\/wp\/v2\/types\/product"}],"replies":[{"embeddable":true,"href":"https:\/\/sultanspices.es\/pt\/wp-json\/wp\/v2\/comments?post=5018"}],"wp:featuredmedia":[{"embeddable":true,"href":"https:\/\/sultanspices.es\/pt\/wp-json\/wp\/v2\/media\/5019"}],"wp:attachment":[{"href":"https:\/\/sultanspices.es\/pt\/wp-json\/wp\/v2\/media?parent=5018"}],"wp:term":[{"taxonomy":"product_brand","embeddable":true,"href":"https:\/\/sultanspices.es\/pt\/wp-json\/wp\/v2\/product_brand?post=5018"},{"taxonomy":"product_cat","embeddable":true,"href":"https:\/\/sultanspices.es\/pt\/wp-json\/wp\/v2\/product_cat?post=5018"},{"taxonomy":"product_tag","embeddable":true,"href":"https:\/\/sultanspices.es\/pt\/wp-json\/wp\/v2\/product_tag?post=5018"}],"curies":[{"name":"wp","href":"https:\/\/api.w.org\/{rel}","templated":true}]}}