{"id":5015,"date":"2025-02-16T18:24:33","date_gmt":"2025-02-16T17:24:33","guid":{"rendered":"https:\/\/sultanspices.es\/product\/toothpaste-dabur-clove-100ml\/"},"modified":"2026-02-23T12:41:23","modified_gmt":"2026-02-23T11:41:23","slug":"toothpaste-dabur-clove-100ml","status":"publish","type":"product","link":"https:\/\/sultanspices.es\/pt\/produto\/pasta-de-dentes-dabur-cravo-100ml\/","title":{"rendered":"PASTA DE DENTES DABUR CRAVO 100ML"},"content":{"rendered":"<div class=\"flex max-w-full flex-col flex-grow\">\n<div class=\"min-h-8 text-message flex w-full flex-col items-end gap-2 whitespace-normal break-words text-start [.text-message+&amp;]:mt-5\" dir=\"auto\" data-message-author-role=\"assistant\" data-message-id=\"ff5042f5-59ba-4465-832d-0a6bf7f4abc9\" data-message-model-slug=\"gpt-4o\">\n<div class=\"flex w-full flex-col gap-1 empty:hidden first:pt-[3px]\">\n<div class=\"markdown prose w-full break-words dark:prose-invert dark\">\n<p data-start=\"36\" data-end=\"337\">Manter os dentes fortes e saud\u00e1veis com <strong data-start=\"75\" data-end=\"107\">PASTA DE DENTES DABUR CRAVO 100ML<\/strong>, dispon\u00edvel em <strong data-start=\"122\" data-end=\"139\">Sultan Spices<\/strong>, a sua confian\u00e7a <strong data-start=\"154\" data-end=\"188\">Mercearia indiana em M\u00e1laga<\/strong>. Infundida com o poder natural do cravinho, esta pasta de dentes ayurv\u00e9dica da Dabur ajuda a combater os germes, a refrescar o h\u00e1lito e a promover a sa\u00fade oral em geral.<\/p>\n<h3 data-start=\"339\" data-end=\"362\"><strong data-start=\"343\" data-end=\"360\">Caracter\u00edsticas principais:<\/strong><\/h3>\n<p data-start=\"363\" data-end=\"856\">\u2714 <strong data-start=\"365\" data-end=\"392\">F\u00f3rmula enriquecida com cravo-da-\u00edndia:<\/strong> Cont\u00e9m as propriedades antibacterianas e analg\u00e9sicas naturais do \u00f3leo de cravinho.<br data-start=\"471\" data-end=\"474\" \/>\u2714 <strong data-start=\"476\" data-end=\"506\">Combate os germes e o mau h\u00e1lito:<\/strong> Ajuda a eliminar as bact\u00e9rias e proporciona uma frescura duradoura.<br data-start=\"568\" data-end=\"571\" \/>\u2714 <strong data-start=\"573\" data-end=\"602\">Fortalece os dentes e as gengivas:<\/strong> Apoia a sa\u00fade das gengivas e previne as c\u00e1ries e a sensibilidade dent\u00e1ria.<br data-start=\"667\" data-end=\"670\" \/>\u2714 <strong data-start=\"672\" data-end=\"695\">Sem produtos qu\u00edmicos agressivos:<\/strong> Sem fl\u00faor e sem aditivos artificiais, o que o torna uma escolha natural de cuidados orais.<br data-start=\"778\" data-end=\"781\" \/>\u2714 <strong data-start=\"783\" data-end=\"808\">Embalagem c\u00f3moda:<\/strong> Vem num tubo de 100ML, perfeito para uso di\u00e1rio.<\/p>\n<p data-start=\"858\" data-end=\"1054\">Em <strong data-start=\"861\" data-end=\"878\">Sultan Spices<\/strong>A nossa empresa oferece-lhe produtos ayurv\u00e9dicos aut\u00eanticos que melhoram a sua sa\u00fade e o seu bem-estar. <strong data-start=\"963\" data-end=\"995\">PASTA DE DENTES DABUR CRAVO 100ML<\/strong> \u00e9 uma solu\u00e7\u00e3o natural para dentes fortes e h\u00e1lito fresco.<\/p>\n<p data-start=\"1056\" data-end=\"1186\">Visitar <strong data-start=\"1062\" data-end=\"1089\">Sultan Spices em M\u00e1laga<\/strong> para explorar uma vasta gama de produtos ayurv\u00e9dicos, produtos essenciais de cuidados pessoais e rem\u00e9dios naturais.<\/p>\n<p data-start=\"1188\" data-end=\"1333\" data-is-last-node=\"\">Melhore a sua rotina de cuidados orais com <strong data-start=\"1224\" data-end=\"1256\">PASTA DE DENTES DABUR CRAVO 100ML<\/strong> de <strong data-start=\"1262\" data-end=\"1279\">Sultan Spices<\/strong>e aproveite o poder da natureza para um sorriso mais saud\u00e1vel!<\/p>\n<\/div>\n<\/div>\n<\/div>\n<\/div>\n<div class=\"mb-2 flex gap-3 empty:hidden -ml-2\">\n<div class=\"items-center justify-start rounded-xl p-1 flex\">\n<div class=\"flex items-center\"><\/div>\n<\/div>\n<\/div>","protected":false},"excerpt":{"rendered":"<p>Mantenha os dentes fortes e saud\u00e1veis com TOOTHPASTE DABUR CLOVE 100ML, dispon\u00edvel na Sultan Spices, a sua mercearia indiana de confian\u00e7a em M\u00e1laga. Infundida com o poder natural do cravo-da-\u00edndia, esta pasta de dentes ayurv\u00e9dica da Dabur ajuda a combater os germes, a refrescar o h\u00e1lito e a promover a sa\u00fade oral em geral. Carater\u00edsticas principais: \u2714 F\u00f3rmula enriquecida com cravo-da-\u00edndia: Cont\u00e9m as propriedades antibacterianas naturais e de al\u00edvio da dor...<\/p>","protected":false},"featured_media":5021,"comment_status":"open","ping_status":"closed","template":"","meta":{"_kad_blocks_custom_css":"","_kad_blocks_head_custom_js":"","_kad_blocks_body_custom_js":"","_kad_blocks_footer_custom_js":"","_kadence_starter_templates_imported_post":false,"_kad_post_transparent":"default","_kad_post_title":"","_kad_post_layout":"default","_kad_post_sidebar_id":"","_kad_post_content_style":"default","_kad_post_vertical_padding":"default","_kad_post_feature":"","_kad_post_feature_position":"","_kad_post_header":false,"_kad_post_footer":false,"_kad_post_classname":""},"product_brand":[],"product_cat":[15],"product_tag":[],"class_list":{"0":"post-5015","1":"product","2":"type-product","3":"status-publish","4":"has-post-thumbnail","6":"product_cat-indian-items","8":"first","9":"instock","10":"shipping-taxable","11":"purchasable","12":"product-type-simple","13":"entry","14":"content-bg","15":"loop-entry"},"taxonomy_info":{"product_cat":[{"value":15,"label":"Other Indian Items"}]},"featured_image_src_large":["https:\/\/sultanspices.es\/wp-content\/uploads\/2025\/02\/ProductsPIX-29-1024x1024.png",1024,1024,true],"author_info":[],"comment_info":0,"jetpack_sharing_enabled":true,"_links":{"self":[{"href":"https:\/\/sultanspices.es\/pt\/wp-json\/wp\/v2\/product\/5015","targetHints":{"allow":["GET"]}}],"collection":[{"href":"https:\/\/sultanspices.es\/pt\/wp-json\/wp\/v2\/product"}],"about":[{"href":"https:\/\/sultanspices.es\/pt\/wp-json\/wp\/v2\/types\/product"}],"replies":[{"embeddable":true,"href":"https:\/\/sultanspices.es\/pt\/wp-json\/wp\/v2\/comments?post=5015"}],"wp:featuredmedia":[{"embeddable":true,"href":"https:\/\/sultanspices.es\/pt\/wp-json\/wp\/v2\/media\/5021"}],"wp:attachment":[{"href":"https:\/\/sultanspices.es\/pt\/wp-json\/wp\/v2\/media?parent=5015"}],"wp:term":[{"taxonomy":"product_brand","embeddable":true,"href":"https:\/\/sultanspices.es\/pt\/wp-json\/wp\/v2\/product_brand?post=5015"},{"taxonomy":"product_cat","embeddable":true,"href":"https:\/\/sultanspices.es\/pt\/wp-json\/wp\/v2\/product_cat?post=5015"},{"taxonomy":"product_tag","embeddable":true,"href":"https:\/\/sultanspices.es\/pt\/wp-json\/wp\/v2\/product_tag?post=5015"}],"curies":[{"name":"wp","href":"https:\/\/api.w.org\/{rel}","templated":true}]}}