{"id":5013,"date":"2025-02-16T18:24:30","date_gmt":"2025-02-16T17:24:30","guid":{"rendered":"https:\/\/sultanspices.es\/product\/soya-chaap-pachranga-800g\/"},"modified":"2026-02-23T12:41:19","modified_gmt":"2026-02-23T11:41:19","slug":"soya-chaap-pachranga-800g","status":"publish","type":"product","link":"https:\/\/sultanspices.es\/pt\/produto\/soja-chaap-pachranga-800g\/","title":{"rendered":"CHAAP PACHRANGA DE SOJA 800G"},"content":{"rendered":"<div class=\"flex max-w-full flex-col flex-grow\">\n<div class=\"min-h-8 text-message flex w-full flex-col items-end gap-2 whitespace-normal break-words text-start [.text-message+&amp;]:mt-5\" dir=\"auto\" data-message-author-role=\"assistant\" data-message-id=\"0bcc4120-ff66-458e-8e22-7f52c4b06826\" data-message-model-slug=\"gpt-4o\">\n<div class=\"flex w-full flex-col gap-1 empty:hidden first:pt-[3px]\">\n<div class=\"markdown prose w-full break-words dark:prose-invert dark\">\n<p data-start=\"33\" data-end=\"310\">Traga para casa o aut\u00eantico sabor da del\u00edcia vegetariana com <strong data-start=\"91\" data-end=\"120\">CHAAP PACHRANGA DE SOJA 800G<\/strong>, dispon\u00edvel em <strong data-start=\"135\" data-end=\"152\">Sultan Spices<\/strong>, o seu contacto <strong data-start=\"165\" data-end=\"199\">Mercearia indiana em M\u00e1laga<\/strong>. Esta alternativa \u00e0 carne, rica em prote\u00ednas e deliciosa, \u00e9 perfeita para criar saborosos pratos indianos e asi\u00e1ticos.<\/p>\n<h3 data-start=\"312\" data-end=\"335\"><strong data-start=\"316\" data-end=\"333\">Caracter\u00edsticas principais:<\/strong><\/h3>\n<p data-start=\"336\" data-end=\"853\">\u2714 <strong data-start=\"338\" data-end=\"372\">Rica em prote\u00ednas e vegana:<\/strong> Uma \u00f3ptima fonte de prote\u00ednas de origem vegetal, ideal para vegetarianos e veganos.<br data-start=\"442\" data-end=\"445\" \/>\u2714 <strong data-start=\"447\" data-end=\"475\">Sabor indiano aut\u00eantico:<\/strong> Perfeito para fazer tandoori soya chaap, caril, kebabs e pratos grelhados.<br data-start=\"552\" data-end=\"555\" \/>\u2714 <strong data-start=\"557\" data-end=\"584\">Textura tenra e carnuda:<\/strong> Imita o sabor e a mordida da carne tradicional, o que a torna um \u00f3timo substituto.<br data-start=\"661\" data-end=\"664\" \/>\u2714 <strong data-start=\"666\" data-end=\"684\">Pronto a cozinhar:<\/strong> Vem numa embalagem pr\u00e1tica de 800G, facilitando a prepara\u00e7\u00e3o de refei\u00e7\u00f5es saborosas.<br data-start=\"760\" data-end=\"763\" \/>\u2714 <strong data-start=\"765\" data-end=\"785\">Utiliza\u00e7\u00e3o vers\u00e1til:<\/strong> Podem ser marinados, grelhados, salteados ou cozinhados em molhos ricos.<\/p>\n<p data-start=\"855\" data-end=\"1102\">Em <strong data-start=\"858\" data-end=\"875\">Sultan Spices<\/strong>, trazemos-lhe o melhor de <strong data-start=\"902\" data-end=\"926\">Indiano e paquistan\u00eas<\/strong> ingredientes para o ajudar a recriar sabores aut\u00eanticos em casa. <strong data-start=\"987\" data-end=\"1016\">CHAAP PACHRANGA DE SOJA 800G<\/strong> \u00e9 um produto indispens\u00e1vel para quem gosta de prote\u00ednas vegetais com especiarias e sabores arrojados.<\/p>\n<p data-start=\"1104\" data-end=\"1220\">Visitar <strong data-start=\"1110\" data-end=\"1137\">Sultan Spices em M\u00e1laga<\/strong> para explorar uma vasta sele\u00e7\u00e3o de produtos indianos de mercearia, especiarias e produtos especiais.<\/p>\n<p data-start=\"1222\" data-end=\"1378\" data-is-last-node=\"\">Desfrute do estilo de restaurante <strong data-start=\"1245\" data-end=\"1259\">chaap de soja<\/strong> em casa com <strong data-start=\"1273\" data-end=\"1302\">CHAAP PACHRANGA DE SOJA 800G<\/strong> de <strong data-start=\"1308\" data-end=\"1325\">Sultan Spices<\/strong>e leve a sua cozinha vegetariana para o pr\u00f3ximo n\u00edvel!<\/p>\n<\/div>\n<\/div>\n<\/div>\n<\/div>","protected":false},"excerpt":{"rendered":"<p>Traga para casa o sabor aut\u00eantico do deleite vegetariano com SOYA CHAAP PACHRANGA 800G, dispon\u00edvel em Sultan Spices, a sua mercearia indiana de refer\u00eancia em M\u00e1laga. Esta alternativa \u00e0 carne, rica em prote\u00ednas e deliciosa, \u00e9 perfeita para criar saborosos pratos indianos e asi\u00e1ticos. Carater\u00edsticas principais: \u2714 Rica em prote\u00ednas e amiga dos veganos: Uma \u00f3tima fonte de prote\u00edna \u00e0 base de plantas, ideal para vegetarianos e veganos.\u2714...<\/p>","protected":false},"featured_media":5023,"comment_status":"open","ping_status":"closed","template":"","meta":{"_kad_blocks_custom_css":"","_kad_blocks_head_custom_js":"","_kad_blocks_body_custom_js":"","_kad_blocks_footer_custom_js":"","_kadence_starter_templates_imported_post":false,"_kad_post_transparent":"default","_kad_post_title":"","_kad_post_layout":"default","_kad_post_sidebar_id":"","_kad_post_content_style":"default","_kad_post_vertical_padding":"default","_kad_post_feature":"","_kad_post_feature_position":"","_kad_post_header":false,"_kad_post_footer":false,"_kad_post_classname":""},"product_brand":[],"product_cat":[54],"product_tag":[],"class_list":{"0":"post-5013","1":"product","2":"type-product","3":"status-publish","4":"has-post-thumbnail","6":"product_cat-instant-meals-rte","8":"first","9":"instock","10":"shipping-taxable","11":"purchasable","12":"product-type-simple","13":"entry","14":"content-bg","15":"loop-entry"},"taxonomy_info":{"product_cat":[{"value":54,"label":"Instant meals RTE"}]},"featured_image_src_large":["https:\/\/sultanspices.es\/wp-content\/uploads\/2025\/02\/ProductsPIX-30-1024x1024.png",1024,1024,true],"author_info":[],"comment_info":0,"jetpack_sharing_enabled":true,"_links":{"self":[{"href":"https:\/\/sultanspices.es\/pt\/wp-json\/wp\/v2\/product\/5013","targetHints":{"allow":["GET"]}}],"collection":[{"href":"https:\/\/sultanspices.es\/pt\/wp-json\/wp\/v2\/product"}],"about":[{"href":"https:\/\/sultanspices.es\/pt\/wp-json\/wp\/v2\/types\/product"}],"replies":[{"embeddable":true,"href":"https:\/\/sultanspices.es\/pt\/wp-json\/wp\/v2\/comments?post=5013"}],"wp:featuredmedia":[{"embeddable":true,"href":"https:\/\/sultanspices.es\/pt\/wp-json\/wp\/v2\/media\/5023"}],"wp:attachment":[{"href":"https:\/\/sultanspices.es\/pt\/wp-json\/wp\/v2\/media?parent=5013"}],"wp:term":[{"taxonomy":"product_brand","embeddable":true,"href":"https:\/\/sultanspices.es\/pt\/wp-json\/wp\/v2\/product_brand?post=5013"},{"taxonomy":"product_cat","embeddable":true,"href":"https:\/\/sultanspices.es\/pt\/wp-json\/wp\/v2\/product_cat?post=5013"},{"taxonomy":"product_tag","embeddable":true,"href":"https:\/\/sultanspices.es\/pt\/wp-json\/wp\/v2\/product_tag?post=5013"}],"curies":[{"name":"wp","href":"https:\/\/api.w.org\/{rel}","templated":true}]}}