{"id":5012,"date":"2025-02-16T18:24:27","date_gmt":"2025-02-16T17:24:27","guid":{"rendered":"https:\/\/sultanspices.es\/product\/soap-lifebuoy-100gr\/"},"modified":"2026-02-23T12:40:53","modified_gmt":"2026-02-23T11:40:53","slug":"soap-lifebuoy-100gr","status":"publish","type":"product","link":"https:\/\/sultanspices.es\/pt\/produto\/sabonete-boia-de-vida-100gr\/","title":{"rendered":"LIFEBUOY SOAP 100G"},"content":{"rendered":"<div class=\"flex max-w-full flex-col flex-grow\">\n<div class=\"min-h-8 text-message flex w-full flex-col items-end gap-2 whitespace-normal break-words text-start [.text-message+&amp;]:mt-5\" dir=\"auto\" data-message-author-role=\"assistant\" data-message-id=\"2793ed2c-e717-4b02-b20a-874748781b00\" data-message-model-slug=\"gpt-4o\">\n<div class=\"flex w-full flex-col gap-1 empty:hidden first:pt-[3px]\">\n<div class=\"markdown prose w-full break-words dark:prose-invert dark\">\n<p data-start=\"27\" data-end=\"310\">Mantenha-se fresco e protegido com <strong data-start=\"57\" data-end=\"80\">SABONETE LIFEBUOY 100GR<\/strong>, dispon\u00edvel em <strong data-start=\"95\" data-end=\"112\">Sultan Spices<\/strong>, a sua confian\u00e7a <strong data-start=\"127\" data-end=\"161\">Mercearia indiana em M\u00e1laga<\/strong>. O sab\u00e3o Lifebuoy \u00e9 conhecido pela sua <strong data-start=\"197\" data-end=\"225\">prote\u00e7\u00e3o antibacteriana<\/strong>mantendo-o a si e \u00e0 sua fam\u00edlia a salvo dos germes, ao mesmo tempo que proporciona uma limpeza refrescante.<\/p>\n<h3 data-start=\"312\" data-end=\"335\"><strong data-start=\"316\" data-end=\"333\">Caracter\u00edsticas principais:<\/strong><\/h3>\n<p data-start=\"336\" data-end=\"760\">\u2714 <strong data-start=\"338\" data-end=\"364\">99,9% Prote\u00e7\u00e3o contra germes:<\/strong> Ajuda a eliminar as bact\u00e9rias e mant\u00e9m a pele higienicamente limpa.<br data-start=\"424\" data-end=\"427\" \/>\u2714 <strong data-start=\"429\" data-end=\"454\">Fragr\u00e2ncia refrescante:<\/strong> Deixa a pele com uma sensa\u00e7\u00e3o de frescura e revitaliza\u00e7\u00e3o.<br data-start=\"502\" data-end=\"505\" \/>\u2714 <strong data-start=\"507\" data-end=\"533\">Suave e delicado para a pele:<\/strong> Adequado para utiliza\u00e7\u00e3o di\u00e1ria por toda a fam\u00edlia.<br data-start=\"577\" data-end=\"580\" \/>\u2714 <strong data-start=\"582\" data-end=\"600\">Marca de confian\u00e7a:<\/strong> Lifebuoy \u00e9 um nome conhecido h\u00e1 d\u00e9cadas, garantindo uma higiene de qualidade.<br data-start=\"674\" data-end=\"677\" \/>\u2714 <strong data-start=\"679\" data-end=\"704\">Conveniente barra de 100GR:<\/strong> Perfeito para casa, viagens ou rotinas di\u00e1rias de cuidados da pele.<\/p>\n<p data-start=\"762\" data-end=\"945\">Em <strong data-start=\"765\" data-end=\"782\">Sultan Spices<\/strong>A nossa empresa oferece-lhe produtos de cuidados pessoais de confian\u00e7a de marcas l\u00edderes. <strong data-start=\"849\" data-end=\"872\">SABONETE LIFEBUOY 100GR<\/strong> \u00e9 um produto de higiene essencial para a frescura e prote\u00e7\u00e3o di\u00e1rias.<\/p>\n<p data-start=\"947\" data-end=\"1047\">Visitar <strong data-start=\"953\" data-end=\"980\">Sultan Spices em M\u00e1laga<\/strong> para explorar uma vasta gama de produtos essenciais de higiene e cuidados pessoais.<\/p>\n<p data-start=\"1049\" data-end=\"1198\" data-is-last-node=\"\">Mantenha a sua pele limpa e saud\u00e1vel com <strong data-start=\"1087\" data-end=\"1110\">SABONETE LIFEBUOY 100GR<\/strong> de <strong data-start=\"1116\" data-end=\"1133\">Sultan Spices<\/strong>e desfrute da confian\u00e7a de uma prote\u00e7\u00e3o superior contra os germes todos os dias!<\/p>\n<\/div>\n<\/div>\n<\/div>\n<\/div>\n<div class=\"mb-2 flex gap-3 empty:hidden -ml-2\">\n<div class=\"items-center justify-start rounded-xl p-1 flex\"><\/div>\n<\/div>","protected":false},"excerpt":{"rendered":"<p>Mantenha-se fresco e protegido com o sabonete LIFEBUOY 100GR, dispon\u00edvel na Sultan Spices, a sua mercearia indiana de confian\u00e7a em M\u00e1laga. O sabonete Lifebuoy \u00e9 conhecido pela sua prote\u00e7\u00e3o antibacteriana, mantendo-o a si e \u00e0 sua fam\u00edlia a salvo dos germes, ao mesmo tempo que proporciona uma limpeza refrescante. Carater\u00edsticas principais: \u2714 99.9% Prote\u00e7\u00e3o contra germes: Ajuda a eliminar as bact\u00e9rias e mant\u00e9m a pele higienicamente limpa.\u2714 Refrescante...<\/p>","protected":false},"featured_media":5025,"comment_status":"open","ping_status":"closed","template":"","meta":{"_kad_blocks_custom_css":"","_kad_blocks_head_custom_js":"","_kad_blocks_body_custom_js":"","_kad_blocks_footer_custom_js":"","_kadence_starter_templates_imported_post":false,"_kad_post_transparent":"default","_kad_post_title":"","_kad_post_layout":"default","_kad_post_sidebar_id":"","_kad_post_content_style":"default","_kad_post_vertical_padding":"default","_kad_post_feature":"","_kad_post_feature_position":"","_kad_post_header":false,"_kad_post_footer":false,"_kad_post_classname":""},"product_brand":[],"product_cat":[64,15],"product_tag":[],"class_list":{"0":"post-5012","1":"product","2":"type-product","3":"status-publish","4":"has-post-thumbnail","6":"product_cat-fragrances","7":"product_cat-indian-items","9":"first","10":"outofstock","11":"shipping-taxable","12":"purchasable","13":"product-type-simple","14":"entry","15":"content-bg","16":"loop-entry"},"taxonomy_info":{"product_cat":[{"value":64,"label":"Fragrances"},{"value":15,"label":"Other Indian Items"}]},"featured_image_src_large":["https:\/\/sultanspices.es\/wp-content\/uploads\/2025\/02\/ProductsPIX-31-1024x1024.png",1024,1024,true],"author_info":[],"comment_info":0,"jetpack_sharing_enabled":true,"_links":{"self":[{"href":"https:\/\/sultanspices.es\/pt\/wp-json\/wp\/v2\/product\/5012","targetHints":{"allow":["GET"]}}],"collection":[{"href":"https:\/\/sultanspices.es\/pt\/wp-json\/wp\/v2\/product"}],"about":[{"href":"https:\/\/sultanspices.es\/pt\/wp-json\/wp\/v2\/types\/product"}],"replies":[{"embeddable":true,"href":"https:\/\/sultanspices.es\/pt\/wp-json\/wp\/v2\/comments?post=5012"}],"wp:featuredmedia":[{"embeddable":true,"href":"https:\/\/sultanspices.es\/pt\/wp-json\/wp\/v2\/media\/5025"}],"wp:attachment":[{"href":"https:\/\/sultanspices.es\/pt\/wp-json\/wp\/v2\/media?parent=5012"}],"wp:term":[{"taxonomy":"product_brand","embeddable":true,"href":"https:\/\/sultanspices.es\/pt\/wp-json\/wp\/v2\/product_brand?post=5012"},{"taxonomy":"product_cat","embeddable":true,"href":"https:\/\/sultanspices.es\/pt\/wp-json\/wp\/v2\/product_cat?post=5012"},{"taxonomy":"product_tag","embeddable":true,"href":"https:\/\/sultanspices.es\/pt\/wp-json\/wp\/v2\/product_tag?post=5012"}],"curies":[{"name":"wp","href":"https:\/\/api.w.org\/{rel}","templated":true}]}}