{"id":5007,"date":"2025-02-16T18:24:21","date_gmt":"2025-02-16T17:24:21","guid":{"rendered":"https:\/\/sultanspices.es\/product\/red-kidney-beans-ali-baba-1kg\/"},"modified":"2026-03-08T18:08:24","modified_gmt":"2026-03-08T17:08:24","slug":"red-kidney-beans-ali-baba-1kg","status":"publish","type":"product","link":"https:\/\/sultanspices.es\/pt\/produto\/feijao-vermelho-ali-baba-1kg\/","title":{"rendered":"FEIJ\u00c3O VERMELHO ALI BABA 1KG"},"content":{"rendered":"<div class=\"flex max-w-full flex-col flex-grow\">\n<div class=\"min-h-8 text-message flex w-full flex-col items-end gap-2 whitespace-normal break-words text-start [.text-message+&amp;]:mt-5\" dir=\"auto\" data-message-author-role=\"assistant\" data-message-id=\"c6107cd4-ef62-48c2-89b4-4a671d23bc10\" data-message-model-slug=\"gpt-4o\">\n<div class=\"flex w-full flex-col gap-1 empty:hidden first:pt-[3px]\">\n<div class=\"markdown prose w-full break-words dark:prose-invert dark\">\n<p data-start=\"37\" data-end=\"291\">Desfrute do sabor rico e dos benef\u00edcios nutricionais do feij\u00e3o Rajma. Estes feij\u00f5es Rajma de alta qualidade s\u00e3o perfeitos para preparar pratos saud\u00e1veis e saborosos, provenientes das melhores quintas, garantindo frescura e sabor superior, ricos em prote\u00ednas e fibras, uma excelente fonte de prote\u00edna vegetal, ideal para uma dieta saud\u00e1vel, perfeitos para fazer caril Rajma, saladas, sopas, guisados e burritos, textura rica e cremosa, suaviza lindamente quando cozinhado, absorvendo perfeitamente os sabores, embalagem pr\u00e1tica de 1 kg, ideal para uso dom\u00e9stico e para cozinhar a granel, para explorar uma vasta gama de lentilhas, leguminosas e produtos de mercearia especializados.,Prepare uma tigela reconfortante ou adicione estes feij\u00f5es nutritivos \u00e0s suas receitas favoritas com,Desfrute do sabor rico e dos benef\u00edcios nutricionais do feij\u00e3o vermelho ALI BABA 1KG, dispon\u00edvel na Sultan Spices, a sua mercearia indiana de refer\u00eancia em M\u00e1laga. Estes <strong data-start=\"86\" data-end=\"119\">FEIJ\u00c3O VERMELHO ALI BABA 1KG<\/strong>, dispon\u00edvel em <strong data-start=\"134\" data-end=\"151\">Sultan Spices<\/strong>, o seu contacto <strong data-start=\"164\" data-end=\"198\">Mercearia indiana em M\u00e1laga<\/strong>. These high-quality <strong data-start=\"219\" data-end=\"228\">Rajma<\/strong> beans are perfect for preparing hearty and flavorful dishes.<\/p>\n<h3 data-start=\"293\" data-end=\"316\"><strong data-start=\"297\" data-end=\"314\">Caracter\u00edsticas principais:<\/strong><\/h3>\n<p data-start=\"317\" data-end=\"766\">\u2714 <strong data-start=\"319\" data-end=\"339\">Qualidade superior:<\/strong> Sourced from the best farms, ensuring freshness and superior taste.<br data-start=\"407\" data-end=\"410\" \/>\u2714 <strong data-start=\"412\" data-end=\"440\">High in Protein &amp; Fiber:<\/strong> A great plant-based protein source, ideal for a healthy diet.<br data-start=\"502\" data-end=\"505\" \/>\u2714 <strong data-start=\"507\" data-end=\"525\">Utiliza\u00e7\u00e3o vers\u00e1til:<\/strong> Perfect for making <strong data-start=\"545\" data-end=\"596\">Rajma curry, salads, soups, stews, and burritos<\/strong>.<br data-start=\"597\" data-end=\"600\" \/>\u2714 <strong data-start=\"602\" data-end=\"628\">Rich &amp; Creamy Texture:<\/strong> Softens beautifully when cooked, absorbing flavors perfectly.<br data-start=\"690\" data-end=\"693\" \/>\u2714 <strong data-start=\"695\" data-end=\"719\">Convenient 1KG Pack:<\/strong> Ideal for households and bulk cooking needs.<\/p>\n<p data-start=\"768\" data-end=\"981\">Em <strong data-start=\"771\" data-end=\"788\">Sultan Spices<\/strong>, we offer the best <strong data-start=\"808\" data-end=\"832\">Indiano e paquistan\u00eas<\/strong> grocery essentials to enhance your cooking experience. <strong data-start=\"888\" data-end=\"921\">FEIJ\u00c3O VERMELHO ALI BABA 1KG<\/strong> is a staple ingredient for wholesome and delicious meals.<\/p>\n<p data-start=\"983\" data-end=\"1088\">Visitar <strong data-start=\"989\" data-end=\"1016\">Sultan Spices em M\u00e1laga<\/strong> to explore a wide range of lentils, legumes, and specialty groceries.<\/p>\n<p data-start=\"1090\" data-end=\"1246\" data-is-last-node=\"\">Cook up a comforting bowl of <strong data-start=\"1119\" data-end=\"1128\">Rajma<\/strong> or add these nutritious beans to your favorite recipes with <strong data-start=\"1189\" data-end=\"1222\">FEIJ\u00c3O VERMELHO ALI BABA 1KG<\/strong> de <strong data-start=\"1228\" data-end=\"1245\">Sultan Spices<\/strong>!<\/p>\n<\/div>\n<\/div>\n<\/div>\n<\/div>\n<div class=\"mb-2 flex gap-3 empty:hidden -ml-2\">\n<div class=\"items-center justify-start rounded-xl p-1 flex\">\n<div class=\"flex items-center\"><\/div>\n<\/div>\n<\/div>","protected":false},"excerpt":{"rendered":"<p>Desfrute do sabor rico e dos benef\u00edcios nutricionais do feij\u00e3o vermelho ALI BABA 1KG, dispon\u00edvel na Sultan Spices, a sua mercearia indiana de refer\u00eancia em M\u00e1laga. Estes feij\u00f5es Rajma de alta qualidade s\u00e3o perfeitos para a prepara\u00e7\u00e3o de pratos saud\u00e1veis e saborosos. Carater\u00edsticas principais: \u2714 Qualidade Premium: Proveniente das melhores fazendas, garantindo frescura e sabor superior.\u2714 Alto teor de prote\u00edna...<\/p>","protected":false},"featured_media":5028,"comment_status":"open","ping_status":"closed","template":"","meta":{"_kad_blocks_custom_css":"","_kad_blocks_head_custom_js":"","_kad_blocks_body_custom_js":"","_kad_blocks_footer_custom_js":"","_kadence_starter_templates_imported_post":false,"_kad_post_transparent":"default","_kad_post_title":"","_kad_post_layout":"default","_kad_post_sidebar_id":"","_kad_post_content_style":"default","_kad_post_vertical_padding":"default","_kad_post_feature":"","_kad_post_feature_position":"","_kad_post_header":false,"_kad_post_footer":false,"_kad_post_classname":""},"product_brand":[],"product_cat":[47],"product_tag":[],"class_list":{"0":"post-5007","1":"product","2":"type-product","3":"status-publish","4":"has-post-thumbnail","6":"product_cat-lentils","8":"first","9":"instock","10":"shipping-taxable","11":"purchasable","12":"product-type-simple","13":"entry","14":"content-bg","15":"loop-entry"},"taxonomy_info":{"product_cat":[{"value":47,"label":"Lentils"}]},"featured_image_src_large":["https:\/\/sultanspices.es\/wp-content\/uploads\/2025\/02\/ProductsPIX-33-1024x1024.png",1024,1024,true],"author_info":[],"comment_info":0,"jetpack_sharing_enabled":true,"_links":{"self":[{"href":"https:\/\/sultanspices.es\/pt\/wp-json\/wp\/v2\/product\/5007","targetHints":{"allow":["GET"]}}],"collection":[{"href":"https:\/\/sultanspices.es\/pt\/wp-json\/wp\/v2\/product"}],"about":[{"href":"https:\/\/sultanspices.es\/pt\/wp-json\/wp\/v2\/types\/product"}],"replies":[{"embeddable":true,"href":"https:\/\/sultanspices.es\/pt\/wp-json\/wp\/v2\/comments?post=5007"}],"wp:featuredmedia":[{"embeddable":true,"href":"https:\/\/sultanspices.es\/pt\/wp-json\/wp\/v2\/media\/5028"}],"wp:attachment":[{"href":"https:\/\/sultanspices.es\/pt\/wp-json\/wp\/v2\/media?parent=5007"}],"wp:term":[{"taxonomy":"product_brand","embeddable":true,"href":"https:\/\/sultanspices.es\/pt\/wp-json\/wp\/v2\/product_brand?post=5007"},{"taxonomy":"product_cat","embeddable":true,"href":"https:\/\/sultanspices.es\/pt\/wp-json\/wp\/v2\/product_cat?post=5007"},{"taxonomy":"product_tag","embeddable":true,"href":"https:\/\/sultanspices.es\/pt\/wp-json\/wp\/v2\/product_tag?post=5007"}],"curies":[{"name":"wp","href":"https:\/\/api.w.org\/{rel}","templated":true}]}}