{"id":5004,"date":"2025-02-16T18:24:19","date_gmt":"2025-02-16T17:24:19","guid":{"rendered":"https:\/\/sultanspices.es\/product\/pure-heaven-drink-red-grape-750ml\/"},"modified":"2026-02-23T12:41:12","modified_gmt":"2026-02-23T11:41:12","slug":"pure-heaven-drink-red-grape-750ml","status":"publish","type":"product","link":"https:\/\/sultanspices.es\/pt\/produto\/pure-heaven-drink-red-grape-750ml\/","title":{"rendered":"PURE HEAVEN DRINK UVA VERMELHA 750ML"},"content":{"rendered":"<div class=\"flex max-w-full flex-col flex-grow\">\n<div class=\"min-h-8 text-message flex w-full flex-col items-end gap-2 whitespace-normal break-words text-start [.text-message+&amp;]:mt-5\" dir=\"auto\" data-message-author-role=\"assistant\" data-message-id=\"bddc0706-b4b6-45a8-8552-94d65e700383\" data-message-model-slug=\"gpt-4o\">\n<div class=\"flex w-full flex-col gap-1 empty:hidden first:pt-[3px]\">\n<div class=\"markdown prose w-full break-words dark:prose-invert dark\">\n<p data-start=\"41\" data-end=\"332\">Aprecie o sabor rico e refrescante de <strong data-start=\"80\" data-end=\"117\">PURE HEAVEN DRINK UVA VERMELHA 750ML<\/strong>, dispon\u00edvel em <strong data-start=\"132\" data-end=\"149\">Sultan Spices<\/strong>, o seu contacto <strong data-start=\"162\" data-end=\"196\">Mercearia indiana em M\u00e1laga<\/strong>. Esta bebida premium sem \u00e1lcool oferece a ess\u00eancia profunda e frutada de <strong data-start=\"269\" data-end=\"283\">uvas vermelhas<\/strong>, tornando-a a bebida perfeita para qualquer ocasi\u00e3o.<\/p>\n<h3 data-start=\"334\" data-end=\"357\"><strong data-start=\"338\" data-end=\"355\">Caracter\u00edsticas principais:<\/strong><\/h3>\n<p data-start=\"358\" data-end=\"879\">\u2714 <strong data-start=\"360\" data-end=\"385\">Sabor rico e frutado:<\/strong> Elaborado com extractos de uva vermelha de alta qualidade para um sabor naturalmente doce e refrescante.<br data-start=\"471\" data-end=\"474\" \/>\u2714 <strong data-start=\"476\" data-end=\"506\">Sem \u00e1lcool e com g\u00e1s:<\/strong> Uma alternativa perfeita ao vinho para celebra\u00e7\u00f5es e ocasi\u00f5es especiais.<br data-start=\"576\" data-end=\"579\" \/>\u2714 <strong data-start=\"581\" data-end=\"601\">Bebida vers\u00e1til:<\/strong> Desfrute-o fresco, misture-o em mocktails ou sirva-o como um refresco sofisticado.<br data-start=\"686\" data-end=\"689\" \/>\u2714 <strong data-start=\"691\" data-end=\"711\">Qualidade superior:<\/strong> Cuidadosamente elaborados para proporcionar uma experi\u00eancia aut\u00eantica e satisfat\u00f3ria com a uva.<br data-start=\"786\" data-end=\"789\" \/>\u2714 <strong data-start=\"791\" data-end=\"819\">Garrafa pr\u00e1tica de 750ML:<\/strong> Ideal para reuni\u00f5es familiares, festas ou para desfrutar do dia a dia.<\/p>\n<p data-start=\"881\" data-end=\"1142\">Em <strong data-start=\"884\" data-end=\"901\">Sultan Spices<\/strong>, apresentamos-lhe os melhores <strong data-start=\"927\" data-end=\"951\">Indiano e paquistan\u00eas<\/strong> artigos de mercearia, incluindo bebidas premium que elevam a sua experi\u00eancia gastron\u00f3mica. <strong data-start=\"1032\" data-end=\"1069\">PURE HEAVEN DRINK UVA VERMELHA 750ML<\/strong> \u00e9 a forma perfeita de dar um toque de eleg\u00e2ncia e sabor a qualquer evento.<\/p>\n<p data-start=\"1144\" data-end=\"1271\">Visitar <strong data-start=\"1150\" data-end=\"1177\">Sultan Spices em M\u00e1laga<\/strong> para explorar uma variedade de sumos ex\u00f3ticos, bebidas especiais e produtos de mercearia de alta qualidade.<\/p>\n<p data-start=\"1273\" data-end=\"1401\" data-is-last-node=\"\">Festeje em grande estilo com <strong data-start=\"1297\" data-end=\"1334\">PURE HEAVEN DRINK UVA VERMELHA 750ML<\/strong>, j\u00e1 dispon\u00edvel em <strong data-start=\"1353\" data-end=\"1370\">Sultan Spices<\/strong>-onde a qualidade encontra a tradi\u00e7\u00e3o!<\/p>\n<\/div>\n<\/div>\n<\/div>\n<\/div>\n<div class=\"mb-2 flex gap-3 empty:hidden -ml-2\">\n<div class=\"items-center justify-start rounded-xl p-1 flex\">\n<div class=\"flex items-center\"><\/div>\n<\/div>\n<\/div>","protected":false},"excerpt":{"rendered":"<p>Desfrute do sabor rico e refrescante da PURE HEAVEN DRINK RED GRAPE 750ML, dispon\u00edvel na Sultan Spices, a sua mercearia indiana de refer\u00eancia em M\u00e1laga. Esta bebida premium sem \u00e1lcool oferece a ess\u00eancia profunda e frutada das uvas vermelhas, tornando-a a bebida perfeita para qualquer ocasi\u00e3o. Carater\u00edsticas principais: \u2714 Sabor rico e frutado: Feito de uvas vermelhas de alta qualidade...<\/p>","protected":false},"featured_media":5032,"comment_status":"open","ping_status":"closed","template":"","meta":{"_kad_blocks_custom_css":"","_kad_blocks_head_custom_js":"","_kad_blocks_body_custom_js":"","_kad_blocks_footer_custom_js":"","_kadence_starter_templates_imported_post":false,"_kad_post_transparent":"default","_kad_post_title":"","_kad_post_layout":"default","_kad_post_sidebar_id":"","_kad_post_content_style":"default","_kad_post_vertical_padding":"default","_kad_post_feature":"","_kad_post_feature_position":"","_kad_post_header":false,"_kad_post_footer":false,"_kad_post_classname":""},"product_brand":[],"product_cat":[58],"product_tag":[],"class_list":{"0":"post-5004","1":"product","2":"type-product","3":"status-publish","4":"has-post-thumbnail","6":"product_cat-beverages","8":"first","9":"instock","10":"shipping-taxable","11":"purchasable","12":"product-type-simple","13":"entry","14":"content-bg","15":"loop-entry"},"taxonomy_info":{"product_cat":[{"value":58,"label":"Beverages"}]},"featured_image_src_large":["https:\/\/sultanspices.es\/wp-content\/uploads\/2025\/02\/ProductsPIX-35-1024x1024.png",1024,1024,true],"author_info":[],"comment_info":0,"jetpack_sharing_enabled":true,"_links":{"self":[{"href":"https:\/\/sultanspices.es\/pt\/wp-json\/wp\/v2\/product\/5004","targetHints":{"allow":["GET"]}}],"collection":[{"href":"https:\/\/sultanspices.es\/pt\/wp-json\/wp\/v2\/product"}],"about":[{"href":"https:\/\/sultanspices.es\/pt\/wp-json\/wp\/v2\/types\/product"}],"replies":[{"embeddable":true,"href":"https:\/\/sultanspices.es\/pt\/wp-json\/wp\/v2\/comments?post=5004"}],"wp:featuredmedia":[{"embeddable":true,"href":"https:\/\/sultanspices.es\/pt\/wp-json\/wp\/v2\/media\/5032"}],"wp:attachment":[{"href":"https:\/\/sultanspices.es\/pt\/wp-json\/wp\/v2\/media?parent=5004"}],"wp:term":[{"taxonomy":"product_brand","embeddable":true,"href":"https:\/\/sultanspices.es\/pt\/wp-json\/wp\/v2\/product_brand?post=5004"},{"taxonomy":"product_cat","embeddable":true,"href":"https:\/\/sultanspices.es\/pt\/wp-json\/wp\/v2\/product_cat?post=5004"},{"taxonomy":"product_tag","embeddable":true,"href":"https:\/\/sultanspices.es\/pt\/wp-json\/wp\/v2\/product_tag?post=5004"}],"curies":[{"name":"wp","href":"https:\/\/api.w.org\/{rel}","templated":true}]}}