{"id":5002,"date":"2025-02-16T18:24:16","date_gmt":"2025-02-16T17:24:16","guid":{"rendered":"https:\/\/sultanspices.es\/product\/pure-heaven-drink-mango-whitegrape\/"},"modified":"2026-02-23T12:41:12","modified_gmt":"2026-02-23T11:41:12","slug":"pure-heaven-drink-mango-whitegrape","status":"publish","type":"product","link":"https:\/\/sultanspices.es\/pt\/produto\/pure-heaven-drink-mango-whitegrape\/","title":{"rendered":"PURE HEAVEN DRINK MANGA E UVA BRANCA"},"content":{"rendered":"<div class=\"flex max-w-full flex-col flex-grow\">\n<div class=\"min-h-8 text-message flex w-full flex-col items-end gap-2 whitespace-normal break-words text-start [.text-message+&amp;]:mt-5\" dir=\"auto\" data-message-author-role=\"assistant\" data-message-id=\"6c3b3afa-19cb-4e13-befe-075418a86c7d\" data-message-model-slug=\"gpt-4o\">\n<div class=\"flex w-full flex-col gap-1 empty:hidden first:pt-[3px]\">\n<div class=\"markdown prose w-full break-words dark:prose-invert dark\">\n<p data-start=\"51\" data-end=\"421\">Saboreie o gosto ex\u00f3tico de <strong data-start=\"77\" data-end=\"124\">PURE HEAVEN DRINK MANGA E UVA BRANCA 750ML<\/strong>, agora dispon\u00edvel em <strong data-start=\"143\" data-end=\"160\">Sultan Spices<\/strong>, a sua confian\u00e7a <strong data-start=\"175\" data-end=\"209\">Mercearia indiana em M\u00e1laga<\/strong>. Este <strong data-start=\"216\" data-end=\"250\">bebida premium sem \u00e1lcool<\/strong> combina a do\u00e7ura deliciosa das mangas maduras com o sabor crocante e refrescante das uvas brancas, oferecendo um equil\u00edbrio perfeito entre indulg\u00eancia tropical e sofistica\u00e7\u00e3o.<\/p>\n<h3 data-start=\"423\" data-end=\"446\"><strong data-start=\"427\" data-end=\"444\">Caracter\u00edsticas principais:<\/strong><\/h3>\n<p data-start=\"447\" data-end=\"953\">\u2714 <strong data-start=\"449\" data-end=\"486\">Mistura ex\u00f3tica de manga e uva branca:<\/strong> Uma fus\u00e3o refrescante de sabores tropicais e c\u00edtricos.<br data-start=\"539\" data-end=\"542\" \/>\u2714 <strong data-start=\"544\" data-end=\"574\">Sem \u00e1lcool e com g\u00e1s:<\/strong> Uma \u00f3ptima alternativa ao vinho, perfeita para celebra\u00e7\u00f5es e momentos especiais.<br data-start=\"649\" data-end=\"652\" \/>\u2714 <strong data-start=\"654\" data-end=\"674\">Bebida vers\u00e1til:<\/strong> Desfrute-o fresco, misture-o em mocktails ou sirva-o como um refresco premium.<br data-start=\"750\" data-end=\"753\" \/>\u2714 <strong data-start=\"755\" data-end=\"784\">Ingredientes de alta qualidade:<\/strong> Elaborado com extractos de frutos cuidadosamente selecionados para um sabor aut\u00eantico e suave.<br data-start=\"863\" data-end=\"866\" \/>\u2714 <strong data-start=\"868\" data-end=\"896\">Garrafa pr\u00e1tica de 750ML:<\/strong> Ideal para festas, reuni\u00f5es ou para o dia a dia.<\/p>\n<p data-start=\"955\" data-end=\"1244\">Em <strong data-start=\"958\" data-end=\"975\">Sultan Spices<\/strong>oferecemos a melhor sele\u00e7\u00e3o de <strong data-start=\"1010\" data-end=\"1079\">Mercearias, bebidas e produtos especializados indianos e paquistaneses<\/strong> para melhorar a sua experi\u00eancia gastron\u00f3mica. <strong data-start=\"1115\" data-end=\"1162\">PURE HEAVEN DRINK MANGA E UVA BRANCA 750ML<\/strong> \u00e9 um must-have para quem gosta de <strong data-start=\"1197\" data-end=\"1241\">bebidas frutadas, espumantes e refrescantes<\/strong>.<\/p>\n<p data-start=\"1246\" data-end=\"1379\">Visitar <strong data-start=\"1252\" data-end=\"1279\">Sultan Spices em M\u00e1laga<\/strong> para explorar uma vasta gama de sumos ex\u00f3ticos, bebidas premium e produtos essenciais de mercearia de alta qualidade.<\/p>\n<p data-start=\"1381\" data-end=\"1531\" data-is-last-node=\"\">Experimente a riqueza tropical de <strong data-start=\"1417\" data-end=\"1464\">PURE HEAVEN DRINK MANGA E UVA BRANCA 750ML<\/strong>, j\u00e1 dispon\u00edvel em <strong data-start=\"1483\" data-end=\"1500\">Sultan Spices<\/strong>-onde a qualidade encontra a tradi\u00e7\u00e3o!<\/p>\n<\/div>\n<\/div>\n<\/div>\n<\/div>","protected":false},"excerpt":{"rendered":"<p>Saboreie o gosto ex\u00f3tico de PURE HEAVEN DRINK MANGO &amp; WHITE GRAPE 750ML, agora dispon\u00edvel na Sultan Spices, a sua mercearia indiana de confian\u00e7a em M\u00e1laga. Esta bebida premium sem \u00e1lcool combina a do\u00e7ura deliciosa das mangas maduras com o sabor fresco e refrescante das uvas brancas, oferecendo um equil\u00edbrio perfeito de indulg\u00eancia tropical e sofistica\u00e7\u00e3o. Carater\u00edsticas principais:...<\/p>","protected":false},"featured_media":5036,"comment_status":"open","ping_status":"closed","template":"","meta":{"_kad_blocks_custom_css":"","_kad_blocks_head_custom_js":"","_kad_blocks_body_custom_js":"","_kad_blocks_footer_custom_js":"","_kadence_starter_templates_imported_post":false,"_kad_post_transparent":"default","_kad_post_title":"","_kad_post_layout":"default","_kad_post_sidebar_id":"","_kad_post_content_style":"default","_kad_post_vertical_padding":"default","_kad_post_feature":"","_kad_post_feature_position":"","_kad_post_header":false,"_kad_post_footer":false,"_kad_post_classname":""},"product_brand":[],"product_cat":[58],"product_tag":[],"class_list":{"0":"post-5002","1":"product","2":"type-product","3":"status-publish","4":"has-post-thumbnail","6":"product_cat-beverages","8":"first","9":"instock","10":"shipping-taxable","11":"purchasable","12":"product-type-simple","13":"entry","14":"content-bg","15":"loop-entry"},"taxonomy_info":{"product_cat":[{"value":58,"label":"Beverages"}]},"featured_image_src_large":["https:\/\/sultanspices.es\/wp-content\/uploads\/2025\/02\/ProductsPIX-37-1024x1024.png",1024,1024,true],"author_info":[],"comment_info":0,"jetpack_sharing_enabled":true,"_links":{"self":[{"href":"https:\/\/sultanspices.es\/pt\/wp-json\/wp\/v2\/product\/5002","targetHints":{"allow":["GET"]}}],"collection":[{"href":"https:\/\/sultanspices.es\/pt\/wp-json\/wp\/v2\/product"}],"about":[{"href":"https:\/\/sultanspices.es\/pt\/wp-json\/wp\/v2\/types\/product"}],"replies":[{"embeddable":true,"href":"https:\/\/sultanspices.es\/pt\/wp-json\/wp\/v2\/comments?post=5002"}],"wp:featuredmedia":[{"embeddable":true,"href":"https:\/\/sultanspices.es\/pt\/wp-json\/wp\/v2\/media\/5036"}],"wp:attachment":[{"href":"https:\/\/sultanspices.es\/pt\/wp-json\/wp\/v2\/media?parent=5002"}],"wp:term":[{"taxonomy":"product_brand","embeddable":true,"href":"https:\/\/sultanspices.es\/pt\/wp-json\/wp\/v2\/product_brand?post=5002"},{"taxonomy":"product_cat","embeddable":true,"href":"https:\/\/sultanspices.es\/pt\/wp-json\/wp\/v2\/product_cat?post=5002"},{"taxonomy":"product_tag","embeddable":true,"href":"https:\/\/sultanspices.es\/pt\/wp-json\/wp\/v2\/product_tag?post=5002"}],"curies":[{"name":"wp","href":"https:\/\/api.w.org\/{rel}","templated":true}]}}