{"id":5001,"date":"2025-02-16T18:24:15","date_gmt":"2025-02-16T17:24:15","guid":{"rendered":"https:\/\/sultanspices.es\/product\/pure-heaven-drink-apple-750ml\/"},"modified":"2026-02-23T12:41:12","modified_gmt":"2026-02-23T11:41:12","slug":"pure-heaven-drink-apple-750ml","status":"publish","type":"product","link":"https:\/\/sultanspices.es\/pt\/produto\/pure-heaven-drink-apple-750ml\/","title":{"rendered":"PURE HEAVEN DRINK MA\u00c7\u00c3 750ML"},"content":{"rendered":"<div class=\"flex max-w-full flex-col flex-grow\">\n<div class=\"min-h-8 text-message flex w-full flex-col items-end gap-2 whitespace-normal break-words text-start [.text-message+&amp;]:mt-5\" dir=\"auto\" data-message-author-role=\"assistant\" data-message-id=\"a2c62fc9-481a-4099-8fde-fb6de010f230\" data-message-model-slug=\"gpt-4o\">\n<div class=\"flex w-full flex-col gap-1 empty:hidden first:pt-[3px]\">\n<div class=\"markdown prose w-full break-words dark:prose-invert dark\">\n<p data-start=\"37\" data-end=\"346\">Desfrute do sabor crocante e refrescante de <strong data-start=\"77\" data-end=\"110\">PURE HEAVEN DRINK MA\u00c7\u00c3 750ML<\/strong>, agora dispon\u00edvel em <strong data-start=\"129\" data-end=\"146\">Sultan Spices<\/strong>, a sua confian\u00e7a <strong data-start=\"161\" data-end=\"195\">Mercearia indiana em M\u00e1laga<\/strong>. Este <strong data-start=\"202\" data-end=\"236\">bebida premium sem \u00e1lcool<\/strong> oferece o sabor naturalmente doce e picante das ma\u00e7\u00e3s maduras, tornando-a a bebida perfeita para qualquer ocasi\u00e3o.<\/p>\n<h3 data-start=\"348\" data-end=\"371\"><strong data-start=\"352\" data-end=\"369\">Caracter\u00edsticas principais:<\/strong><\/h3>\n<p data-start=\"372\" data-end=\"901\">\u2714 <strong data-start=\"374\" data-end=\"401\">Delicioso sabor a ma\u00e7\u00e3:<\/strong> Um sabor rico e natural com o equil\u00edbrio perfeito entre do\u00e7ura e frescura.<br data-start=\"479\" data-end=\"482\" \/>\u2714 <strong data-start=\"484\" data-end=\"514\">Sem \u00e1lcool e com g\u00e1s:<\/strong> Uma alternativa sofisticada ao vinho, ideal para celebra\u00e7\u00f5es e reuni\u00f5es.<br data-start=\"590\" data-end=\"593\" \/>\u2714 <strong data-start=\"595\" data-end=\"622\">Vers\u00e1til e refrescante:<\/strong> Desfrute-o fresco, misture-o em mocktails ou acompanhe-o com as suas refei\u00e7\u00f5es favoritas.<br data-start=\"700\" data-end=\"703\" \/>\u2714 <strong data-start=\"705\" data-end=\"734\">Ingredientes de alta qualidade:<\/strong> Elaborado com extractos de ma\u00e7\u00e3 de primeira qualidade para um sabor aut\u00eantico e suave.<br data-start=\"802\" data-end=\"805\" \/>\u2714 <strong data-start=\"807\" data-end=\"835\">Garrafa pr\u00e1tica de 750ML:<\/strong> Perfeito para festas, ocasi\u00f5es especiais ou para o dia a dia.<\/p>\n<p data-start=\"903\" data-end=\"1190\">Em <strong data-start=\"906\" data-end=\"923\">Sultan Spices<\/strong>, apresentamos-lhe a melhor sele\u00e7\u00e3o de <strong data-start=\"960\" data-end=\"1037\">Mercearias indianas e paquistanesas, bebidas de qualidade e produtos especializados<\/strong> para melhorar a sua experi\u00eancia culin\u00e1ria. <strong data-start=\"1075\" data-end=\"1108\">PURE HEAVEN DRINK MA\u00c7\u00c3 750ML<\/strong> \u00e9 um must-have para quem gosta de <strong data-start=\"1143\" data-end=\"1187\">bebidas frutadas, espumantes e refrescantes<\/strong>.<\/p>\n<p data-start=\"1192\" data-end=\"1325\">Visitar <strong data-start=\"1198\" data-end=\"1225\">Sultan Spices em M\u00e1laga<\/strong> para explorar uma variedade de sumos ex\u00f3ticos, bebidas n\u00e3o alco\u00f3licas e produtos essenciais de mercearia de alta qualidade.<\/p>\n<p data-start=\"1327\" data-end=\"1464\" data-is-last-node=\"\">Desfrute do sabor crocante e natural de <strong data-start=\"1364\" data-end=\"1397\">PURE HEAVEN DRINK MA\u00c7\u00c3 750ML<\/strong>, j\u00e1 dispon\u00edvel em <strong data-start=\"1416\" data-end=\"1433\">Sultan Spices<\/strong>-onde a qualidade encontra a tradi\u00e7\u00e3o!<\/p>\n<\/div>\n<\/div>\n<\/div>\n<\/div>","protected":false},"excerpt":{"rendered":"<p>Desfrute do sabor crocante e refrescante da PURE HEAVEN DRINK APPLE 750ML, agora dispon\u00edvel na Sultan Spices, a sua mercearia indiana de confian\u00e7a em M\u00e1laga. Esta bebida premium sem \u00e1lcool oferece o sabor naturalmente doce e picante das ma\u00e7\u00e3s maduras, tornando-a a bebida perfeita para qualquer ocasi\u00e3o. Carater\u00edsticas principais: \u2714 Delicioso sabor a ma\u00e7\u00e3: Um sabor rico e...<\/p>","protected":false},"featured_media":5037,"comment_status":"open","ping_status":"closed","template":"","meta":{"_kad_blocks_custom_css":"","_kad_blocks_head_custom_js":"","_kad_blocks_body_custom_js":"","_kad_blocks_footer_custom_js":"","_kadence_starter_templates_imported_post":false,"_kad_post_transparent":"default","_kad_post_title":"","_kad_post_layout":"default","_kad_post_sidebar_id":"","_kad_post_content_style":"default","_kad_post_vertical_padding":"default","_kad_post_feature":"","_kad_post_feature_position":"","_kad_post_header":false,"_kad_post_footer":false,"_kad_post_classname":""},"product_brand":[],"product_cat":[58],"product_tag":[],"class_list":{"0":"post-5001","1":"product","2":"type-product","3":"status-publish","4":"has-post-thumbnail","6":"product_cat-beverages","8":"first","9":"instock","10":"shipping-taxable","11":"purchasable","12":"product-type-simple","13":"entry","14":"content-bg","15":"loop-entry"},"taxonomy_info":{"product_cat":[{"value":58,"label":"Beverages"}]},"featured_image_src_large":["https:\/\/sultanspices.es\/wp-content\/uploads\/2025\/02\/ProductsPIX-38-1024x1024.png",1024,1024,true],"author_info":[],"comment_info":1,"jetpack_sharing_enabled":true,"_links":{"self":[{"href":"https:\/\/sultanspices.es\/pt\/wp-json\/wp\/v2\/product\/5001","targetHints":{"allow":["GET"]}}],"collection":[{"href":"https:\/\/sultanspices.es\/pt\/wp-json\/wp\/v2\/product"}],"about":[{"href":"https:\/\/sultanspices.es\/pt\/wp-json\/wp\/v2\/types\/product"}],"replies":[{"embeddable":true,"href":"https:\/\/sultanspices.es\/pt\/wp-json\/wp\/v2\/comments?post=5001"}],"wp:featuredmedia":[{"embeddable":true,"href":"https:\/\/sultanspices.es\/pt\/wp-json\/wp\/v2\/media\/5037"}],"wp:attachment":[{"href":"https:\/\/sultanspices.es\/pt\/wp-json\/wp\/v2\/media?parent=5001"}],"wp:term":[{"taxonomy":"product_brand","embeddable":true,"href":"https:\/\/sultanspices.es\/pt\/wp-json\/wp\/v2\/product_brand?post=5001"},{"taxonomy":"product_cat","embeddable":true,"href":"https:\/\/sultanspices.es\/pt\/wp-json\/wp\/v2\/product_cat?post=5001"},{"taxonomy":"product_tag","embeddable":true,"href":"https:\/\/sultanspices.es\/pt\/wp-json\/wp\/v2\/product_tag?post=5001"}],"curies":[{"name":"wp","href":"https:\/\/api.w.org\/{rel}","templated":true}]}}