{"id":5000,"date":"2025-02-16T18:24:15","date_gmt":"2025-02-16T17:24:15","guid":{"rendered":"https:\/\/sultanspices.es\/product\/poppy-seeds-oil-ktc-250ml\/"},"modified":"2026-04-08T10:23:21","modified_gmt":"2026-04-08T08:23:21","slug":"poppy-seeds-oil-ktc-250ml","status":"publish","type":"product","link":"https:\/\/sultanspices.es\/pt\/produto\/oleo-de-sementes-de-papoila-ktc-250ml\/","title":{"rendered":"\u00d3LEO DE SEMENTES DE PAPOILA KTC 250ML"},"content":{"rendered":"<div class=\"flex max-w-full flex-col flex-grow\">\n<div class=\"min-h-8 text-message flex w-full flex-col items-end gap-2 whitespace-normal break-words text-start [.text-message+&amp;]:mt-5\" dir=\"auto\" data-message-author-role=\"assistant\" data-message-id=\"1510f33e-4766-40e6-927c-403894026e26\" data-message-model-slug=\"gpt-4o\">\n<div class=\"flex w-full flex-col gap-1 empty:hidden first:pt-[3px]\">\n<div class=\"markdown prose w-full break-words dark:prose-invert dark\">\n<p data-start=\"33\" data-end=\"331\">Descubra a bondade natural de <strong data-start=\"66\" data-end=\"95\">\u00d3LEO DE SEMENTES DE PAPOILA KTC 250ML<\/strong>, agora dispon\u00edvel em <strong data-start=\"114\" data-end=\"131\">Sultan Spices<\/strong>, a sua confian\u00e7a <strong data-start=\"146\" data-end=\"180\">Mercearia indiana em M\u00e1laga<\/strong>. Este <strong data-start=\"187\" data-end=\"213\">\u00f3leo puro e vers\u00e1til<\/strong> \u00e9 extra\u00eddo de sementes de papoila de alta qualidade, tornando-o um complemento perfeito para a sua cozinha e rotina de cuidados pessoais.<\/p>\n<h3 data-start=\"333\" data-end=\"356\"><strong data-start=\"337\" data-end=\"354\">Caracter\u00edsticas principais:<\/strong><\/h3>\n<p data-start=\"357\" data-end=\"807\">\u2714 <strong data-start=\"359\" data-end=\"383\">100% Puro e natural:<\/strong> \u00d3leo de sementes de papoila prensado a frio para uma reten\u00e7\u00e3o m\u00e1xima dos nutrientes.<br data-start=\"443\" data-end=\"446\" \/>\u2714 <strong data-start=\"448\" data-end=\"470\">Rico em nutrientes:<\/strong> Cont\u00e9m \u00e1cidos gordos essenciais, antioxidantes e vitaminas para o bem-estar geral.<br data-start=\"551\" data-end=\"554\" \/>\u2714 <strong data-start=\"556\" data-end=\"577\">Utiliza\u00e7\u00e3o polivalente:<\/strong> Ideal para cozinhar, temperar, cuidar da pele e do cabelo.<br data-start=\"632\" data-end=\"635\" \/>\u2714 <strong data-start=\"637\" data-end=\"661\">Sabor suave e a nozes:<\/strong> Real\u00e7a o sabor de saladas, produtos de pastelaria e outras receitas.<br data-start=\"723\" data-end=\"726\" \/>\u2714 <strong data-start=\"728\" data-end=\"756\">Garrafa pr\u00e1tica de 250 ml:<\/strong> F\u00e1cil de guardar e utilizar para m\u00faltiplas aplica\u00e7\u00f5es.<\/p>\n<p data-start=\"809\" data-end=\"1037\">Em <strong data-start=\"812\" data-end=\"829\">Sultan Spices<\/strong>, apresentamos-lhe uma qualidade elevada <strong data-start=\"857\" data-end=\"881\">Indiano e paquistan\u00eas<\/strong> ingredientes para enriquecer o seu estilo de vida quotidiano. <strong data-start=\"926\" data-end=\"955\">\u00d3LEO DE SEMENTES DE PAPOILA KTC 250ML<\/strong> \u00e9 perfeito para quem procura um <strong data-start=\"991\" data-end=\"1034\">\u00f3leo saud\u00e1vel, natural e polivalente<\/strong>.<\/p>\n<p data-start=\"1039\" data-end=\"1162\">Visitar <strong data-start=\"1045\" data-end=\"1072\">Sultan Spices em M\u00e1laga<\/strong> para explorar uma variedade de azeites de primeira qualidade, especiarias aut\u00eanticas e produtos de mercearia especiais.<\/p>\n<p data-start=\"1164\" data-end=\"1315\" data-is-last-node=\"\">Experimente o <strong data-start=\"1179\" data-end=\"1215\">benef\u00edcios para a sa\u00fade e sabores ricos<\/strong> de <strong data-start=\"1219\" data-end=\"1248\">\u00d3LEO DE SEMENTES DE PAPOILA KTC 250ML<\/strong>, agora dispon\u00edvel em <strong data-start=\"1267\" data-end=\"1284\">Sultan Spices<\/strong>-onde a qualidade encontra a tradi\u00e7\u00e3o!<\/p>\n<\/div>\n<\/div>\n<\/div>\n<\/div>\n<div class=\"mb-2 flex gap-3 empty:hidden -ml-2\">\n<div class=\"items-center justify-start rounded-xl p-1 flex\">\n<div class=\"flex items-center\"><\/div>\n<\/div>\n<\/div>","protected":false},"excerpt":{"rendered":"<p>Descubra a bondade natural do \u00d3LEO DE SEMENTES DE PAPOILA KTC 250ML, agora dispon\u00edvel na Sultan Spices, a sua mercearia indiana de confian\u00e7a em M\u00e1laga. Este \u00f3leo puro e vers\u00e1til \u00e9 extra\u00eddo de sementes de papoila de alta qualidade, tornando-o um complemento perfeito para a sua cozinha e rotina de cuidados pessoais. Carater\u00edsticas principais: \u2714 100% Puro e Natural: Sementes de papoila prensadas a frio...<\/p>","protected":false},"featured_media":5039,"comment_status":"open","ping_status":"closed","template":"","meta":{"_kad_blocks_custom_css":"","_kad_blocks_head_custom_js":"","_kad_blocks_body_custom_js":"","_kad_blocks_footer_custom_js":"","_kadence_starter_templates_imported_post":false,"_kad_post_transparent":"default","_kad_post_title":"","_kad_post_layout":"default","_kad_post_sidebar_id":"","_kad_post_content_style":"default","_kad_post_vertical_padding":"default","_kad_post_feature":"","_kad_post_feature_position":"","_kad_post_header":false,"_kad_post_footer":false,"_kad_post_classname":""},"product_brand":[],"product_cat":[62],"product_tag":[],"class_list":{"0":"post-5000","1":"product","2":"type-product","3":"status-publish","4":"has-post-thumbnail","6":"product_cat-oils","8":"first","9":"instock","10":"shipping-taxable","11":"purchasable","12":"product-type-simple","13":"entry","14":"content-bg","15":"loop-entry"},"taxonomy_info":{"product_cat":[{"value":62,"label":"Oils"}]},"featured_image_src_large":["https:\/\/sultanspices.es\/wp-content\/uploads\/2025\/02\/ProductsPIX-39-1024x1024.png",1024,1024,true],"author_info":[],"comment_info":0,"jetpack_sharing_enabled":true,"_links":{"self":[{"href":"https:\/\/sultanspices.es\/pt\/wp-json\/wp\/v2\/product\/5000","targetHints":{"allow":["GET"]}}],"collection":[{"href":"https:\/\/sultanspices.es\/pt\/wp-json\/wp\/v2\/product"}],"about":[{"href":"https:\/\/sultanspices.es\/pt\/wp-json\/wp\/v2\/types\/product"}],"replies":[{"embeddable":true,"href":"https:\/\/sultanspices.es\/pt\/wp-json\/wp\/v2\/comments?post=5000"}],"wp:featuredmedia":[{"embeddable":true,"href":"https:\/\/sultanspices.es\/pt\/wp-json\/wp\/v2\/media\/5039"}],"wp:attachment":[{"href":"https:\/\/sultanspices.es\/pt\/wp-json\/wp\/v2\/media?parent=5000"}],"wp:term":[{"taxonomy":"product_brand","embeddable":true,"href":"https:\/\/sultanspices.es\/pt\/wp-json\/wp\/v2\/product_brand?post=5000"},{"taxonomy":"product_cat","embeddable":true,"href":"https:\/\/sultanspices.es\/pt\/wp-json\/wp\/v2\/product_cat?post=5000"},{"taxonomy":"product_tag","embeddable":true,"href":"https:\/\/sultanspices.es\/pt\/wp-json\/wp\/v2\/product_tag?post=5000"}],"curies":[{"name":"wp","href":"https:\/\/api.w.org\/{rel}","templated":true}]}}