{"id":4999,"date":"2025-02-16T18:24:14","date_gmt":"2025-02-16T17:24:14","guid":{"rendered":"https:\/\/sultanspices.es\/product\/pickle-national-mix-crushed-390g\/"},"modified":"2026-02-23T12:41:10","modified_gmt":"2026-02-23T11:41:10","slug":"pickle-national-mix-crushed-390g","status":"publish","type":"product","link":"https:\/\/sultanspices.es\/pt\/produto\/pickle-national-mix-crushed-390g\/","title":{"rendered":"MISTURA DE PICKLES NATIONAL ESMAGADA 390G"},"content":{"rendered":"<div class=\"flex max-w-full flex-col flex-grow\">\n<div class=\"min-h-8 text-message flex w-full flex-col items-end gap-2 whitespace-normal break-words text-start [.text-message+&amp;]:mt-5\" dir=\"auto\" data-message-author-role=\"assistant\" data-message-id=\"1d8268dd-5e6f-4095-ad66-af1a9e41550f\" data-message-model-slug=\"gpt-4o\">\n<div class=\"flex w-full flex-col gap-1 empty:hidden first:pt-[3px]\">\n<div class=\"markdown prose w-full break-words dark:prose-invert dark\">\n<p data-start=\"40\" data-end=\"396\">Adicione uma explos\u00e3o de sabor ousado e picante \u00e0s suas refei\u00e7\u00f5es com <strong data-start=\"96\" data-end=\"132\">MISTURA DE PICKLES NATIONAL ESMAGADA 390G<\/strong>, agora dispon\u00edvel em <strong data-start=\"151\" data-end=\"168\">Sultan Spices<\/strong>, o seu contacto <strong data-start=\"181\" data-end=\"215\">Mercearia indiana em M\u00e1laga<\/strong>. Este aut\u00eantico pickle paquistan\u00eas \u00e9 feito a partir de uma mistura de <strong data-start=\"273\" data-end=\"333\">mangas esmagadas, cenouras, lim\u00f5es e especiarias tradicionais<\/strong>O seu sabor e aroma s\u00e3o perfeitos, oferecendo o equil\u00edbrio perfeito entre calor, sabor e aroma.<\/p>\n<h3 data-start=\"398\" data-end=\"421\"><strong data-start=\"402\" data-end=\"419\">Caracter\u00edsticas principais:<\/strong><\/h3>\n<p data-start=\"422\" data-end=\"912\">\u2714 <strong data-start=\"424\" data-end=\"455\">Aut\u00eantico pickle paquistan\u00eas:<\/strong> Uma deliciosa mistura de frutas e legumes escolhidos a dedo, esmagados e marinados em especiarias de primeira qualidade.<br data-start=\"549\" data-end=\"552\" \/>\u2714 <strong data-start=\"554\" data-end=\"578\">Sabor rico e picante:<\/strong> Mistura perfeitamente equilibrada de notas picantes, \u00e1cidas e salgadas.<br data-start=\"637\" data-end=\"640\" \/>\u2714 <strong data-start=\"642\" data-end=\"660\">Utiliza\u00e7\u00e3o vers\u00e1til:<\/strong> Desfrutar com <strong data-start=\"672\" data-end=\"730\">parathas, caril, pratos de arroz ou como acompanhamento saboroso<\/strong>.<br data-start=\"731\" data-end=\"734\" \/>\u2714 <strong data-start=\"736\" data-end=\"768\">Sem conservantes artificiais:<\/strong> Elaborado com ingredientes naturais para um aut\u00eantico sabor caseiro.<br data-start=\"831\" data-end=\"834\" \/>\u2714 <strong data-start=\"836\" data-end=\"860\">Frasco pr\u00e1tico de 390G:<\/strong> Ideal para refei\u00e7\u00f5es di\u00e1rias e frescura duradoura.<\/p>\n<p data-start=\"914\" data-end=\"1204\">Em <strong data-start=\"917\" data-end=\"934\">Sultan Spices<\/strong>oferecemos a melhor sele\u00e7\u00e3o de <strong data-start=\"967\" data-end=\"1039\">Pickles, especiarias e produtos de mercearia especiais indianos e paquistaneses<\/strong> para levar os sabores aut\u00eanticos \u00e0 sua cozinha. <strong data-start=\"1084\" data-end=\"1120\">MISTURA DE PICKLES NATIONAL ESMAGADA 390G<\/strong> \u00e9 um must-have para quem gosta de <strong data-start=\"1157\" data-end=\"1201\">sabores arrojados e tradicionais do Sul da \u00c1sia<\/strong>.<\/p>\n<p data-start=\"1206\" data-end=\"1313\">Visitar <strong data-start=\"1212\" data-end=\"1239\">Sultan Spices em M\u00e1laga<\/strong> para explorar uma vasta gama de pickles, chutneys e condimentos aut\u00eanticos.<\/p>\n<p data-start=\"1315\" data-end=\"1457\" data-is-last-node=\"\">Desfrutar do <strong data-start=\"1325\" data-end=\"1350\">picante e picante<\/strong> de <strong data-start=\"1354\" data-end=\"1390\">MISTURA DE PICKLES NATIONAL ESMAGADA 390G<\/strong>, j\u00e1 dispon\u00edvel em <strong data-start=\"1409\" data-end=\"1426\">Sultan Spices<\/strong>-onde a qualidade encontra a tradi\u00e7\u00e3o!<\/p>\n<\/div>\n<\/div>\n<\/div>\n<\/div>","protected":false},"excerpt":{"rendered":"<p>Adicione uma explos\u00e3o de sabor ousado e picante \u00e0s suas refei\u00e7\u00f5es com o PICKLE NATIONAL MIX CRUSHED 390G, agora dispon\u00edvel na Sultan Spices, a sua mercearia indiana de refer\u00eancia em M\u00e1laga. Este aut\u00eantico pickle paquistan\u00eas \u00e9 feito a partir de uma mistura de mangas esmagadas, cenouras, lim\u00f5es e especiarias tradicionais, oferecendo o equil\u00edbrio perfeito entre calor,...<\/p>","protected":false},"featured_media":5042,"comment_status":"open","ping_status":"closed","template":"","meta":{"_kad_blocks_custom_css":"","_kad_blocks_head_custom_js":"","_kad_blocks_body_custom_js":"","_kad_blocks_footer_custom_js":"","_kadence_starter_templates_imported_post":false,"_kad_post_transparent":"default","_kad_post_title":"","_kad_post_layout":"default","_kad_post_sidebar_id":"","_kad_post_content_style":"default","_kad_post_vertical_padding":"default","_kad_post_feature":"","_kad_post_feature_position":"","_kad_post_header":false,"_kad_post_footer":false,"_kad_post_classname":""},"product_brand":[],"product_cat":[55],"product_tag":[],"class_list":{"0":"post-4999","1":"product","2":"type-product","3":"status-publish","4":"has-post-thumbnail","6":"product_cat-pastes","8":"first","9":"outofstock","10":"shipping-taxable","11":"purchasable","12":"product-type-simple","13":"entry","14":"content-bg","15":"loop-entry"},"taxonomy_info":{"product_cat":[{"value":55,"label":"Pastes, Pickles &amp; Sauces"}]},"featured_image_src_large":["https:\/\/sultanspices.es\/wp-content\/uploads\/2025\/02\/ProductsPIX-40-1024x1024.png",1024,1024,true],"author_info":[],"comment_info":0,"jetpack_sharing_enabled":true,"_links":{"self":[{"href":"https:\/\/sultanspices.es\/pt\/wp-json\/wp\/v2\/product\/4999","targetHints":{"allow":["GET"]}}],"collection":[{"href":"https:\/\/sultanspices.es\/pt\/wp-json\/wp\/v2\/product"}],"about":[{"href":"https:\/\/sultanspices.es\/pt\/wp-json\/wp\/v2\/types\/product"}],"replies":[{"embeddable":true,"href":"https:\/\/sultanspices.es\/pt\/wp-json\/wp\/v2\/comments?post=4999"}],"wp:featuredmedia":[{"embeddable":true,"href":"https:\/\/sultanspices.es\/pt\/wp-json\/wp\/v2\/media\/5042"}],"wp:attachment":[{"href":"https:\/\/sultanspices.es\/pt\/wp-json\/wp\/v2\/media?parent=4999"}],"wp:term":[{"taxonomy":"product_brand","embeddable":true,"href":"https:\/\/sultanspices.es\/pt\/wp-json\/wp\/v2\/product_brand?post=4999"},{"taxonomy":"product_cat","embeddable":true,"href":"https:\/\/sultanspices.es\/pt\/wp-json\/wp\/v2\/product_cat?post=4999"},{"taxonomy":"product_tag","embeddable":true,"href":"https:\/\/sultanspices.es\/pt\/wp-json\/wp\/v2\/product_tag?post=4999"}],"curies":[{"name":"wp","href":"https:\/\/api.w.org\/{rel}","templated":true}]}}