{"id":4998,"date":"2025-02-16T18:24:12","date_gmt":"2025-02-16T17:24:12","guid":{"rendered":"https:\/\/sultanspices.es\/product\/pickle-national-mix-1kg\/"},"modified":"2026-03-31T18:37:41","modified_gmt":"2026-03-31T16:37:41","slug":"pickle-national-mix-1kg","status":"publish","type":"product","link":"https:\/\/sultanspices.es\/pt\/produto\/pickle-nacional-mix-1kg\/","title":{"rendered":"PICKLE NATIONAL MIX 1KG"},"content":{"rendered":"<div class=\"flex max-w-full flex-col flex-grow\">\n<div class=\"min-h-8 text-message flex w-full flex-col items-end gap-2 whitespace-normal break-words text-start [.text-message+&amp;]:mt-5\" dir=\"auto\" data-message-author-role=\"assistant\" data-message-id=\"3d58712c-b41f-4f7d-98a4-c24f6d89c092\" data-message-model-slug=\"gpt-4o\">\n<div class=\"flex w-full flex-col gap-1 empty:hidden first:pt-[3px]\">\n<div class=\"markdown prose w-full break-words dark:prose-invert dark\">\n<p data-start=\"31\" data-end=\"398\">Realce as suas refei\u00e7\u00f5es com os sabores arrojados e picantes de <strong data-start=\"85\" data-end=\"112\">PICKLE NATIONAL MIX 1KG<\/strong>, agora dispon\u00edvel em <strong data-start=\"131\" data-end=\"148\">Sultan Spices<\/strong>, a sua confian\u00e7a <strong data-start=\"163\" data-end=\"197\">Mercearia indiana em M\u00e1laga<\/strong>. Este <strong data-start=\"204\" data-end=\"240\">aut\u00eantico pickle misto paquistan\u00eas<\/strong> \u00e9 feito de uma combina\u00e7\u00e3o saborosa de <strong data-start=\"281\" data-end=\"345\">mangas, cenouras, lim\u00f5es e especiarias tradicionais do Sul da \u00c1sia<\/strong>, proporcionando o equil\u00edbrio perfeito entre a especiaria e o sabor.<\/p>\n<h3 data-start=\"400\" data-end=\"423\"><strong data-start=\"404\" data-end=\"421\">Caracter\u00edsticas principais:<\/strong><\/h3>\n<p data-start=\"424\" data-end=\"912\">\u2714 <strong data-start=\"426\" data-end=\"456\">O aut\u00eantico sabor paquistan\u00eas:<\/strong> Uma mistura rica de legumes e frutos em conserva, marinados em especiarias arom\u00e1ticas.<br data-start=\"533\" data-end=\"536\" \/>\u2714 <strong data-start=\"538\" data-end=\"562\">Sabor forte e picante:<\/strong> Mistura perfeitamente equilibrada de notas picantes, \u00e1cidas e salgadas.<br data-start=\"619\" data-end=\"622\" \/>\u2714 <strong data-start=\"624\" data-end=\"646\">Emparelhamento vers\u00e1til:<\/strong> Desfrutar com <strong data-start=\"658\" data-end=\"712\">parathas, pratos de arroz, caril ou como acompanhamento picante<\/strong>.<br data-start=\"713\" data-end=\"716\" \/>\u2714 <strong data-start=\"718\" data-end=\"752\">Feito com ingredientes naturais:<\/strong> Sem conservantes artificiais, garantindo um sabor caseiro.<br data-start=\"814\" data-end=\"817\" \/>\u2714 <strong data-start=\"819\" data-end=\"844\">Frasco familiar de 1KG:<\/strong> Ideal para fam\u00edlias que gostam de pickles aut\u00eanticos em todas as refei\u00e7\u00f5es.<\/p>\n<p data-start=\"914\" data-end=\"1179\">Em <strong data-start=\"917\" data-end=\"934\">Sultan Spices<\/strong>, apresentamos-lhe a melhor sele\u00e7\u00e3o de <strong data-start=\"973\" data-end=\"1029\">Pickles, especiarias e condimentos indianos e paquistaneses<\/strong> para elevar a sua experi\u00eancia culin\u00e1ria. <strong data-start=\"1067\" data-end=\"1094\">PICKLE NATIONAL MIX 1KG<\/strong> \u00e9 um must-have para quem gosta de <strong data-start=\"1132\" data-end=\"1176\">sabores arrojados e tradicionais do Sul da \u00c1sia<\/strong>.<\/p>\n<p data-start=\"1181\" data-end=\"1305\">Visitar <strong data-start=\"1187\" data-end=\"1214\">Sultan Spices em M\u00e1laga<\/strong> para explorar uma variedade de pickles aut\u00eanticos, misturas de especiarias e produtos de mercearia especiais.<\/p>\n<p data-start=\"1307\" data-end=\"1440\" data-is-last-node=\"\">Desfrutar do <strong data-start=\"1317\" data-end=\"1342\">saboroso e picante<\/strong> de <strong data-start=\"1346\" data-end=\"1373\">PICKLE NATIONAL MIX 1KG<\/strong>, j\u00e1 dispon\u00edvel em <strong data-start=\"1392\" data-end=\"1409\">Sultan Spices<\/strong>-onde a qualidade encontra a tradi\u00e7\u00e3o!<\/p>\n<\/div>\n<\/div>\n<\/div>\n<\/div>","protected":false},"excerpt":{"rendered":"<p>Melhore as suas refei\u00e7\u00f5es com os sabores arrojados e picantes do PICKLE NATIONAL MIX 1KG, agora dispon\u00edvel na Sultan Spices, a sua mercearia indiana de confian\u00e7a em M\u00e1laga. Este aut\u00eantico pickle paquistan\u00eas \u00e9 feito a partir de uma combina\u00e7\u00e3o saborosa de mangas, cenouras, lim\u00f5es e especiarias tradicionais do sul da \u00c1sia, proporcionando o equil\u00edbrio perfeito de especiarias e sabor. A chave...<\/p>","protected":false},"featured_media":5043,"comment_status":"open","ping_status":"closed","template":"","meta":{"_kad_blocks_custom_css":"","_kad_blocks_head_custom_js":"","_kad_blocks_body_custom_js":"","_kad_blocks_footer_custom_js":"","_kadence_starter_templates_imported_post":false,"_kad_post_transparent":"default","_kad_post_title":"","_kad_post_layout":"default","_kad_post_sidebar_id":"","_kad_post_content_style":"default","_kad_post_vertical_padding":"default","_kad_post_feature":"","_kad_post_feature_position":"","_kad_post_header":false,"_kad_post_footer":false,"_kad_post_classname":""},"product_brand":[],"product_cat":[55],"product_tag":[],"class_list":{"0":"post-4998","1":"product","2":"type-product","3":"status-publish","4":"has-post-thumbnail","6":"product_cat-pastes","8":"first","9":"instock","10":"shipping-taxable","11":"purchasable","12":"product-type-simple","13":"entry","14":"content-bg","15":"loop-entry"},"taxonomy_info":{"product_cat":[{"value":55,"label":"Pastes, Pickles &amp; Sauces"}]},"featured_image_src_large":["https:\/\/sultanspices.es\/wp-content\/uploads\/2025\/02\/ProductsPIX-41-1024x1024.png",1024,1024,true],"author_info":[],"comment_info":0,"jetpack_sharing_enabled":true,"_links":{"self":[{"href":"https:\/\/sultanspices.es\/pt\/wp-json\/wp\/v2\/product\/4998","targetHints":{"allow":["GET"]}}],"collection":[{"href":"https:\/\/sultanspices.es\/pt\/wp-json\/wp\/v2\/product"}],"about":[{"href":"https:\/\/sultanspices.es\/pt\/wp-json\/wp\/v2\/types\/product"}],"replies":[{"embeddable":true,"href":"https:\/\/sultanspices.es\/pt\/wp-json\/wp\/v2\/comments?post=4998"}],"wp:featuredmedia":[{"embeddable":true,"href":"https:\/\/sultanspices.es\/pt\/wp-json\/wp\/v2\/media\/5043"}],"wp:attachment":[{"href":"https:\/\/sultanspices.es\/pt\/wp-json\/wp\/v2\/media?parent=4998"}],"wp:term":[{"taxonomy":"product_brand","embeddable":true,"href":"https:\/\/sultanspices.es\/pt\/wp-json\/wp\/v2\/product_brand?post=4998"},{"taxonomy":"product_cat","embeddable":true,"href":"https:\/\/sultanspices.es\/pt\/wp-json\/wp\/v2\/product_cat?post=4998"},{"taxonomy":"product_tag","embeddable":true,"href":"https:\/\/sultanspices.es\/pt\/wp-json\/wp\/v2\/product_tag?post=4998"}],"curies":[{"name":"wp","href":"https:\/\/api.w.org\/{rel}","templated":true}]}}