{"id":4975,"date":"2025-02-16T18:23:48","date_gmt":"2025-02-16T17:23:48","guid":{"rendered":"https:\/\/sultanspices.es\/product\/maggi-coconut-milk-powder-1kg\/"},"modified":"2026-04-07T08:28:44","modified_gmt":"2026-04-07T06:28:44","slug":"maggi-coconut-milk-powder-1kg","status":"publish","type":"product","link":"https:\/\/sultanspices.es\/pt\/produto\/maggi-leite-de-coco-em-po-1kg\/","title":{"rendered":"LEITE DE COCO EM P\u00d3 MAGGI 1KG"},"content":{"rendered":"<p>D\u00ea um toque de riqueza tropical aos seus pratos com <strong>Leite de coco em p\u00f3 Maggi (1kg)<\/strong>. Este p\u00f3 vers\u00e1til e f\u00e1cil de utilizar \u00e9 perfeito para criar caris cremosos, sobremesas decadentes e bebidas refrescantes. Basta misturar com \u00e1gua para obter um leite de coco suave e arom\u00e1tico que real\u00e7a o sabor das suas receitas favoritas. Quer esteja a preparar caril tailand\u00eas, doces indianos ou batidos, o leite de coco em p\u00f3 Maggi garante uma qualidade consistente e conveniente. Ideal para cozinheiros dom\u00e9sticos e chefs profissionais. Encomende agora na Sultan Spices e desfrute do sabor aut\u00eantico do coco entregue \u00e0 sua porta em qualquer parte de Espanha.<\/p>\n<p><strong>Palavras-chave:<\/strong> Leite de coco em p\u00f3 Maggi, leite de coco em p\u00f3, coco em p\u00f3 cremoso, mercearia indiana Espanha, Sultan Spices M\u00e1laga, leite de coco para caril, coco em p\u00f3 vegan.<\/p>","protected":false},"excerpt":{"rendered":"<p>D\u00ea um toque de riqueza tropical aos seus pratos com o leite de coco em p\u00f3 Maggi (1kg). Este p\u00f3 vers\u00e1til e f\u00e1cil de usar \u00e9 perfeito para criar caril cremoso, sobremesas decadentes e bebidas refrescantes. Basta misturar com \u00e1gua para obter um leite de coco suave e arom\u00e1tico que real\u00e7a o sabor das suas receitas favoritas. Quer esteja a fazer caril tailand\u00eas, caril indiano,...<\/p>","protected":false},"featured_media":5053,"comment_status":"open","ping_status":"closed","template":"","meta":{"_kad_blocks_custom_css":"","_kad_blocks_head_custom_js":"","_kad_blocks_body_custom_js":"","_kad_blocks_footer_custom_js":"","_kadence_starter_templates_imported_post":false,"_kad_post_transparent":"default","_kad_post_title":"","_kad_post_layout":"default","_kad_post_sidebar_id":"","_kad_post_content_style":"default","_kad_post_vertical_padding":"default","_kad_post_feature":"","_kad_post_feature_position":"","_kad_post_header":false,"_kad_post_footer":false,"_kad_post_classname":""},"product_brand":[],"product_cat":[61],"product_tag":[],"class_list":{"0":"post-4975","1":"product","2":"type-product","3":"status-publish","4":"has-post-thumbnail","6":"product_cat-dairy-productsghee","8":"first","9":"instock","10":"shipping-taxable","11":"purchasable","12":"product-type-simple","13":"entry","14":"content-bg","15":"loop-entry"},"taxonomy_info":{"product_cat":[{"value":61,"label":"Dairy Products(ghee)"}]},"featured_image_src_large":["https:\/\/sultanspices.es\/wp-content\/uploads\/2025\/02\/ProductsPIX-45-1024x1024.png",1024,1024,true],"author_info":[],"comment_info":0,"jetpack_sharing_enabled":true,"_links":{"self":[{"href":"https:\/\/sultanspices.es\/pt\/wp-json\/wp\/v2\/product\/4975","targetHints":{"allow":["GET"]}}],"collection":[{"href":"https:\/\/sultanspices.es\/pt\/wp-json\/wp\/v2\/product"}],"about":[{"href":"https:\/\/sultanspices.es\/pt\/wp-json\/wp\/v2\/types\/product"}],"replies":[{"embeddable":true,"href":"https:\/\/sultanspices.es\/pt\/wp-json\/wp\/v2\/comments?post=4975"}],"wp:featuredmedia":[{"embeddable":true,"href":"https:\/\/sultanspices.es\/pt\/wp-json\/wp\/v2\/media\/5053"}],"wp:attachment":[{"href":"https:\/\/sultanspices.es\/pt\/wp-json\/wp\/v2\/media?parent=4975"}],"wp:term":[{"taxonomy":"product_brand","embeddable":true,"href":"https:\/\/sultanspices.es\/pt\/wp-json\/wp\/v2\/product_brand?post=4975"},{"taxonomy":"product_cat","embeddable":true,"href":"https:\/\/sultanspices.es\/pt\/wp-json\/wp\/v2\/product_cat?post=4975"},{"taxonomy":"product_tag","embeddable":true,"href":"https:\/\/sultanspices.es\/pt\/wp-json\/wp\/v2\/product_tag?post=4975"}],"curies":[{"name":"wp","href":"https:\/\/api.w.org\/{rel}","templated":true}]}}