{"id":4974,"date":"2025-02-16T18:23:47","date_gmt":"2025-02-16T17:23:47","guid":{"rendered":"https:\/\/sultanspices.es\/product\/linseed-oil-ktc-12x250ml\/"},"modified":"2026-02-23T12:40:53","modified_gmt":"2026-02-23T11:40:53","slug":"linseed-oil-ktc-250ml","status":"publish","type":"product","link":"https:\/\/sultanspices.es\/pt\/produto\/oleo-de-linhaca-ktc-250ml\/","title":{"rendered":"\u00d3LEO DE LINHA\u00c7A KTC 250ML"},"content":{"rendered":"<p>Melhore a sua sa\u00fade e eleve as suas refei\u00e7\u00f5es com <strong>\u00d3leo de linha\u00e7a KTC (250ml)<\/strong>O \u00f3leo de linha\u00e7a, um \u00f3leo prensado a frio repleto de \u00e1cidos gordos \u00f3mega 3 e nutrientes essenciais. Conhecido pelo seu sabor a nozes e pelos seus in\u00fameros benef\u00edcios para a sa\u00fade, este \u00f3leo de linha\u00e7a \u00e9 perfeito para regar saladas, adicionar a batidos ou utilizar em molhos e molhos. \u00c9 uma \u00f3ptima escolha para pessoas preocupadas com a sa\u00fade que procuram incorporar \u00f3leos mais naturais e \u00e0 base de plantas na sua dieta. O \u00f3leo de linha\u00e7a KTC \u00e9 100% puro e mant\u00e9m a sua qualidade natural, o que o torna indispens\u00e1vel na sua cozinha. Encomende agora na Sultan Spices e desfrute dos benef\u00edcios deste \u00f3leo superalimentar entregue em qualquer parte de Espanha.<\/p>\n<p><strong>Palavras-chave:<\/strong> \u00d3leo de linha\u00e7a KTC, \u00f3leo de linha\u00e7a Espanha, \u00f3leo de linha\u00e7a prensado a frio, \u00f3leo \u00f3mega 3, \u00f3leo de cozinha saud\u00e1vel, Sultan Spices M\u00e1laga, mercearia indiana Espanha.<\/p>","protected":false},"excerpt":{"rendered":"<p>Melhore a sua sa\u00fade e eleve as suas refei\u00e7\u00f5es com o \u00f3leo de linha\u00e7a KTC (250 ml), um \u00f3leo prensado a frio repleto de \u00e1cidos gordos \u00f3mega 3 e nutrientes essenciais. Conhecido pelo seu sabor a nozes e pelos seus in\u00fameros benef\u00edcios para a sa\u00fade, este \u00f3leo de linha\u00e7a \u00e9 perfeito para regar saladas, adicionar a batidos ou utilizar em molhos e molhos. \u00c9 uma \u00f3ptima escolha para...<\/p>","protected":false},"featured_media":5054,"comment_status":"open","ping_status":"closed","template":"","meta":{"_kad_blocks_custom_css":"","_kad_blocks_head_custom_js":"","_kad_blocks_body_custom_js":"","_kad_blocks_footer_custom_js":"","_kadence_starter_templates_imported_post":false,"_kad_post_transparent":"default","_kad_post_title":"","_kad_post_layout":"default","_kad_post_sidebar_id":"","_kad_post_content_style":"default","_kad_post_vertical_padding":"default","_kad_post_feature":"","_kad_post_feature_position":"","_kad_post_header":false,"_kad_post_footer":false,"_kad_post_classname":""},"product_brand":[],"product_cat":[62],"product_tag":[],"class_list":{"0":"post-4974","1":"product","2":"type-product","3":"status-publish","4":"has-post-thumbnail","6":"product_cat-oils","8":"first","9":"instock","10":"sale","11":"shipping-taxable","12":"purchasable","13":"product-type-simple","14":"entry","15":"content-bg","16":"loop-entry"},"taxonomy_info":{"product_cat":[{"value":62,"label":"Oils"}]},"featured_image_src_large":["https:\/\/sultanspices.es\/wp-content\/uploads\/2025\/02\/ProductsPIX-46-1024x1024.png",1024,1024,true],"author_info":[],"comment_info":0,"jetpack_sharing_enabled":true,"_links":{"self":[{"href":"https:\/\/sultanspices.es\/pt\/wp-json\/wp\/v2\/product\/4974","targetHints":{"allow":["GET"]}}],"collection":[{"href":"https:\/\/sultanspices.es\/pt\/wp-json\/wp\/v2\/product"}],"about":[{"href":"https:\/\/sultanspices.es\/pt\/wp-json\/wp\/v2\/types\/product"}],"replies":[{"embeddable":true,"href":"https:\/\/sultanspices.es\/pt\/wp-json\/wp\/v2\/comments?post=4974"}],"wp:featuredmedia":[{"embeddable":true,"href":"https:\/\/sultanspices.es\/pt\/wp-json\/wp\/v2\/media\/5054"}],"wp:attachment":[{"href":"https:\/\/sultanspices.es\/pt\/wp-json\/wp\/v2\/media?parent=4974"}],"wp:term":[{"taxonomy":"product_brand","embeddable":true,"href":"https:\/\/sultanspices.es\/pt\/wp-json\/wp\/v2\/product_brand?post=4974"},{"taxonomy":"product_cat","embeddable":true,"href":"https:\/\/sultanspices.es\/pt\/wp-json\/wp\/v2\/product_cat?post=4974"},{"taxonomy":"product_tag","embeddable":true,"href":"https:\/\/sultanspices.es\/pt\/wp-json\/wp\/v2\/product_tag?post=4974"}],"curies":[{"name":"wp","href":"https:\/\/api.w.org\/{rel}","templated":true}]}}