{"id":4972,"date":"2025-02-16T18:23:43","date_gmt":"2025-02-16T17:23:43","guid":{"rendered":"https:\/\/sultanspices.es\/product\/kasuri-methi-trs-100g\/"},"modified":"2026-02-23T12:40:50","modified_gmt":"2026-02-23T11:40:50","slug":"kasuri-methi-trs-100g","status":"publish","type":"product","link":"https:\/\/sultanspices.es\/pt\/produto\/kasuri-methi-trs-100g\/","title":{"rendered":"KASURI METHI TRS 100G"},"content":{"rendered":"<p>Adicione uma explos\u00e3o de aut\u00eantico sabor indiano aos seus pratos com <strong>TRS Kasuri Methi (100g)<\/strong>. Estas folhas secas de feno-grego s\u00e3o um elemento b\u00e1sico da cozinha indiana, conhecidas pelo seu aroma \u00fanico e sabor ligeiramente amargo que real\u00e7a os caris, dals e parathas. Uma pitada de Kasuri Methi pode transformar as suas receitas, dando-lhes um sabor rico, ao estilo de restaurante. Quer esteja a preparar frango com manteiga, paratha de methi ou um dal saud\u00e1vel, este pacote de 100g \u00e9 perfeito para elevar as suas cria\u00e7\u00f5es culin\u00e1rias. Encomende agora na Sultan Spices e leve o sabor da \u00cdndia para a sua cozinha, entregue em qualquer parte de Espanha.<\/p>\n<p><strong>Palavras-chave:<\/strong> TRS Kasuri Methi, folhas secas de feno-grego, Kasuri Methi Espanha, especiarias para cozinha indiana, Sultan Spices M\u00e1laga, mercearia indiana Espanha, feno-grego para caril.<\/p>","protected":false},"excerpt":{"rendered":"<p>Adicione uma explos\u00e3o de sabor indiano aut\u00eantico aos seus pratos com TRS Kasuri Methi (100g). Estas folhas secas de feno-grego s\u00e3o um elemento b\u00e1sico da cozinha indiana, conhecidas pelo seu aroma \u00fanico e sabor ligeiramente amargo que real\u00e7a os caris, dals e parathas. Uma pitada de Kasuri Methi pode transformar as suas receitas, dando-lhes um sabor rico, ao estilo de restaurante....<\/p>","protected":false},"featured_media":5055,"comment_status":"open","ping_status":"closed","template":"","meta":{"_kad_blocks_custom_css":"","_kad_blocks_head_custom_js":"","_kad_blocks_body_custom_js":"","_kad_blocks_footer_custom_js":"","_kadence_starter_templates_imported_post":false,"_kad_post_transparent":"default","_kad_post_title":"","_kad_post_layout":"default","_kad_post_sidebar_id":"","_kad_post_content_style":"default","_kad_post_vertical_padding":"default","_kad_post_feature":"","_kad_post_feature_position":"","_kad_post_header":false,"_kad_post_footer":false,"_kad_post_classname":""},"product_brand":[],"product_cat":[50],"product_tag":[],"class_list":{"0":"post-4972","1":"product","2":"type-product","3":"status-publish","4":"has-post-thumbnail","6":"product_cat-spices","8":"first","9":"outofstock","10":"shipping-taxable","11":"purchasable","12":"product-type-simple","13":"entry","14":"content-bg","15":"loop-entry"},"taxonomy_info":{"product_cat":[{"value":50,"label":"Spices"}]},"featured_image_src_large":["https:\/\/sultanspices.es\/wp-content\/uploads\/2025\/02\/ProductsPIX-47-1024x1024.png",1024,1024,true],"author_info":[],"comment_info":0,"jetpack_sharing_enabled":true,"_links":{"self":[{"href":"https:\/\/sultanspices.es\/pt\/wp-json\/wp\/v2\/product\/4972","targetHints":{"allow":["GET"]}}],"collection":[{"href":"https:\/\/sultanspices.es\/pt\/wp-json\/wp\/v2\/product"}],"about":[{"href":"https:\/\/sultanspices.es\/pt\/wp-json\/wp\/v2\/types\/product"}],"replies":[{"embeddable":true,"href":"https:\/\/sultanspices.es\/pt\/wp-json\/wp\/v2\/comments?post=4972"}],"wp:featuredmedia":[{"embeddable":true,"href":"https:\/\/sultanspices.es\/pt\/wp-json\/wp\/v2\/media\/5055"}],"wp:attachment":[{"href":"https:\/\/sultanspices.es\/pt\/wp-json\/wp\/v2\/media?parent=4972"}],"wp:term":[{"taxonomy":"product_brand","embeddable":true,"href":"https:\/\/sultanspices.es\/pt\/wp-json\/wp\/v2\/product_brand?post=4972"},{"taxonomy":"product_cat","embeddable":true,"href":"https:\/\/sultanspices.es\/pt\/wp-json\/wp\/v2\/product_cat?post=4972"},{"taxonomy":"product_tag","embeddable":true,"href":"https:\/\/sultanspices.es\/pt\/wp-json\/wp\/v2\/product_tag?post=4972"}],"curies":[{"name":"wp","href":"https:\/\/api.w.org\/{rel}","templated":true}]}}