{"id":4964,"date":"2025-02-16T18:23:37","date_gmt":"2025-02-16T17:23:37","guid":{"rendered":"https:\/\/sultanspices.es\/product\/fn-anacardo-cru-400g\/"},"modified":"2026-02-23T12:40:44","modified_gmt":"2026-02-23T11:40:44","slug":"fn-anacardo-cru-400g","status":"publish","type":"product","link":"https:\/\/sultanspices.es\/pt\/produto\/fn-anacardo-cru-400g\/","title":{"rendered":"FN ANACARDO CRU 400G"},"content":{"rendered":"<p>Delicie-se com a bondade natural de <strong>FN Anacardo Cru 400g<\/strong>A castanha de caju crua \u00e9 um snack de qualidade superior e essencial para cozinhar. Estes cajus crus est\u00e3o repletos de nutrientes, oferecendo uma textura cremosa e um sabor suave e amanteigado que os torna perfeitos para petiscar, cozinhar ou assar. Utilize-os para criar caris ricos e cremosos, adicionar croc\u00e2ncia \u00e0s sobremesas ou apreci\u00e1-los como um snack saud\u00e1vel para levar consigo. Proveniente das melhores castanhas de caju, este pacote de 400g \u00e9 uma adi\u00e7\u00e3o vers\u00e1til \u00e0 sua despensa. Encomende agora na Sultan Spices e desfrute dos melhores cajus crus entregues \u00e0 sua porta em qualquer parte de Espanha.<\/p>\n<p><strong>Palavras-chave:<\/strong> FN Anacardo Cru, cajus crus, cajus naturais, snacks saud\u00e1veis, cajus para cozinhar, Sultan Spices M\u00e1laga, mercearia indiana Espanha, cajus vegan.<\/p>","protected":false},"excerpt":{"rendered":"<p>Delicie-se com a bondade natural dos cajus crus FN Anacardo Cru 400g, um snack de qualidade superior e essencial para cozinhar. Estes cajus crus est\u00e3o repletos de nutrientes, oferecendo uma textura cremosa e um sabor suave e amanteigado que os torna perfeitos para petiscar, cozinhar ou assar. Utilize-os para criar caris ricos e cremosos, adicionar croc\u00e2ncia \u00e0s sobremesas ou...<\/p>","protected":false},"featured_media":5057,"comment_status":"open","ping_status":"closed","template":"","meta":{"_kad_blocks_custom_css":"","_kad_blocks_head_custom_js":"","_kad_blocks_body_custom_js":"","_kad_blocks_footer_custom_js":"","_kadence_starter_templates_imported_post":false,"_kad_post_transparent":"default","_kad_post_title":"","_kad_post_layout":"default","_kad_post_sidebar_id":"","_kad_post_content_style":"default","_kad_post_vertical_padding":"default","_kad_post_feature":"","_kad_post_feature_position":"","_kad_post_header":false,"_kad_post_footer":false,"_kad_post_classname":""},"product_brand":[],"product_cat":[60],"product_tag":[],"class_list":{"0":"post-4964","1":"product","2":"type-product","3":"status-publish","4":"has-post-thumbnail","6":"product_cat-dry-fruits","8":"first","9":"outofstock","10":"shipping-taxable","11":"purchasable","12":"product-type-simple","13":"entry","14":"content-bg","15":"loop-entry"},"taxonomy_info":{"product_cat":[{"value":60,"label":"Dry Fruits"}]},"featured_image_src_large":["https:\/\/sultanspices.es\/wp-content\/uploads\/2025\/02\/ProductsPIX-49-1024x1024.png",1024,1024,true],"author_info":[],"comment_info":0,"jetpack_sharing_enabled":true,"_links":{"self":[{"href":"https:\/\/sultanspices.es\/pt\/wp-json\/wp\/v2\/product\/4964","targetHints":{"allow":["GET"]}}],"collection":[{"href":"https:\/\/sultanspices.es\/pt\/wp-json\/wp\/v2\/product"}],"about":[{"href":"https:\/\/sultanspices.es\/pt\/wp-json\/wp\/v2\/types\/product"}],"replies":[{"embeddable":true,"href":"https:\/\/sultanspices.es\/pt\/wp-json\/wp\/v2\/comments?post=4964"}],"wp:featuredmedia":[{"embeddable":true,"href":"https:\/\/sultanspices.es\/pt\/wp-json\/wp\/v2\/media\/5057"}],"wp:attachment":[{"href":"https:\/\/sultanspices.es\/pt\/wp-json\/wp\/v2\/media?parent=4964"}],"wp:term":[{"taxonomy":"product_brand","embeddable":true,"href":"https:\/\/sultanspices.es\/pt\/wp-json\/wp\/v2\/product_brand?post=4964"},{"taxonomy":"product_cat","embeddable":true,"href":"https:\/\/sultanspices.es\/pt\/wp-json\/wp\/v2\/product_cat?post=4964"},{"taxonomy":"product_tag","embeddable":true,"href":"https:\/\/sultanspices.es\/pt\/wp-json\/wp\/v2\/product_tag?post=4964"}],"curies":[{"name":"wp","href":"https:\/\/api.w.org\/{rel}","templated":true}]}}