{"id":4961,"date":"2025-02-16T18:23:35","date_gmt":"2025-02-16T17:23:35","guid":{"rendered":"https:\/\/sultanspices.es\/product\/farina-chakki-whole-wheat-ali-baba-10kg\/"},"modified":"2026-02-23T12:40:44","modified_gmt":"2026-02-23T11:40:44","slug":"farina-chakki-whole-wheat-ali-baba-10kg","status":"publish","type":"product","link":"https:\/\/sultanspices.es\/pt\/produto\/farina-chakki-de-trigo-integral-ali-baba-10kg\/","title":{"rendered":"FARINA CHAKKI TRIGO INTEGRAL ALI BABA 10KG"},"content":{"rendered":"<p>Leve o sabor aut\u00eantico dos p\u00e3es tradicionais indianos para a sua cozinha com <strong>Farinha de trigo integral Ali Baba Chakki (10kg)<\/strong>. Feita a partir de trigo integral 100% e mo\u00edda na pedra para reter os seus nutrientes naturais, esta farinha \u00e9 ideal para fazer chapatis, rotis, parathas e outros p\u00e3es indianos macios e saud\u00e1veis. Rica em fibras e nutrientes essenciais, \u00e9 uma escolha mais saud\u00e1vel para a cozinha quotidiana. Perfeita para fam\u00edlias, restaurantes ou para quem gosta de p\u00e3o indiano caseiro, esta embalagem de 10 kg garante que nunca fica sem farinha de alta qualidade. Encomende agora na Sultan Spices e desfrute da melhor farinha de trigo integral entregue em qualquer parte de Espanha.<\/p>\n<p><strong>Palavras-chave:<\/strong> Farinha Ali Baba Chakki, farinha de trigo integral, farinha mo\u00edda com pedra, farinha chapati, farinha roti, mercearia indiana Espanha, Sultan Spices M\u00e1laga, farinha para cozinha saud\u00e1vel, farinha de trigo integral a granel.<\/p>","protected":false},"excerpt":{"rendered":"<p>Traga o sabor aut\u00eantico dos p\u00e3es tradicionais indianos para a sua cozinha com a Farinha de Trigo Integral Ali Baba Chakki (10 kg). Feita a partir de trigo integral 100% e mo\u00edda na pedra para reter os seus nutrientes naturais, esta farinha \u00e9 ideal para fazer chapatis, rotis, parathas e outros p\u00e3es indianos macios e saud\u00e1veis. Rica em fibras e nutrientes essenciais, \u00e9 uma farinha mais saud\u00e1vel...<\/p>","protected":false},"featured_media":5061,"comment_status":"open","ping_status":"closed","template":"","meta":{"_kad_blocks_custom_css":"","_kad_blocks_head_custom_js":"","_kad_blocks_body_custom_js":"","_kad_blocks_footer_custom_js":"","_kadence_starter_templates_imported_post":false,"_kad_post_transparent":"default","_kad_post_title":"","_kad_post_layout":"default","_kad_post_sidebar_id":"","_kad_post_content_style":"default","_kad_post_vertical_padding":"default","_kad_post_feature":"","_kad_post_feature_position":"","_kad_post_header":false,"_kad_post_footer":false,"_kad_post_classname":""},"product_brand":[],"product_cat":[52],"product_tag":[],"class_list":{"0":"post-4961","1":"product","2":"type-product","3":"status-publish","4":"has-post-thumbnail","6":"product_cat-flour","8":"first","9":"outofstock","10":"shipping-taxable","11":"purchasable","12":"product-type-simple","13":"entry","14":"content-bg","15":"loop-entry"},"taxonomy_info":{"product_cat":[{"value":52,"label":"Flour"}]},"featured_image_src_large":["https:\/\/sultanspices.es\/wp-content\/uploads\/2025\/02\/ProductsPIX-51-1024x1024.png",1024,1024,true],"author_info":[],"comment_info":0,"jetpack_sharing_enabled":true,"_links":{"self":[{"href":"https:\/\/sultanspices.es\/pt\/wp-json\/wp\/v2\/product\/4961","targetHints":{"allow":["GET"]}}],"collection":[{"href":"https:\/\/sultanspices.es\/pt\/wp-json\/wp\/v2\/product"}],"about":[{"href":"https:\/\/sultanspices.es\/pt\/wp-json\/wp\/v2\/types\/product"}],"replies":[{"embeddable":true,"href":"https:\/\/sultanspices.es\/pt\/wp-json\/wp\/v2\/comments?post=4961"}],"wp:featuredmedia":[{"embeddable":true,"href":"https:\/\/sultanspices.es\/pt\/wp-json\/wp\/v2\/media\/5061"}],"wp:attachment":[{"href":"https:\/\/sultanspices.es\/pt\/wp-json\/wp\/v2\/media?parent=4961"}],"wp:term":[{"taxonomy":"product_brand","embeddable":true,"href":"https:\/\/sultanspices.es\/pt\/wp-json\/wp\/v2\/product_brand?post=4961"},{"taxonomy":"product_cat","embeddable":true,"href":"https:\/\/sultanspices.es\/pt\/wp-json\/wp\/v2\/product_cat?post=4961"},{"taxonomy":"product_tag","embeddable":true,"href":"https:\/\/sultanspices.es\/pt\/wp-json\/wp\/v2\/product_tag?post=4961"}],"curies":[{"name":"wp","href":"https:\/\/api.w.org\/{rel}","templated":true}]}}