{"id":4960,"date":"2025-02-16T18:23:35","date_gmt":"2025-02-16T17:23:35","guid":{"rendered":"https:\/\/sultanspices.es\/product\/falooda-ahmed-rabri-200g\/"},"modified":"2026-02-23T12:40:44","modified_gmt":"2026-02-23T11:40:44","slug":"falooda-ahmed-rabri-200g","status":"publish","type":"product","link":"https:\/\/sultanspices.es\/pt\/produto\/falooda-ahmed-rabri-200g\/","title":{"rendered":"FALOODA AHMED RABRI 200G"},"content":{"rendered":"<p>Delicie-se com os sabores ricos e cremosos das sobremesas tradicionais indianas com <strong>Ahmed Falooda Rabri Mix (200g)<\/strong>. Esta mistura pr\u00e1tica permite-lhe criar a cl\u00e1ssica sobremesa Rabri sem esfor\u00e7o, combinando a do\u00e7ura do leite condensado com a riqueza arom\u00e1tica do a\u00e7afr\u00e3o e do cardamomo. Perfeita para ocasi\u00f5es especiais ou como um doce deleite, esta mistura \u00e9 um must-have para quem gosta de doces indianos aut\u00eanticos. Basta seguir as instru\u00e7\u00f5es para preparar uma sobremesa deliciosa que ir\u00e1 impressionar a sua fam\u00edlia e convidados. Encomende agora na Sultan Spices e desfrute do sabor da \u00cdndia entregue \u00e0 sua porta em qualquer parte de Espanha.<\/p>\n<p><strong>Palavras-chave:<\/strong> Ahmed Falooda Rabri Mix, Rabri dessert mix, mistura de sobremesa indiana, doces tradicionais, Sultan Spices M\u00e1laga, mercearia indiana Espanha, mistura de sobremesa f\u00e1cil.<\/p>","protected":false},"excerpt":{"rendered":"<p>Delicie-se com os sabores ricos e cremosos das sobremesas tradicionais indianas com a mistura Ahmed Falooda Rabri (200 g). Esta mistura pr\u00e1tica permite-lhe criar a cl\u00e1ssica sobremesa Rabri sem esfor\u00e7o, combinando a do\u00e7ura do leite condensado com a riqueza arom\u00e1tica do a\u00e7afr\u00e3o e do cardamomo. Perfeito para ocasi\u00f5es especiais ou como um doce deleite, esta mistura \u00e9...<\/p>","protected":false},"featured_media":5063,"comment_status":"open","ping_status":"closed","template":"","meta":{"_kad_blocks_custom_css":"","_kad_blocks_head_custom_js":"","_kad_blocks_body_custom_js":"","_kad_blocks_footer_custom_js":"","_kadence_starter_templates_imported_post":false,"_kad_post_transparent":"default","_kad_post_title":"","_kad_post_layout":"default","_kad_post_sidebar_id":"","_kad_post_content_style":"default","_kad_post_vertical_padding":"default","_kad_post_feature":"","_kad_post_feature_position":"","_kad_post_header":false,"_kad_post_footer":false,"_kad_post_classname":""},"product_brand":[],"product_cat":[58,48],"product_tag":[],"class_list":{"0":"post-4960","1":"product","2":"type-product","3":"status-publish","4":"has-post-thumbnail","6":"product_cat-beverages","7":"product_cat-dessert-mixes-for-indian-sweets","9":"first","10":"instock","11":"shipping-taxable","12":"purchasable","13":"product-type-simple","14":"entry","15":"content-bg","16":"loop-entry"},"taxonomy_info":{"product_cat":[{"value":58,"label":"Beverages"},{"value":48,"label":"Dessert Mixes for Indian Sweets"}]},"featured_image_src_large":["https:\/\/sultanspices.es\/wp-content\/uploads\/2025\/02\/ProductsPIX-52-1024x1024.png",1024,1024,true],"author_info":[],"comment_info":0,"jetpack_sharing_enabled":true,"_links":{"self":[{"href":"https:\/\/sultanspices.es\/pt\/wp-json\/wp\/v2\/product\/4960","targetHints":{"allow":["GET"]}}],"collection":[{"href":"https:\/\/sultanspices.es\/pt\/wp-json\/wp\/v2\/product"}],"about":[{"href":"https:\/\/sultanspices.es\/pt\/wp-json\/wp\/v2\/types\/product"}],"replies":[{"embeddable":true,"href":"https:\/\/sultanspices.es\/pt\/wp-json\/wp\/v2\/comments?post=4960"}],"wp:featuredmedia":[{"embeddable":true,"href":"https:\/\/sultanspices.es\/pt\/wp-json\/wp\/v2\/media\/5063"}],"wp:attachment":[{"href":"https:\/\/sultanspices.es\/pt\/wp-json\/wp\/v2\/media?parent=4960"}],"wp:term":[{"taxonomy":"product_brand","embeddable":true,"href":"https:\/\/sultanspices.es\/pt\/wp-json\/wp\/v2\/product_brand?post=4960"},{"taxonomy":"product_cat","embeddable":true,"href":"https:\/\/sultanspices.es\/pt\/wp-json\/wp\/v2\/product_cat?post=4960"},{"taxonomy":"product_tag","embeddable":true,"href":"https:\/\/sultanspices.es\/pt\/wp-json\/wp\/v2\/product_tag?post=4960"}],"curies":[{"name":"wp","href":"https:\/\/api.w.org\/{rel}","templated":true}]}}