{"id":4958,"date":"2025-02-16T18:23:34","date_gmt":"2025-02-16T17:23:34","guid":{"rendered":"https:\/\/sultanspices.es\/product\/dry-cake-300-g\/"},"modified":"2026-02-23T12:40:44","modified_gmt":"2026-02-23T11:40:44","slug":"dry-cake-300-g","status":"publish","type":"product","link":"https:\/\/sultanspices.es\/pt\/produto\/bolo-seco-300-g\/","title":{"rendered":"BOLO SECO 300 G"},"content":{"rendered":"<p>Satisfa\u00e7a os seus desejos de doces com <strong>Bolo Seco Britannia (300g)<\/strong>um snack delicioso e pr\u00e1tico que \u00e9 perfeito para qualquer altura do dia. Este bolo seco pronto a comer \u00e9 macio, saboroso e ligeiramente adocicado, o que o torna um deleite ideal para o pequeno-almo\u00e7o, para a hora do ch\u00e1 ou como sobremesa r\u00e1pida. Quer esteja em casa, no trabalho ou em viagem, o Bolo Seco Britannia oferece uma forma deliciosa e sem complica\u00e7\u00f5es de desfrutar de uma dentada de do\u00e7ura. Embalado numa embalagem de 300g, \u00e9 \u00f3timo para partilhar ou para comer sozinho. Encomende agora na Sultan Spices e desfrute deste saboroso snack entregue em qualquer parte de Espanha.<\/p>\n<p><strong>Palavras-chave:<\/strong> Britannia Dry Cake, bolo pronto a comer, aperitivos doces, doces para a hora do ch\u00e1, aperitivos indianos Espanha, Sultan Spices M\u00e1laga, sobremesas convenientes.<\/p>","protected":false},"excerpt":{"rendered":"<p>Satisfa\u00e7a os seus desejos de doces com o Bolo Seco Britannia (300g), um snack delicioso e pr\u00e1tico que \u00e9 perfeito para qualquer altura do dia. Este bolo seco pronto a comer \u00e9 macio, saboroso e ligeiramente adocicado, o que o torna um deleite ideal para o pequeno-almo\u00e7o, para a hora do ch\u00e1 ou como sobremesa r\u00e1pida. Quer esteja em casa, no trabalho ou em viagem, Britannia...<\/p>","protected":false},"featured_media":5065,"comment_status":"open","ping_status":"closed","template":"","meta":{"_kad_blocks_custom_css":"","_kad_blocks_head_custom_js":"","_kad_blocks_body_custom_js":"","_kad_blocks_footer_custom_js":"","_kadence_starter_templates_imported_post":false,"_kad_post_transparent":"default","_kad_post_title":"","_kad_post_layout":"default","_kad_post_sidebar_id":"","_kad_post_content_style":"default","_kad_post_vertical_padding":"default","_kad_post_feature":"","_kad_post_feature_position":"","_kad_post_header":false,"_kad_post_footer":false,"_kad_post_classname":""},"product_brand":[],"product_cat":[56],"product_tag":[],"class_list":{"0":"post-4958","1":"product","2":"type-product","3":"status-publish","4":"has-post-thumbnail","6":"product_cat-indian-snacks","8":"first","9":"outofstock","10":"shipping-taxable","11":"purchasable","12":"product-type-simple","13":"entry","14":"content-bg","15":"loop-entry"},"taxonomy_info":{"product_cat":[{"value":56,"label":"Snacks"}]},"featured_image_src_large":["https:\/\/sultanspices.es\/wp-content\/uploads\/2025\/02\/ProductsPIX-53-1024x1024.png",1024,1024,true],"author_info":[],"comment_info":0,"jetpack_sharing_enabled":true,"_links":{"self":[{"href":"https:\/\/sultanspices.es\/pt\/wp-json\/wp\/v2\/product\/4958","targetHints":{"allow":["GET"]}}],"collection":[{"href":"https:\/\/sultanspices.es\/pt\/wp-json\/wp\/v2\/product"}],"about":[{"href":"https:\/\/sultanspices.es\/pt\/wp-json\/wp\/v2\/types\/product"}],"replies":[{"embeddable":true,"href":"https:\/\/sultanspices.es\/pt\/wp-json\/wp\/v2\/comments?post=4958"}],"wp:featuredmedia":[{"embeddable":true,"href":"https:\/\/sultanspices.es\/pt\/wp-json\/wp\/v2\/media\/5065"}],"wp:attachment":[{"href":"https:\/\/sultanspices.es\/pt\/wp-json\/wp\/v2\/media?parent=4958"}],"wp:term":[{"taxonomy":"product_brand","embeddable":true,"href":"https:\/\/sultanspices.es\/pt\/wp-json\/wp\/v2\/product_brand?post=4958"},{"taxonomy":"product_cat","embeddable":true,"href":"https:\/\/sultanspices.es\/pt\/wp-json\/wp\/v2\/product_cat?post=4958"},{"taxonomy":"product_tag","embeddable":true,"href":"https:\/\/sultanspices.es\/pt\/wp-json\/wp\/v2\/product_tag?post=4958"}],"curies":[{"name":"wp","href":"https:\/\/api.w.org\/{rel}","templated":true}]}}