{"id":4957,"date":"2025-02-16T18:23:32","date_gmt":"2025-02-16T17:23:32","guid":{"rendered":"https:\/\/sultanspices.es\/product\/datteri-natural-ali-baba-1kg\/"},"modified":"2026-02-23T12:40:42","modified_gmt":"2026-02-23T11:40:42","slug":"dates-natural-ali-baba-1kg","status":"publish","type":"product","link":"https:\/\/sultanspices.es\/pt\/produto\/tamaras-naturais-ali-baba-1kg\/","title":{"rendered":"DATTERI NATURAL ALI BABA 1KG"},"content":{"rendered":"<p>Desfrute da do\u00e7ura natural e da rica nutri\u00e7\u00e3o de <strong>Ali Baba Natural Dates (1kg)<\/strong>. Estas t\u00e2maras de qualidade superior s\u00e3o macias, sumarentas e repletas de vitaminas, minerais e fibras essenciais, o que as torna um snack saud\u00e1vel e delicioso para qualquer altura do dia. Perfeitas para adicionar a sobremesas, batidos ou mesmo pratos salgados, estas t\u00e2maras s\u00e3o um ingrediente vers\u00e1til na sua cozinha. Quer esteja \u00e0 procura de um r\u00e1pido aumento de energia ou de um ado\u00e7ante natural, as T\u00e2maras Naturais Ali Baba s\u00e3o a escolha perfeita. Encomende agora na Sultan Spices e desfrute desta del\u00edcia saud\u00e1vel entregue em qualquer parte de Espanha.<\/p>\n<p><strong>Palavras-chave:<\/strong> Ali Baba Natural Dates, t\u00e2maras naturais, snacks saud\u00e1veis, t\u00e2maras doces, t\u00e2maras nutritivas, Sultan Spices M\u00e1laga, mercearia indiana Espanha, t\u00e2maras para cozinhar.<\/p>","protected":false},"excerpt":{"rendered":"<p>Desfrute da do\u00e7ura natural e da rica nutri\u00e7\u00e3o das T\u00e2maras Naturais Ali Baba (1kg). Estas t\u00e2maras de qualidade superior s\u00e3o macias, sumarentas e repletas de vitaminas, minerais e fibras essenciais, o que as torna um snack saud\u00e1vel e delicioso para qualquer altura do dia. Perfeitas para adicionar a sobremesas, batidos ou mesmo pratos salgados, estas t\u00e2maras s\u00e3o um ingrediente vers\u00e1til...<\/p>","protected":false},"featured_media":5068,"comment_status":"open","ping_status":"closed","template":"","meta":{"_kad_blocks_custom_css":"","_kad_blocks_head_custom_js":"","_kad_blocks_body_custom_js":"","_kad_blocks_footer_custom_js":"","_kadence_starter_templates_imported_post":false,"_kad_post_transparent":"default","_kad_post_title":"","_kad_post_layout":"default","_kad_post_sidebar_id":"","_kad_post_content_style":"default","_kad_post_vertical_padding":"default","_kad_post_feature":"","_kad_post_feature_position":"","_kad_post_header":false,"_kad_post_footer":false,"_kad_post_classname":""},"product_brand":[],"product_cat":[60],"product_tag":[],"class_list":{"0":"post-4957","1":"product","2":"type-product","3":"status-publish","4":"has-post-thumbnail","6":"product_cat-dry-fruits","8":"first","9":"instock","10":"shipping-taxable","11":"purchasable","12":"product-type-simple","13":"entry","14":"content-bg","15":"loop-entry"},"taxonomy_info":{"product_cat":[{"value":60,"label":"Dry Fruits"}]},"featured_image_src_large":["https:\/\/sultanspices.es\/wp-content\/uploads\/2025\/02\/ProductsPIX-54-1024x1024.png",1024,1024,true],"author_info":[],"comment_info":0,"jetpack_sharing_enabled":true,"_links":{"self":[{"href":"https:\/\/sultanspices.es\/pt\/wp-json\/wp\/v2\/product\/4957","targetHints":{"allow":["GET"]}}],"collection":[{"href":"https:\/\/sultanspices.es\/pt\/wp-json\/wp\/v2\/product"}],"about":[{"href":"https:\/\/sultanspices.es\/pt\/wp-json\/wp\/v2\/types\/product"}],"replies":[{"embeddable":true,"href":"https:\/\/sultanspices.es\/pt\/wp-json\/wp\/v2\/comments?post=4957"}],"wp:featuredmedia":[{"embeddable":true,"href":"https:\/\/sultanspices.es\/pt\/wp-json\/wp\/v2\/media\/5068"}],"wp:attachment":[{"href":"https:\/\/sultanspices.es\/pt\/wp-json\/wp\/v2\/media?parent=4957"}],"wp:term":[{"taxonomy":"product_brand","embeddable":true,"href":"https:\/\/sultanspices.es\/pt\/wp-json\/wp\/v2\/product_brand?post=4957"},{"taxonomy":"product_cat","embeddable":true,"href":"https:\/\/sultanspices.es\/pt\/wp-json\/wp\/v2\/product_cat?post=4957"},{"taxonomy":"product_tag","embeddable":true,"href":"https:\/\/sultanspices.es\/pt\/wp-json\/wp\/v2\/product_tag?post=4957"}],"curies":[{"name":"wp","href":"https:\/\/api.w.org\/{rel}","templated":true}]}}