{"id":4956,"date":"2025-02-16T18:23:31","date_gmt":"2025-02-16T17:23:31","guid":{"rendered":"https:\/\/sultanspices.es\/product\/custard-ahmed-mix-fruit-285g\/"},"modified":"2026-02-23T12:40:41","modified_gmt":"2026-02-23T11:40:41","slug":"custard-ahmed-mix-fruit-285g","status":"publish","type":"product","link":"https:\/\/sultanspices.es\/pt\/produto\/mistura-de-creme-de-leite-com-frutas-285g\/","title":{"rendered":"CREME AHMED MIX FRUTAS 285G"},"content":{"rendered":"<p>Crie uma sobremesa deliciosa e refrescante com <strong>Creme de frutas Ahmed Mix (285g)<\/strong>A mistura de creme de leite \u00e9 uma mistura vers\u00e1til que combina os sabores de v\u00e1rios frutos para um deleite tropical. Este creme f\u00e1cil de preparar \u00e9 perfeito para dar um toque cremoso e frutado \u00e0s suas sobremesas - basta misturar com leite, adicionar os seus frutos preferidos e deixar arrefecer. Ideal para festas, reuni\u00f5es familiares ou um final doce para a sua refei\u00e7\u00e3o, este creme de mistura de frutas \u00e9 adorado por mi\u00fados e gra\u00fados. Encomende agora na Sultan Spices e desfrute desta deliciosa mistura de sobremesas entregue em qualquer parte de Espanha.<\/p>\n<p><strong>Palavras-chave:<\/strong> Ahmed Mix Fruit Custard, mistura de frutas, mistura de frutas para sobremesa, sobremesa r\u00e1pida, creme indiano, Sultan Spices M\u00e1laga, mercearia indiana Espanha, receitas de sobremesas f\u00e1ceis.<\/p>\n<hr \/>","protected":false},"excerpt":{"rendered":"<p>Crie uma sobremesa deliciosa e refrescante com o Ahmed Mix Fruit Custard (285 g), uma mistura de creme vers\u00e1til que combina os sabores de v\u00e1rias frutas para um deleite tropical. Este creme f\u00e1cil de preparar \u00e9 perfeito para dar um toque cremoso e frutado \u00e0s suas sobremesas - basta misturar com leite, adicionar os seus frutos favoritos e deixar arrefecer. Ideal para festas, reuni\u00f5es familiares,...<\/p>","protected":false},"featured_media":5071,"comment_status":"open","ping_status":"closed","template":"","meta":{"_kad_blocks_custom_css":"","_kad_blocks_head_custom_js":"","_kad_blocks_body_custom_js":"","_kad_blocks_footer_custom_js":"","_kadence_starter_templates_imported_post":false,"_kad_post_transparent":"default","_kad_post_title":"","_kad_post_layout":"default","_kad_post_sidebar_id":"","_kad_post_content_style":"default","_kad_post_vertical_padding":"default","_kad_post_feature":"","_kad_post_feature_position":"","_kad_post_header":false,"_kad_post_footer":false,"_kad_post_classname":""},"product_brand":[],"product_cat":[48],"product_tag":[],"class_list":{"0":"post-4956","1":"product","2":"type-product","3":"status-publish","4":"has-post-thumbnail","6":"product_cat-dessert-mixes-for-indian-sweets","8":"first","9":"instock","10":"shipping-taxable","11":"purchasable","12":"product-type-simple","13":"entry","14":"content-bg","15":"loop-entry"},"taxonomy_info":{"product_cat":[{"value":48,"label":"Dessert Mixes for Indian Sweets"}]},"featured_image_src_large":["https:\/\/sultanspices.es\/wp-content\/uploads\/2025\/02\/ProductsPIX-56-1024x1024.png",1024,1024,true],"author_info":[],"comment_info":0,"jetpack_sharing_enabled":true,"_links":{"self":[{"href":"https:\/\/sultanspices.es\/pt\/wp-json\/wp\/v2\/product\/4956","targetHints":{"allow":["GET"]}}],"collection":[{"href":"https:\/\/sultanspices.es\/pt\/wp-json\/wp\/v2\/product"}],"about":[{"href":"https:\/\/sultanspices.es\/pt\/wp-json\/wp\/v2\/types\/product"}],"replies":[{"embeddable":true,"href":"https:\/\/sultanspices.es\/pt\/wp-json\/wp\/v2\/comments?post=4956"}],"wp:featuredmedia":[{"embeddable":true,"href":"https:\/\/sultanspices.es\/pt\/wp-json\/wp\/v2\/media\/5071"}],"wp:attachment":[{"href":"https:\/\/sultanspices.es\/pt\/wp-json\/wp\/v2\/media?parent=4956"}],"wp:term":[{"taxonomy":"product_brand","embeddable":true,"href":"https:\/\/sultanspices.es\/pt\/wp-json\/wp\/v2\/product_brand?post=4956"},{"taxonomy":"product_cat","embeddable":true,"href":"https:\/\/sultanspices.es\/pt\/wp-json\/wp\/v2\/product_cat?post=4956"},{"taxonomy":"product_tag","embeddable":true,"href":"https:\/\/sultanspices.es\/pt\/wp-json\/wp\/v2\/product_tag?post=4956"}],"curies":[{"name":"wp","href":"https:\/\/api.w.org\/{rel}","templated":true}]}}