{"id":4954,"date":"2025-02-16T18:23:30","date_gmt":"2025-02-16T17:23:30","guid":{"rendered":"https:\/\/sultanspices.es\/product\/custard-ahmed-banana-285g\/"},"modified":"2026-02-23T12:40:41","modified_gmt":"2026-02-23T11:40:41","slug":"custard-ahmed-banana-285g","status":"publish","type":"product","link":"https:\/\/sultanspices.es\/pt\/produto\/creme-de-ovos-com-banana-285g\/","title":{"rendered":"CREME AHMED BANANA 285G"},"content":{"rendered":"<p>Delicie-se com a bondade doce e cremosa de <strong>Creme de banana Ahmed (285g)<\/strong>A mistura para sobremesas \u00e9 uma deliciosa mistura para sobremesas que traz o sabor rico das bananas para a sua mesa. Perfeita para criar sobremesas r\u00e1pidas e f\u00e1ceis, esta mistura de creme \u00e9 ideal para satisfazer os seus desejos de doces ou impressionar os convidados em festas. Basta misturar com leite, arrefecer e desfrutar de uma guloseima suave com sabor a banana que \u00e9 adorada por mi\u00fados e gra\u00fados. Quer o sirva simples ou coberto com frutos e nozes, o Ahmed Banana Custard \u00e9 um produto indispens\u00e1vel para os amantes de sobremesas. Encomende agora na Sultan Spices e desfrute desta deliciosa mistura de creme entregue em qualquer parte de Espanha.<\/p>\n<p><strong>Palavras-chave:<\/strong> Creme de banana Ahmed, mistura de creme de banana, sobremesa r\u00e1pida, sobremesa de banana, creme indiano, Sultan Spices M\u00e1laga, mercearia indiana Espanha, receitas de sobremesas f\u00e1ceis.<\/p>","protected":false},"excerpt":{"rendered":"<p>Delicie-se com a bondade doce e cremosa do Ahmed Banana Custard (285 g), uma deliciosa mistura para sobremesas que traz o sabor rico das bananas para a sua mesa. Perfeita para criar sobremesas r\u00e1pidas e f\u00e1ceis, esta mistura de creme \u00e9 ideal para satisfazer os seus desejos de doces ou impressionar os convidados em festas. Basta misturar com leite, arrefecer e desfrutar de um...<\/p>","protected":false},"featured_media":5073,"comment_status":"open","ping_status":"closed","template":"","meta":{"_kad_blocks_custom_css":"","_kad_blocks_head_custom_js":"","_kad_blocks_body_custom_js":"","_kad_blocks_footer_custom_js":"","_kadence_starter_templates_imported_post":false,"_kad_post_transparent":"default","_kad_post_title":"","_kad_post_layout":"default","_kad_post_sidebar_id":"","_kad_post_content_style":"default","_kad_post_vertical_padding":"default","_kad_post_feature":"","_kad_post_feature_position":"","_kad_post_header":false,"_kad_post_footer":false,"_kad_post_classname":""},"product_brand":[],"product_cat":[48],"product_tag":[],"class_list":{"0":"post-4954","1":"product","2":"type-product","3":"status-publish","4":"has-post-thumbnail","6":"product_cat-dessert-mixes-for-indian-sweets","8":"first","9":"instock","10":"shipping-taxable","11":"purchasable","12":"product-type-simple","13":"entry","14":"content-bg","15":"loop-entry"},"taxonomy_info":{"product_cat":[{"value":48,"label":"Dessert Mixes for Indian Sweets"}]},"featured_image_src_large":["https:\/\/sultanspices.es\/wp-content\/uploads\/2025\/02\/ProductsPIX-57-1024x1024.png",1024,1024,true],"author_info":[],"comment_info":0,"jetpack_sharing_enabled":true,"_links":{"self":[{"href":"https:\/\/sultanspices.es\/pt\/wp-json\/wp\/v2\/product\/4954","targetHints":{"allow":["GET"]}}],"collection":[{"href":"https:\/\/sultanspices.es\/pt\/wp-json\/wp\/v2\/product"}],"about":[{"href":"https:\/\/sultanspices.es\/pt\/wp-json\/wp\/v2\/types\/product"}],"replies":[{"embeddable":true,"href":"https:\/\/sultanspices.es\/pt\/wp-json\/wp\/v2\/comments?post=4954"}],"wp:featuredmedia":[{"embeddable":true,"href":"https:\/\/sultanspices.es\/pt\/wp-json\/wp\/v2\/media\/5073"}],"wp:attachment":[{"href":"https:\/\/sultanspices.es\/pt\/wp-json\/wp\/v2\/media?parent=4954"}],"wp:term":[{"taxonomy":"product_brand","embeddable":true,"href":"https:\/\/sultanspices.es\/pt\/wp-json\/wp\/v2\/product_brand?post=4954"},{"taxonomy":"product_cat","embeddable":true,"href":"https:\/\/sultanspices.es\/pt\/wp-json\/wp\/v2\/product_cat?post=4954"},{"taxonomy":"product_tag","embeddable":true,"href":"https:\/\/sultanspices.es\/pt\/wp-json\/wp\/v2\/product_tag?post=4954"}],"curies":[{"name":"wp","href":"https:\/\/api.w.org\/{rel}","templated":true}]}}