{"id":4951,"date":"2025-02-16T18:23:27","date_gmt":"2025-02-16T17:23:27","guid":{"rendered":"https:\/\/sultanspices.es\/product\/couscous-tayba-fine-12x1kg\/"},"modified":"2026-04-08T00:00:23","modified_gmt":"2026-04-07T22:00:23","slug":"couscous-tayba-fine1kg","status":"publish","type":"product","link":"https:\/\/sultanspices.es\/pt\/produto\/cuscuz-tayba-fino1kg\/","title":{"rendered":"CUSCUZ TAYBA FINO 1KG"},"content":{"rendered":"<p>Aprecie a textura leve e delicada de <strong>Cuscuz fino Tayba (1kg)<\/strong>O cuscuz, um gr\u00e3o vers\u00e1til e de cozedura r\u00e1pida, \u00e9 perfeito para uma grande variedade de pratos. Este cuscuz fino \u00e9 ideal para criar saladas fofas, acompanhamentos saborosos ou mesmo como base para guisados e caril. O seu tempo de prepara\u00e7\u00e3o r\u00e1pido torna-o num ingrediente de elei\u00e7\u00e3o para noites de semana atarefadas ou refei\u00e7\u00f5es de \u00faltima hora. Quer esteja a explorar a cozinha mediterr\u00e2nica ou a dar um toque especial \u00e0s suas receitas favoritas, o Tayba Fine Couscous oferece qualidade e conveni\u00eancia. Encomende agora na Sultan Spices e receba este produto b\u00e1sico da cozinha em qualquer parte de Espanha.<\/p>\n<p><strong>Palavras-chave:<\/strong> Tayba Fine Couscous, cuscuz fino Espanha, cuscuz de cozedura r\u00e1pida, gr\u00e3o vers\u00e1til, cuscuz mediterr\u00e2nico, Sultan Spices M\u00e1laga, mercearia indiana Espanha, acompanhamentos saud\u00e1veis.<\/p>","protected":false},"excerpt":{"rendered":"<p>Desfrute da textura leve e delicada do Cuscuz Fino Tayba (1kg), um gr\u00e3o vers\u00e1til e de cozedura r\u00e1pida que \u00e9 perfeito para uma vasta gama de pratos. Este cuscuz fino \u00e9 ideal para criar saladas fofas, acompanhamentos saborosos ou mesmo como base para guisados e caril. O seu tempo de prepara\u00e7\u00e3o r\u00e1pido torna-o um ingrediente de elei\u00e7\u00e3o para...<\/p>","protected":false},"featured_media":5076,"comment_status":"open","ping_status":"closed","template":"","meta":{"_kad_blocks_custom_css":"","_kad_blocks_head_custom_js":"","_kad_blocks_body_custom_js":"","_kad_blocks_footer_custom_js":"","_kadence_starter_templates_imported_post":false,"_kad_post_transparent":"default","_kad_post_title":"","_kad_post_layout":"default","_kad_post_sidebar_id":"","_kad_post_content_style":"default","_kad_post_vertical_padding":"default","_kad_post_feature":"","_kad_post_feature_position":"","_kad_post_header":false,"_kad_post_footer":false,"_kad_post_classname":""},"product_brand":[],"product_cat":[52],"product_tag":[],"class_list":{"0":"post-4951","1":"product","2":"type-product","3":"status-publish","4":"has-post-thumbnail","6":"product_cat-flour","8":"first","9":"instock","10":"shipping-taxable","11":"purchasable","12":"product-type-simple","13":"entry","14":"content-bg","15":"loop-entry"},"taxonomy_info":{"product_cat":[{"value":52,"label":"Flour"}]},"featured_image_src_large":["https:\/\/sultanspices.es\/wp-content\/uploads\/2025\/02\/ProductsPIX-59-1024x1024.png",1024,1024,true],"author_info":[],"comment_info":0,"jetpack_sharing_enabled":true,"_links":{"self":[{"href":"https:\/\/sultanspices.es\/pt\/wp-json\/wp\/v2\/product\/4951","targetHints":{"allow":["GET"]}}],"collection":[{"href":"https:\/\/sultanspices.es\/pt\/wp-json\/wp\/v2\/product"}],"about":[{"href":"https:\/\/sultanspices.es\/pt\/wp-json\/wp\/v2\/types\/product"}],"replies":[{"embeddable":true,"href":"https:\/\/sultanspices.es\/pt\/wp-json\/wp\/v2\/comments?post=4951"}],"wp:featuredmedia":[{"embeddable":true,"href":"https:\/\/sultanspices.es\/pt\/wp-json\/wp\/v2\/media\/5076"}],"wp:attachment":[{"href":"https:\/\/sultanspices.es\/pt\/wp-json\/wp\/v2\/media?parent=4951"}],"wp:term":[{"taxonomy":"product_brand","embeddable":true,"href":"https:\/\/sultanspices.es\/pt\/wp-json\/wp\/v2\/product_brand?post=4951"},{"taxonomy":"product_cat","embeddable":true,"href":"https:\/\/sultanspices.es\/pt\/wp-json\/wp\/v2\/product_cat?post=4951"},{"taxonomy":"product_tag","embeddable":true,"href":"https:\/\/sultanspices.es\/pt\/wp-json\/wp\/v2\/product_tag?post=4951"}],"curies":[{"name":"wp","href":"https:\/\/api.w.org\/{rel}","templated":true}]}}