{"id":4946,"date":"2025-02-16T18:23:23","date_gmt":"2025-02-16T17:23:23","guid":{"rendered":"https:\/\/sultanspices.es\/product\/coconut-oil-ktc-250ml\/"},"modified":"2026-02-23T12:40:39","modified_gmt":"2026-02-23T11:40:39","slug":"coconut-oil-ktc-250ml","status":"publish","type":"product","link":"https:\/\/sultanspices.es\/pt\/produto\/oleo-de-coco-ktc-250ml\/","title":{"rendered":"\u00d3LEO DE COCO KTC 250ML"},"content":{"rendered":"<p>Experimente a versatilidade e os benef\u00edcios naturais de <strong>\u00d3leo de coco KTC (250ml)<\/strong>O \u00f3leo de coco \u00e9 um \u00f3leo puro e n\u00e3o refinado que \u00e9 perfeito para cozinhar, fazer bolos e at\u00e9 para cuidar da pele. Extra\u00eddo de cocos frescos, este \u00f3leo \u00e9 rico em gorduras saud\u00e1veis e acrescenta um subtil sabor tropical aos seus pratos. Utilize-o para saltear, fritar ou como uma alternativa sem lactic\u00ednios na pastelaria. Para al\u00e9m da cozinha, o \u00f3leo de coco KTC \u00e9 tamb\u00e9m uma escolha popular para hidratar a pele e o cabelo. Quer seja um cozinheiro preocupado com a sa\u00fade ou um entusiasta da beleza natural, este frasco de 250 ml \u00e9 indispens\u00e1vel na sua despensa. Encomende agora na Sultan Spices e desfrute dos benef\u00edcios do \u00f3leo de coco puro entregue em qualquer parte de Espanha.<\/p>\n<p><strong>Palavras-chave:<\/strong> \u00d3leo de coco KTC, \u00f3leo de coco puro, \u00f3leo de cozinha natural, \u00f3leo de coco para cuidados da pele, \u00f3leo de cozinha saud\u00e1vel, Sultan Spices M\u00e1laga, mercearia indiana Espanha, \u00f3leo de coco vers\u00e1til.<\/p>","protected":false},"excerpt":{"rendered":"<p>Experimente a versatilidade e os benef\u00edcios naturais do \u00f3leo de coco KTC (250 ml), um \u00f3leo puro e n\u00e3o refinado que \u00e9 perfeito para cozinhar, fazer bolos e at\u00e9 para cuidar da pele. Extra\u00eddo de cocos frescos, este \u00f3leo \u00e9 rico em gorduras saud\u00e1veis e acrescenta um subtil sabor tropical aos seus pratos. Utilize-o para saltear, fritar ou como uma alternativa sem lactic\u00ednios em...<\/p>","protected":false},"featured_media":5077,"comment_status":"open","ping_status":"closed","template":"","meta":{"_kad_blocks_custom_css":"","_kad_blocks_head_custom_js":"","_kad_blocks_body_custom_js":"","_kad_blocks_footer_custom_js":"","_kadence_starter_templates_imported_post":false,"_kad_post_transparent":"default","_kad_post_title":"","_kad_post_layout":"default","_kad_post_sidebar_id":"","_kad_post_content_style":"default","_kad_post_vertical_padding":"default","_kad_post_feature":"","_kad_post_feature_position":"","_kad_post_header":false,"_kad_post_footer":false,"_kad_post_classname":""},"product_brand":[],"product_cat":[62],"product_tag":[],"class_list":{"0":"post-4946","1":"product","2":"type-product","3":"status-publish","4":"has-post-thumbnail","6":"product_cat-oils","8":"first","9":"instock","10":"sale","11":"shipping-taxable","12":"purchasable","13":"product-type-simple","14":"entry","15":"content-bg","16":"loop-entry"},"taxonomy_info":{"product_cat":[{"value":62,"label":"Oils"}]},"featured_image_src_large":["https:\/\/sultanspices.es\/wp-content\/uploads\/2025\/02\/ProductsPIX-60-1024x1024.png",1024,1024,true],"author_info":[],"comment_info":0,"jetpack_sharing_enabled":true,"_links":{"self":[{"href":"https:\/\/sultanspices.es\/pt\/wp-json\/wp\/v2\/product\/4946","targetHints":{"allow":["GET"]}}],"collection":[{"href":"https:\/\/sultanspices.es\/pt\/wp-json\/wp\/v2\/product"}],"about":[{"href":"https:\/\/sultanspices.es\/pt\/wp-json\/wp\/v2\/types\/product"}],"replies":[{"embeddable":true,"href":"https:\/\/sultanspices.es\/pt\/wp-json\/wp\/v2\/comments?post=4946"}],"wp:featuredmedia":[{"embeddable":true,"href":"https:\/\/sultanspices.es\/pt\/wp-json\/wp\/v2\/media\/5077"}],"wp:attachment":[{"href":"https:\/\/sultanspices.es\/pt\/wp-json\/wp\/v2\/media?parent=4946"}],"wp:term":[{"taxonomy":"product_brand","embeddable":true,"href":"https:\/\/sultanspices.es\/pt\/wp-json\/wp\/v2\/product_brand?post=4946"},{"taxonomy":"product_cat","embeddable":true,"href":"https:\/\/sultanspices.es\/pt\/wp-json\/wp\/v2\/product_cat?post=4946"},{"taxonomy":"product_tag","embeddable":true,"href":"https:\/\/sultanspices.es\/pt\/wp-json\/wp\/v2\/product_tag?post=4946"}],"curies":[{"name":"wp","href":"https:\/\/api.w.org\/{rel}","templated":true}]}}