{"id":4934,"date":"2025-02-16T18:23:16","date_gmt":"2025-02-16T17:23:16","guid":{"rendered":"https:\/\/sultanspices.es\/product\/ali-baba-light-medium-flour-10kg-ita\/"},"modified":"2025-10-20T21:08:02","modified_gmt":"2025-10-20T19:08:02","slug":"ali-baba-light-medium-flour-10kg-ita","status":"publish","type":"product","link":"https:\/\/sultanspices.es\/pt\/produto\/ali-baba-light-medium-flour-10kg-ita\/","title":{"rendered":"ALI BABA FARINHA M\u00c9DIA LIGEIRA 10KG ITA"},"content":{"rendered":"<p>Melhore os seus cozinhados com <strong>Farinha M\u00e9dia Leve Ali Baba (10kg)<\/strong>A farinha de trigo, uma farinha vers\u00e1til e de alta qualidade, perfeita para uma vasta gama de receitas. Quer esteja a cozer p\u00e3o, a fazer massa ou a preparar pratos tradicionais, esta farinha proporciona resultados consistentes com a sua textura e leveza ideais. A sua for\u00e7a m\u00e9dia torna-a adequada tanto para a cozinha quotidiana como para uso profissional. Embalada num pr\u00e1tico saco de 10 kg, \u00e9 perfeita para fam\u00edlias, padarias ou qualquer pessoa que goste de cozinhar a granel. Encomende agora na Sultan Spices e desfrute deste ingrediente de cozinha essencial entregue em qualquer parte de Espanha.<\/p>\n<p><strong>Palavras-chave:<\/strong> Ali Baba Light Medium Flour, farinha vers\u00e1til, farinha para cozer, farinha para cozinhar, farinha a granel Espanha, Sultan Spices M\u00e1laga, mercearia indiana Espanha, farinha para cozer profissional.<\/p>","protected":false},"excerpt":{"rendered":"<p>Melhore os seus cozinhados com a Farinha M\u00e9dia Ligeira Ali Baba (10 kg), uma farinha vers\u00e1til e de alta qualidade, perfeita para uma vasta gama de receitas. Quer esteja a cozer p\u00e3o, a fazer massa ou a preparar pratos tradicionais, esta farinha proporciona resultados consistentes com a sua textura e leveza ideais. A sua for\u00e7a m\u00e9dia torna-a adequada tanto para a cozinha quotidiana...<\/p>","protected":false},"featured_media":5080,"comment_status":"open","ping_status":"closed","template":"","meta":{"_kad_blocks_custom_css":"","_kad_blocks_head_custom_js":"","_kad_blocks_body_custom_js":"","_kad_blocks_footer_custom_js":"","_kadence_starter_templates_imported_post":false,"_kad_post_transparent":"default","_kad_post_title":"","_kad_post_layout":"default","_kad_post_sidebar_id":"","_kad_post_content_style":"default","_kad_post_vertical_padding":"default","_kad_post_feature":"","_kad_post_feature_position":"","_kad_post_header":false,"_kad_post_footer":false,"_kad_post_classname":""},"product_brand":[],"product_cat":[52],"product_tag":[],"class_list":{"0":"post-4934","1":"product","2":"type-product","3":"status-publish","4":"has-post-thumbnail","6":"product_cat-flour","8":"first","9":"outofstock","10":"shipping-taxable","11":"purchasable","12":"product-type-simple","13":"entry","14":"content-bg","15":"loop-entry"},"taxonomy_info":{"product_cat":[{"value":52,"label":"Flour"}]},"featured_image_src_large":["https:\/\/sultanspices.es\/wp-content\/uploads\/2025\/02\/ProductsPIX-62-1024x1024.png",1024,1024,true],"author_info":[],"comment_info":0,"jetpack_sharing_enabled":true,"_links":{"self":[{"href":"https:\/\/sultanspices.es\/pt\/wp-json\/wp\/v2\/product\/4934","targetHints":{"allow":["GET"]}}],"collection":[{"href":"https:\/\/sultanspices.es\/pt\/wp-json\/wp\/v2\/product"}],"about":[{"href":"https:\/\/sultanspices.es\/pt\/wp-json\/wp\/v2\/types\/product"}],"replies":[{"embeddable":true,"href":"https:\/\/sultanspices.es\/pt\/wp-json\/wp\/v2\/comments?post=4934"}],"wp:featuredmedia":[{"embeddable":true,"href":"https:\/\/sultanspices.es\/pt\/wp-json\/wp\/v2\/media\/5080"}],"wp:attachment":[{"href":"https:\/\/sultanspices.es\/pt\/wp-json\/wp\/v2\/media?parent=4934"}],"wp:term":[{"taxonomy":"product_brand","embeddable":true,"href":"https:\/\/sultanspices.es\/pt\/wp-json\/wp\/v2\/product_brand?post=4934"},{"taxonomy":"product_cat","embeddable":true,"href":"https:\/\/sultanspices.es\/pt\/wp-json\/wp\/v2\/product_cat?post=4934"},{"taxonomy":"product_tag","embeddable":true,"href":"https:\/\/sultanspices.es\/pt\/wp-json\/wp\/v2\/product_tag?post=4934"}],"curies":[{"name":"wp","href":"https:\/\/api.w.org\/{rel}","templated":true}]}}