{"id":4932,"date":"2025-02-16T18:23:14","date_gmt":"2025-02-16T17:23:14","guid":{"rendered":"https:\/\/sultanspices.es\/product\/7955-pure-heaven-drink-white-grape-750ml\/"},"modified":"2026-02-23T12:40:28","modified_gmt":"2026-02-23T11:40:28","slug":"pure-heaven-drink-white-grape-750ml","status":"publish","type":"product","link":"https:\/\/sultanspices.es\/pt\/produto\/pure-heaven-drink-white-grape-750ml\/","title":{"rendered":"7955 PURE HEAVEN DRINK UVA BRANCA 750ML"},"content":{"rendered":"<p>Mate a sua sede com o sabor refrescante de <strong>Bebida de Uva Branca Pure Heaven (750ml)<\/strong>A bebida de uva branca \u00e9 uma bebida naturalmente doce e deliciosa, feita a partir das melhores uvas brancas. Perfeita para qualquer ocasi\u00e3o, esta bebida oferece um sabor leve e frutado que \u00e9 simultaneamente refrescante e satisfat\u00f3rio. Desfrute-a fresca por si s\u00f3 ou utilize-a como base para mocktails e cocktails. Sem aditivos artificiais ou \u00e1lcool, a Pure Heaven White Grape Drink \u00e9 uma escolha saud\u00e1vel e deliciosa para todas as idades. Encomende agora na Sultan Spices e desfrute desta bebida de uva de qualidade superior entregue em qualquer parte de Espanha.<\/p>\n<p><strong>Palavras-chave:<\/strong> Pure Heaven White Grape Drink, bebida de uva branca, bebidas refrescantes, bebida de fruta natural, Sultan Spices M\u00e1laga, mercearia indiana Espanha, bebidas saud\u00e1veis.<\/p>","protected":false},"excerpt":{"rendered":"<p>Mate a sua sede com o sabor refrescante da Pure Heaven White Grape Drink (750ml), uma bebida naturalmente doce e deliciosa feita a partir das melhores uvas brancas. Perfeita para qualquer ocasi\u00e3o, esta bebida oferece um sabor ligeiro e frutado que \u00e9 simultaneamente refrescante e satisfat\u00f3rio. Desfrute-a fresca por si s\u00f3 ou utilize-a como base para...<\/p>","protected":false},"featured_media":5082,"comment_status":"open","ping_status":"closed","template":"","meta":{"_kad_blocks_custom_css":"","_kad_blocks_head_custom_js":"","_kad_blocks_body_custom_js":"","_kad_blocks_footer_custom_js":"","_kadence_starter_templates_imported_post":false,"_kad_post_transparent":"default","_kad_post_title":"","_kad_post_layout":"default","_kad_post_sidebar_id":"","_kad_post_content_style":"default","_kad_post_vertical_padding":"default","_kad_post_feature":"","_kad_post_feature_position":"","_kad_post_header":false,"_kad_post_footer":false,"_kad_post_classname":""},"product_brand":[],"product_cat":[58],"product_tag":[],"class_list":{"0":"post-4932","1":"product","2":"type-product","3":"status-publish","4":"has-post-thumbnail","6":"product_cat-beverages","8":"first","9":"instock","10":"shipping-taxable","11":"purchasable","12":"product-type-simple","13":"entry","14":"content-bg","15":"loop-entry"},"taxonomy_info":{"product_cat":[{"value":58,"label":"Beverages"}]},"featured_image_src_large":["https:\/\/sultanspices.es\/wp-content\/uploads\/2025\/02\/ProductsPIX-63-1024x1024.png",1024,1024,true],"author_info":[],"comment_info":0,"jetpack_sharing_enabled":true,"_links":{"self":[{"href":"https:\/\/sultanspices.es\/pt\/wp-json\/wp\/v2\/product\/4932","targetHints":{"allow":["GET"]}}],"collection":[{"href":"https:\/\/sultanspices.es\/pt\/wp-json\/wp\/v2\/product"}],"about":[{"href":"https:\/\/sultanspices.es\/pt\/wp-json\/wp\/v2\/types\/product"}],"replies":[{"embeddable":true,"href":"https:\/\/sultanspices.es\/pt\/wp-json\/wp\/v2\/comments?post=4932"}],"wp:featuredmedia":[{"embeddable":true,"href":"https:\/\/sultanspices.es\/pt\/wp-json\/wp\/v2\/media\/5082"}],"wp:attachment":[{"href":"https:\/\/sultanspices.es\/pt\/wp-json\/wp\/v2\/media?parent=4932"}],"wp:term":[{"taxonomy":"product_brand","embeddable":true,"href":"https:\/\/sultanspices.es\/pt\/wp-json\/wp\/v2\/product_brand?post=4932"},{"taxonomy":"product_cat","embeddable":true,"href":"https:\/\/sultanspices.es\/pt\/wp-json\/wp\/v2\/product_cat?post=4932"},{"taxonomy":"product_tag","embeddable":true,"href":"https:\/\/sultanspices.es\/pt\/wp-json\/wp\/v2\/product_tag?post=4932"}],"curies":[{"name":"wp","href":"https:\/\/api.w.org\/{rel}","templated":true}]}}