{"id":4717,"date":"2024-06-23T17:03:03","date_gmt":"2024-06-23T15:03:03","guid":{"rendered":"https:\/\/sultanspices.es\/urid-flour-ali-baba-1kg\/"},"modified":"2026-02-23T12:41:27","modified_gmt":"2026-02-23T11:41:27","slug":"urid-flour-ali-baba-1kg","status":"publish","type":"product","link":"https:\/\/sultanspices.es\/pt\/produto\/urid-flour-ali-baba-1kg\/","title":{"rendered":"FARINHA URID ALI BABA 1KG"},"content":{"rendered":"<p>Descubra o sabor aut\u00eantico da cozinha tradicional indiana com <strong>FARINHA URID ALI BABA 1KG<\/strong>dispon\u00edvel em Sultan Spices, a sua mercearia indiana de confian\u00e7a em M\u00e1laga. Esta farinha de qualidade superior, feita a partir de urid dal (grama preta) finamente mo\u00edda, \u00e9 um alimento b\u00e1sico em muitos lares indianos. Quer esteja a preparar dosas deliciosas, papadums estaladi\u00e7os ou idlis macios, esta farinha vers\u00e1til \u00e9 um ingrediente essencial para obter a textura e o sabor perfeitos.<\/p>\n<p><strong>Caracter\u00edsticas principais:<\/strong><\/p>\n<ul>\n<li><strong>Qualidade superior:<\/strong> Proveniente do melhor urid dal, garantindo uma textura suave e consistente.<\/li>\n<li><strong>Utiliza\u00e7\u00e3o vers\u00e1til:<\/strong> Ideal para confecionar uma variedade de pratos indianos, como dosas, idlis e papadums.<\/li>\n<li><strong>Rico em nutrientes:<\/strong> Repleto de prote\u00ednas e fibras alimentares, o que o torna uma escolha saud\u00e1vel para as suas refei\u00e7\u00f5es.<\/li>\n<li><strong>Sabor aut\u00eantico:<\/strong> Traz os verdadeiros sabores da cozinha tradicional indiana para a sua cozinha.<\/li>\n<li><strong>Embalagem c\u00f3moda:<\/strong> Apresenta-se numa embalagem de 1KG, perfeita para utiliza\u00e7\u00e3o e armazenamento regulares.<\/li>\n<\/ul>\n<p>Na Sultan Spices, orgulhamo-nos de oferecer uma vasta gama de produtos de mercearia indianos de alta qualidade. Os nossos <strong>FARINHA URID ALI BABA 1KG<\/strong> n\u00e3o \u00e9 exce\u00e7\u00e3o, proporcionando-lhe o sabor aut\u00eantico e os benef\u00edcios nutricionais que s\u00e3o essenciais na cozinha indiana. Visite a nossa mercearia indiana em M\u00e1laga para explorar a nossa sele\u00e7\u00e3o diversificada de especiarias, farinhas e outros ingredientes que ir\u00e3o elevar os seus cozinhados.<\/p>\n<p>Eleve as suas cria\u00e7\u00f5es culin\u00e1rias com <strong>FARINHA URID ALI BABA 1KG<\/strong> da Sultan Spices, e experimente os sabores ricos e tradicionais da \u00cdndia diretamente em sua casa.<\/p>","protected":false},"excerpt":{"rendered":"<p>Descubra o sabor aut\u00eantico da cozinha tradicional indiana com URID FLOUR ALI BABA 1KG, dispon\u00edvel em Sultan Spices, a sua mercearia indiana de confian\u00e7a em M\u00e1laga. Esta farinha de qualidade superior, feita de urid dal (grama preta) finamente mo\u00edda, \u00e9 um alimento b\u00e1sico em muitos lares indianos. Quer esteja a preparar dosas deliciosas, papadums estaladi\u00e7os ou idlis macios, esta...<\/p>","protected":false},"featured_media":4719,"comment_status":"open","ping_status":"closed","template":"","meta":{"_kad_blocks_custom_css":"","_kad_blocks_head_custom_js":"","_kad_blocks_body_custom_js":"","_kad_blocks_footer_custom_js":"","_kadence_starter_templates_imported_post":false,"_kad_post_transparent":"default","_kad_post_title":"","_kad_post_layout":"default","_kad_post_sidebar_id":"","_kad_post_content_style":"default","_kad_post_vertical_padding":"default","_kad_post_feature":"","_kad_post_feature_position":"","_kad_post_header":false,"_kad_post_footer":false,"_kad_post_classname":""},"product_brand":[],"product_cat":[52],"product_tag":[],"class_list":{"0":"post-4717","1":"product","2":"type-product","3":"status-publish","4":"has-post-thumbnail","6":"product_cat-flour","8":"first","9":"outofstock","10":"shipping-taxable","11":"purchasable","12":"product-type-simple","13":"entry","14":"content-bg","15":"loop-entry"},"taxonomy_info":{"product_cat":[{"value":52,"label":"Flour"}]},"featured_image_src_large":["https:\/\/sultanspices.es\/wp-content\/uploads\/2024\/06\/ProductsPIX-1024x1024.png",1024,1024,true],"author_info":[],"comment_info":0,"jetpack_sharing_enabled":true,"_links":{"self":[{"href":"https:\/\/sultanspices.es\/pt\/wp-json\/wp\/v2\/product\/4717","targetHints":{"allow":["GET"]}}],"collection":[{"href":"https:\/\/sultanspices.es\/pt\/wp-json\/wp\/v2\/product"}],"about":[{"href":"https:\/\/sultanspices.es\/pt\/wp-json\/wp\/v2\/types\/product"}],"replies":[{"embeddable":true,"href":"https:\/\/sultanspices.es\/pt\/wp-json\/wp\/v2\/comments?post=4717"}],"wp:featuredmedia":[{"embeddable":true,"href":"https:\/\/sultanspices.es\/pt\/wp-json\/wp\/v2\/media\/4719"}],"wp:attachment":[{"href":"https:\/\/sultanspices.es\/pt\/wp-json\/wp\/v2\/media?parent=4717"}],"wp:term":[{"taxonomy":"product_brand","embeddable":true,"href":"https:\/\/sultanspices.es\/pt\/wp-json\/wp\/v2\/product_brand?post=4717"},{"taxonomy":"product_cat","embeddable":true,"href":"https:\/\/sultanspices.es\/pt\/wp-json\/wp\/v2\/product_cat?post=4717"},{"taxonomy":"product_tag","embeddable":true,"href":"https:\/\/sultanspices.es\/pt\/wp-json\/wp\/v2\/product_tag?post=4717"}],"curies":[{"name":"wp","href":"https:\/\/api.w.org\/{rel}","templated":true}]}}