{"id":4712,"date":"2024-06-23T17:02:58","date_gmt":"2024-06-23T15:02:58","guid":{"rendered":"https:\/\/sultanspices.es\/semolina-fine-trs-500g\/"},"modified":"2026-02-23T12:41:16","modified_gmt":"2026-02-23T11:41:16","slug":"semolina-fine-trs-500g","status":"publish","type":"product","link":"https:\/\/sultanspices.es\/pt\/produto\/semola-fina-trs-500g\/","title":{"rendered":"S\u00caMOLA FINA TRS 500G"},"content":{"rendered":"<div class=\"flex flex-grow flex-col max-w-full\">\n<div class=\"min-h-[20px] text-message flex flex-col items-start whitespace-pre-wrap break-words [.text-message+&amp;]:mt-5 juice:w-full juice:items-end overflow-x-auto gap-2\" dir=\"auto\" data-message-author-role=\"assistant\" data-message-id=\"8b305698-28e7-4b46-9740-873654992106\">\n<div class=\"flex w-full flex-col gap-1 juice:empty:hidden juice:first:pt-[3px]\">\n<div class=\"markdown prose w-full break-words dark:prose-invert dark\">\n<p>Experimente a excelente qualidade e as utiliza\u00e7\u00f5es vers\u00e1teis do <strong>S\u00caMOLA FINA TRS 500G<\/strong>A s\u00eamola de s\u00eamola \u00e9 um produto indispens\u00e1vel em qualquer cozinha para quem gosta de explorar diversas cria\u00e7\u00f5es culin\u00e1rias. Dispon\u00edvel na Sultan Spices, a sua mercearia indiana de refer\u00eancia em M\u00e1laga, esta s\u00eamola \u00e9 perfeita para confecionar uma grande variedade de pratos, desde doces tradicionais indianos a del\u00edcias salgadas.<\/p>\n<p><strong>Caracter\u00edsticas principais:<\/strong><\/p>\n<ul>\n<li><strong>S\u00eamola de alta qualidade:<\/strong> Produzido a partir de trigo duro cuidadosamente selecionado, garantindo uma textura fina e consistente.<\/li>\n<li><strong>Ingrediente vers\u00e1til:<\/strong> Ideal para preparar doces indianos como halwa e pratos salgados como upma, bem como para cozer e fazer massa.<\/li>\n<li><strong>Densa em nutrientes:<\/strong> Rico em prote\u00ednas, fibras alimentares e nutrientes essenciais, o que o torna uma escolha saud\u00e1vel para as suas refei\u00e7\u00f5es.<\/li>\n<li><strong>Sabor aut\u00eantico:<\/strong> Acrescenta um sabor rico e tradicional aos seus pratos, melhorando a sua experi\u00eancia culin\u00e1ria.<\/li>\n<li><strong>Tamanho pr\u00e1tico:<\/strong> Apresenta-se numa embalagem de 500G, perfeita para uma utiliza\u00e7\u00e3o regular e f\u00e1cil de guardar.<\/li>\n<\/ul>\n<p>Na Sultan Spices, estamos empenhados em fornecer produtos da mais alta qualidade que trazem sabores aut\u00eanticos para a sua cozinha. <strong>S\u00caMOLA FINA TRS 500G<\/strong> \u00e9 um alimento b\u00e1sico para qualquer cozinheiro dom\u00e9stico ou chef profissional que queira criar refei\u00e7\u00f5es deliciosas e nutritivas.<\/p>\n<p>Visite Sultan Spices, a sua mercearia indiana de confian\u00e7a em M\u00e1laga, para explorar a nossa vasta gama de especiarias, farinhas e outros ingredientes essenciais. Com <strong>S\u00caMOLA FINA TRS 500G<\/strong>, pode elevar a sua cozinha e apreciar os sabores ricos e tradicionais da cozinha indiana.<\/p>\n<p>Transforme os seus pratos com <strong>S\u00caMOLA FINA TRS 500G<\/strong> da Sultan Spices, e traga os aut\u00eanticos sabores da \u00cdndia para sua casa.<\/p>\n<\/div>\n<\/div>\n<\/div>\n<\/div>","protected":false},"excerpt":{"rendered":"<p>Experimente a qualidade fina e as utiliza\u00e7\u00f5es vers\u00e1teis da SEMOLINA FINE TRS 500G, um produto indispens\u00e1vel em todas as cozinhas para quem gosta de explorar diversas cria\u00e7\u00f5es culin\u00e1rias. Dispon\u00edvel na Sultan Spices, a sua mercearia indiana de refer\u00eancia em M\u00e1laga, esta s\u00eamola \u00e9 perfeita para confecionar uma grande variedade de pratos, desde doces tradicionais indianos a del\u00edcias salgadas....<\/p>","protected":false},"featured_media":4721,"comment_status":"open","ping_status":"closed","template":"","meta":{"_kad_blocks_custom_css":"","_kad_blocks_head_custom_js":"","_kad_blocks_body_custom_js":"","_kad_blocks_footer_custom_js":"","_kadence_starter_templates_imported_post":false,"_kad_post_transparent":"default","_kad_post_title":"","_kad_post_layout":"default","_kad_post_sidebar_id":"","_kad_post_content_style":"default","_kad_post_vertical_padding":"default","_kad_post_feature":"","_kad_post_feature_position":"","_kad_post_header":false,"_kad_post_footer":false,"_kad_post_classname":""},"product_brand":[],"product_cat":[52],"product_tag":[],"class_list":{"0":"post-4712","1":"product","2":"type-product","3":"status-publish","4":"has-post-thumbnail","6":"product_cat-flour","8":"first","9":"instock","10":"shipping-taxable","11":"purchasable","12":"product-type-simple","13":"entry","14":"content-bg","15":"loop-entry"},"taxonomy_info":{"product_cat":[{"value":52,"label":"Flour"}]},"featured_image_src_large":["https:\/\/sultanspices.es\/wp-content\/uploads\/2024\/06\/ProductsPIX-1-1024x1024.png",1024,1024,true],"author_info":[],"comment_info":0,"jetpack_sharing_enabled":true,"_links":{"self":[{"href":"https:\/\/sultanspices.es\/pt\/wp-json\/wp\/v2\/product\/4712","targetHints":{"allow":["GET"]}}],"collection":[{"href":"https:\/\/sultanspices.es\/pt\/wp-json\/wp\/v2\/product"}],"about":[{"href":"https:\/\/sultanspices.es\/pt\/wp-json\/wp\/v2\/types\/product"}],"replies":[{"embeddable":true,"href":"https:\/\/sultanspices.es\/pt\/wp-json\/wp\/v2\/comments?post=4712"}],"wp:featuredmedia":[{"embeddable":true,"href":"https:\/\/sultanspices.es\/pt\/wp-json\/wp\/v2\/media\/4721"}],"wp:attachment":[{"href":"https:\/\/sultanspices.es\/pt\/wp-json\/wp\/v2\/media?parent=4712"}],"wp:term":[{"taxonomy":"product_brand","embeddable":true,"href":"https:\/\/sultanspices.es\/pt\/wp-json\/wp\/v2\/product_brand?post=4712"},{"taxonomy":"product_cat","embeddable":true,"href":"https:\/\/sultanspices.es\/pt\/wp-json\/wp\/v2\/product_cat?post=4712"},{"taxonomy":"product_tag","embeddable":true,"href":"https:\/\/sultanspices.es\/pt\/wp-json\/wp\/v2\/product_tag?post=4712"}],"curies":[{"name":"wp","href":"https:\/\/api.w.org\/{rel}","templated":true}]}}