{"id":4708,"date":"2024-06-23T17:02:56","date_gmt":"2024-06-23T15:02:56","guid":{"rendered":"https:\/\/sultanspices.es\/sauce-ahmed-red-chilli-300g\/"},"modified":"2026-04-10T20:03:17","modified_gmt":"2026-04-10T18:03:17","slug":"sauce-ahmed-red-chilli-300g","status":"publish","type":"product","link":"https:\/\/sultanspices.es\/pt\/produto\/sauce-ahmed-red-chilli-300g\/","title":{"rendered":"MOLHO AHMED RED CHILLI 300G"},"content":{"rendered":"<div class=\"flex-1 overflow-hidden\">\n<div class=\"h-full\">\n<div class=\"react-scroll-to-bottom--css-nhckf-79elbk h-full\">\n<div class=\"react-scroll-to-bottom--css-nhckf-1n7m0yu\">\n<div class=\"flex flex-col text-sm md:pb-9\">\n<div class=\"w-full text-token-text-primary\" dir=\"auto\" data-testid=\"conversation-turn-9\" data-scroll-anchor=\"true\">\n<div class=\"py-2 juice:py-[18px] px-3 text-base md:px-4 m-auto md:px-5 lg:px-1 xl:px-5\">\n<div class=\"mx-auto flex flex-1 gap-3 text-base juice:gap-4 juice:md:gap-5 juice:lg:gap-6 md:max-w-3xl lg:max-w-[40rem] xl:max-w-[48rem]\">\n<div class=\"group\/conversation-turn relative flex w-full min-w-0 flex-col agent-turn\">\n<div class=\"flex-col gap-1 md:gap-3\">\n<div class=\"flex flex-grow flex-col max-w-full\">\n<div class=\"min-h-[20px] text-message flex flex-col items-start whitespace-pre-wrap break-words [.text-message+&amp;]:mt-5 juice:w-full juice:items-end overflow-x-auto gap-2\" dir=\"auto\" data-message-author-role=\"assistant\" data-message-id=\"eb652e37-9071-465c-96a5-97d009b52371\">\n<div class=\"flex w-full flex-col gap-1 juice:empty:hidden juice:first:pt-[3px]\">\n<div class=\"markdown prose w-full break-words dark:prose-invert dark\">\n<p>Acenda as suas papilas gustativas com o sabor ousado e ardente de <strong>MOLHO AHMED RED CHILLI 300G<\/strong>dispon\u00edvel na Sultan Spices, a sua principal mercearia indiana em M\u00e1laga. Este molho de malagueta vermelha de alta qualidade \u00e9 perfeito para adicionar um toque picante a uma variedade de pratos, desde receitas indianas tradicionais at\u00e9 aos seus snacks e salteados favoritos.<\/p>\n<p><strong>Caracter\u00edsticas principais:<\/strong><\/p>\n<ul>\n<li><strong>Qualidade superior:<\/strong> Elaborado a partir de malaguetas vermelhas cuidadosamente seleccionadas, garantindo um sabor intenso e vibrante.<\/li>\n<li><strong>Utiliza\u00e7\u00e3o vers\u00e1til:<\/strong> Ideal para marinar, mergulhar, fritar e temperar uma vasta gama de pratos.<\/li>\n<li><strong>Picante e ousado:<\/strong> Adiciona um calor ardente \u00e0s suas refei\u00e7\u00f5es, real\u00e7ando o sabor e o aroma gerais.<\/li>\n<li><strong>Embalagem c\u00f3moda:<\/strong> Vem num frasco de 300G, perfeito para uma utiliza\u00e7\u00e3o regular e f\u00e1cil de guardar.<\/li>\n<li><strong>Sabor aut\u00eantico:<\/strong> Proporciona o sabor genu\u00edno do tradicional molho de malagueta vermelha, elevando os seus cozinhados.<\/li>\n<\/ul>\n<p>Na Sultan Spices, dedicamo-nos a oferecer uma sele\u00e7\u00e3o diversificada de produtos de alta qualidade que trazem sabores aut\u00eanticos para a sua cozinha. <strong>MOLHO AHMED RED CHILLI 300G<\/strong> n\u00e3o \u00e9 exce\u00e7\u00e3o, proporcionando-lhe o sabor ousado e picante que \u00e9 essencial em muitas tradi\u00e7\u00f5es culin\u00e1rias.<\/p>\n<p>Visite Sultan Spices, a sua mercearia indiana de confian\u00e7a em M\u00e1laga, para explorar a nossa vasta gama de molhos, especiarias e outros ingredientes essenciais. Com <strong>MOLHO AHMED RED CHILLI 300G<\/strong>pode elevar os seus pratos e apreciar os sabores aut\u00eanticos das cozinhas indiana e asi\u00e1tica.<\/p>\n<p>Apimente as suas refei\u00e7\u00f5es com <strong>MOLHO AHMED RED CHILLI 300G<\/strong> da Sultan Spices, e traga o sabor arrojado e tradicional do molho de malagueta vermelha para a sua cozinha caseira.<\/p>\n<\/div>\n<\/div>\n<\/div>\n<\/div>\n<\/div>\n<\/div>\n<\/div>\n<\/div>\n<\/div>\n<\/div>\n<\/div>\n<\/div>\n<\/div>\n<\/div>","protected":false},"excerpt":{"rendered":"<p>Acenda as suas papilas gustativas com o sabor ousado e ardente do SAUCE AHMED RED CHILLI 300G, dispon\u00edvel na Sultan Spices, a sua principal mercearia indiana em M\u00e1laga. Este molho de malagueta vermelha de alta qualidade \u00e9 perfeito para adicionar um toque picante a uma variedade de pratos, desde receitas indianas tradicionais at\u00e9 aos seus snacks e salteados favoritos. Chave...<\/p>","protected":false},"featured_media":4724,"comment_status":"open","ping_status":"closed","template":"","meta":{"_kad_blocks_custom_css":"","_kad_blocks_head_custom_js":"","_kad_blocks_body_custom_js":"","_kad_blocks_footer_custom_js":"","_kadence_starter_templates_imported_post":false,"_kad_post_transparent":"default","_kad_post_title":"","_kad_post_layout":"default","_kad_post_sidebar_id":"","_kad_post_content_style":"default","_kad_post_vertical_padding":"default","_kad_post_feature":"","_kad_post_feature_position":"","_kad_post_header":false,"_kad_post_footer":false,"_kad_post_classname":""},"product_brand":[],"product_cat":[55],"product_tag":[],"class_list":{"0":"post-4708","1":"product","2":"type-product","3":"status-publish","4":"has-post-thumbnail","6":"product_cat-pastes","8":"first","9":"instock","10":"shipping-taxable","11":"purchasable","12":"product-type-simple","13":"entry","14":"content-bg","15":"loop-entry"},"taxonomy_info":{"product_cat":[{"value":55,"label":"Pastes, Pickles &amp; Sauces"}]},"featured_image_src_large":["https:\/\/sultanspices.es\/wp-content\/uploads\/2024\/06\/ProductsPIX-3-1024x1024.png",1024,1024,true],"author_info":[],"comment_info":1,"jetpack_sharing_enabled":true,"_links":{"self":[{"href":"https:\/\/sultanspices.es\/pt\/wp-json\/wp\/v2\/product\/4708","targetHints":{"allow":["GET"]}}],"collection":[{"href":"https:\/\/sultanspices.es\/pt\/wp-json\/wp\/v2\/product"}],"about":[{"href":"https:\/\/sultanspices.es\/pt\/wp-json\/wp\/v2\/types\/product"}],"replies":[{"embeddable":true,"href":"https:\/\/sultanspices.es\/pt\/wp-json\/wp\/v2\/comments?post=4708"}],"wp:featuredmedia":[{"embeddable":true,"href":"https:\/\/sultanspices.es\/pt\/wp-json\/wp\/v2\/media\/4724"}],"wp:attachment":[{"href":"https:\/\/sultanspices.es\/pt\/wp-json\/wp\/v2\/media?parent=4708"}],"wp:term":[{"taxonomy":"product_brand","embeddable":true,"href":"https:\/\/sultanspices.es\/pt\/wp-json\/wp\/v2\/product_brand?post=4708"},{"taxonomy":"product_cat","embeddable":true,"href":"https:\/\/sultanspices.es\/pt\/wp-json\/wp\/v2\/product_cat?post=4708"},{"taxonomy":"product_tag","embeddable":true,"href":"https:\/\/sultanspices.es\/pt\/wp-json\/wp\/v2\/product_tag?post=4708"}],"curies":[{"name":"wp","href":"https:\/\/api.w.org\/{rel}","templated":true}]}}