{"id":4707,"date":"2024-06-23T17:02:55","date_gmt":"2024-06-23T15:02:55","guid":{"rendered":"https:\/\/sultanspices.es\/sauce-ahmed-mint-300g\/"},"modified":"2026-03-11T22:38:57","modified_gmt":"2026-03-11T21:38:57","slug":"sauce-ahmed-mint-300g","status":"publish","type":"product","link":"https:\/\/sultanspices.es\/pt\/produto\/molho-ahmed-menta-300g\/","title":{"rendered":"MOLHO AHMED HORTEL\u00c3 300G"},"content":{"rendered":"<div class=\"flex flex-grow flex-col max-w-full\">\n<div class=\"min-h-[20px] text-message flex flex-col items-start whitespace-pre-wrap break-words [.text-message+&amp;]:mt-5 juice:w-full juice:items-end overflow-x-auto gap-2\" dir=\"auto\" data-message-author-role=\"assistant\" data-message-id=\"b0d41118-de07-4c14-81a7-f227108d96a2\">\n<div class=\"flex w-full flex-col gap-1 juice:empty:hidden juice:first:pt-[3px]\">\n<div class=\"markdown prose w-full break-words dark:prose-invert dark\">\n<p>Refresque o seu paladar com o sabor fresco e picante de <strong>MOLHO AHMED HORTEL\u00c3 300G<\/strong>dispon\u00edvel na Sultan Spices, a sua mercearia indiana de confian\u00e7a em M\u00e1laga. Este molho de hortel\u00e3 de primeira qualidade \u00e9 perfeito para dar um toque refrescante a uma variedade de pratos, desde refei\u00e7\u00f5es indianas tradicionais a saladas e molhos.<\/p>\n<p><strong>Caracter\u00edsticas principais:<\/strong><\/p>\n<ul>\n<li><strong>Qualidade superior:<\/strong> Feito a partir de folhas de hortel\u00e3 fresca cuidadosamente seleccionadas, garantindo um sabor vibrante e refrescante.<\/li>\n<li><strong>Utiliza\u00e7\u00e3o vers\u00e1til:<\/strong> Ideal para marinar, mergulhar e temperar uma vasta gama de pratos, incluindo carnes, legumes e snacks.<\/li>\n<li><strong>Fresco e picante:<\/strong> Adiciona um sabor fresco e picante \u00e0s suas refei\u00e7\u00f5es, melhorando o perfil de sabor geral.<\/li>\n<li><strong>Embalagem c\u00f3moda:<\/strong> Vem num frasco de 300G, perfeito para uma utiliza\u00e7\u00e3o regular e f\u00e1cil de guardar.<\/li>\n<li><strong>Sabor aut\u00eantico:<\/strong> Proporciona o sabor genu\u00edno do molho de hortel\u00e3 tradicional, elevando os seus cozinhados.<\/li>\n<\/ul>\n<p>Na Sultan Spices, estamos empenhados em oferecer uma sele\u00e7\u00e3o diversificada de produtos de alta qualidade que trazem sabores aut\u00eanticos para a sua cozinha. <strong>MOLHO AHMED HORTEL\u00c3 300G<\/strong> n\u00e3o \u00e9 exce\u00e7\u00e3o, proporcionando-lhe o sabor fresco e picante que \u00e9 essencial em muitas tradi\u00e7\u00f5es culin\u00e1rias.<\/p>\n<p>Visite Sultan Spices, a sua mercearia indiana de confian\u00e7a em M\u00e1laga, para explorar a nossa vasta gama de molhos, especiarias e outros ingredientes essenciais. Com <strong>MOLHO AHMED HORTEL\u00c3 300G<\/strong>pode elevar os seus pratos e apreciar os sabores aut\u00eanticos da cozinha indiana.<\/p>\n<p>Refresque as suas refei\u00e7\u00f5es com <strong>MOLHO AHMED HORTEL\u00c3 300G<\/strong> da Sultan Spices, e traga o sabor fresco e tradicional do molho de hortel\u00e3 para a sua cozinha caseira.<\/p>\n<\/div>\n<\/div>\n<\/div>\n<\/div>","protected":false},"excerpt":{"rendered":"<p>Refresque o seu paladar com o sabor fresco e picante do SAUCE AHMED MINT 300G, dispon\u00edvel na Sultan Spices, a sua mercearia indiana de confian\u00e7a em M\u00e1laga. Este molho de menta premium \u00e9 perfeito para dar um toque refrescante a uma variedade de pratos, desde refei\u00e7\u00f5es tradicionais indianas a saladas e molhos. Carater\u00edsticas principais: Qualidade superior: Feito de...<\/p>","protected":false},"featured_media":4725,"comment_status":"open","ping_status":"closed","template":"","meta":{"_kad_blocks_custom_css":"","_kad_blocks_head_custom_js":"","_kad_blocks_body_custom_js":"","_kad_blocks_footer_custom_js":"","_kadence_starter_templates_imported_post":false,"_kad_post_transparent":"default","_kad_post_title":"","_kad_post_layout":"default","_kad_post_sidebar_id":"","_kad_post_content_style":"default","_kad_post_vertical_padding":"default","_kad_post_feature":"","_kad_post_feature_position":"","_kad_post_header":false,"_kad_post_footer":false,"_kad_post_classname":""},"product_brand":[],"product_cat":[55],"product_tag":[],"class_list":{"0":"post-4707","1":"product","2":"type-product","3":"status-publish","4":"has-post-thumbnail","6":"product_cat-pastes","8":"first","9":"instock","10":"shipping-taxable","11":"purchasable","12":"product-type-simple","13":"entry","14":"content-bg","15":"loop-entry"},"taxonomy_info":{"product_cat":[{"value":55,"label":"Pastes, Pickles &amp; Sauces"}]},"featured_image_src_large":["https:\/\/sultanspices.es\/wp-content\/uploads\/2024\/06\/ProductsPIX-4-1024x1024.png",1024,1024,true],"author_info":[],"comment_info":0,"jetpack_sharing_enabled":true,"_links":{"self":[{"href":"https:\/\/sultanspices.es\/pt\/wp-json\/wp\/v2\/product\/4707","targetHints":{"allow":["GET"]}}],"collection":[{"href":"https:\/\/sultanspices.es\/pt\/wp-json\/wp\/v2\/product"}],"about":[{"href":"https:\/\/sultanspices.es\/pt\/wp-json\/wp\/v2\/types\/product"}],"replies":[{"embeddable":true,"href":"https:\/\/sultanspices.es\/pt\/wp-json\/wp\/v2\/comments?post=4707"}],"wp:featuredmedia":[{"embeddable":true,"href":"https:\/\/sultanspices.es\/pt\/wp-json\/wp\/v2\/media\/4725"}],"wp:attachment":[{"href":"https:\/\/sultanspices.es\/pt\/wp-json\/wp\/v2\/media?parent=4707"}],"wp:term":[{"taxonomy":"product_brand","embeddable":true,"href":"https:\/\/sultanspices.es\/pt\/wp-json\/wp\/v2\/product_brand?post=4707"},{"taxonomy":"product_cat","embeddable":true,"href":"https:\/\/sultanspices.es\/pt\/wp-json\/wp\/v2\/product_cat?post=4707"},{"taxonomy":"product_tag","embeddable":true,"href":"https:\/\/sultanspices.es\/pt\/wp-json\/wp\/v2\/product_tag?post=4707"}],"curies":[{"name":"wp","href":"https:\/\/api.w.org\/{rel}","templated":true}]}}