{"id":4706,"date":"2024-06-23T17:02:54","date_gmt":"2024-06-23T15:02:54","guid":{"rendered":"https:\/\/sultanspices.es\/sauce-ahmed-green-chilli-300g\/"},"modified":"2026-04-10T20:03:17","modified_gmt":"2026-04-10T18:03:17","slug":"sauce-ahmed-green-chilli-300g","status":"publish","type":"product","link":"https:\/\/sultanspices.es\/pt\/produto\/molho-ahmed-green-chilli-300g\/","title":{"rendered":"MOLHO AHMED MALAGUETA VERDE 300G"},"content":{"rendered":"<p>D\u00ea um toque picante \u00e0s suas refei\u00e7\u00f5es com <strong>MOLHO AHMED MALAGUETA VERDE 300G<\/strong>dispon\u00edvel na Sultan Spices, a sua mercearia indiana de refer\u00eancia em M\u00e1laga. Este molho de malagueta verde de primeira qualidade \u00e9 perfeito para real\u00e7ar o sabor de uma variedade de pratos, desde receitas indianas tradicionais a snacks e salteados contempor\u00e2neos.<\/p>\n<p><strong>Caracter\u00edsticas principais:<\/strong><\/p>\n<ul>\n<li><strong>Qualidade superior:<\/strong> Produzido a partir de malaguetas verdes cuidadosamente seleccionadas, garantindo um sabor vibrante e picante.<\/li>\n<li><strong>Utiliza\u00e7\u00e3o vers\u00e1til:<\/strong> Ideal para marinar, mergulhar, fritar e temperar uma vasta gama de pratos.<\/li>\n<li><strong>Picante e condimentado:<\/strong> Adiciona um calor picante \u00e0s suas refei\u00e7\u00f5es, real\u00e7ando o sabor e o aroma gerais.<\/li>\n<li><strong>Embalagem c\u00f3moda:<\/strong> Vem num frasco de 300G, perfeito para uma utiliza\u00e7\u00e3o regular e f\u00e1cil de guardar.<\/li>\n<li><strong>Sabor aut\u00eantico:<\/strong> Proporciona o sabor genu\u00edno do tradicional molho de malagueta verde, elevando os seus cozinhados.<\/li>\n<\/ul>\n<p>Na Sultan Spices, orgulhamo-nos de oferecer uma sele\u00e7\u00e3o diversificada de produtos de alta qualidade que trazem sabores aut\u00eanticos para a sua cozinha. <strong>MOLHO AHMED MALAGUETA VERDE 300G<\/strong> n\u00e3o \u00e9 exce\u00e7\u00e3o, fornecendo-lhe o sabor picante e apimentado que \u00e9 essencial em muitas tradi\u00e7\u00f5es culin\u00e1rias.<\/p>\n<p>Visite Sultan Spices, a sua mercearia indiana de confian\u00e7a em M\u00e1laga, para explorar a nossa vasta gama de molhos, especiarias e outros ingredientes essenciais. Com <strong>MOLHO AHMED MALAGUETA VERDE 300G<\/strong>pode elevar os seus pratos e apreciar os sabores aut\u00eanticos das cozinhas indiana e asi\u00e1tica.<\/p>\n<p>Apimente as suas refei\u00e7\u00f5es com <strong>MOLHO AHMED MALAGUETA VERDE 300G<\/strong> da Sultan Spices, e traga o sabor picante e tradicional do molho de malagueta verde para a sua cozinha caseira.<\/p>","protected":false},"excerpt":{"rendered":"<p>D\u00ea um toque picante \u00e0s suas refei\u00e7\u00f5es com SAUCE AHMED GREEN CHILLI 300G, dispon\u00edvel na Sultan Spices, a sua mercearia indiana de elei\u00e7\u00e3o em M\u00e1laga. Este molho premium de malagueta verde \u00e9 perfeito para real\u00e7ar o sabor de uma variedade de pratos, desde receitas indianas tradicionais a snacks e salteados contempor\u00e2neos. Carater\u00edsticas principais: Qualidade superior:...<\/p>","protected":false},"featured_media":4727,"comment_status":"open","ping_status":"closed","template":"","meta":{"_kad_blocks_custom_css":"","_kad_blocks_head_custom_js":"","_kad_blocks_body_custom_js":"","_kad_blocks_footer_custom_js":"","_kadence_starter_templates_imported_post":false,"_kad_post_transparent":"default","_kad_post_title":"","_kad_post_layout":"default","_kad_post_sidebar_id":"","_kad_post_content_style":"default","_kad_post_vertical_padding":"default","_kad_post_feature":"","_kad_post_feature_position":"","_kad_post_header":false,"_kad_post_footer":false,"_kad_post_classname":""},"product_brand":[],"product_cat":[55],"product_tag":[],"class_list":{"0":"post-4706","1":"product","2":"type-product","3":"status-publish","4":"has-post-thumbnail","6":"product_cat-pastes","8":"first","9":"instock","10":"shipping-taxable","11":"purchasable","12":"product-type-simple","13":"entry","14":"content-bg","15":"loop-entry"},"taxonomy_info":{"product_cat":[{"value":55,"label":"Pastes, Pickles &amp; Sauces"}]},"featured_image_src_large":["https:\/\/sultanspices.es\/wp-content\/uploads\/2024\/06\/ProductsPIX-5-1024x1024.png",1024,1024,true],"author_info":[],"comment_info":2,"jetpack_sharing_enabled":true,"_links":{"self":[{"href":"https:\/\/sultanspices.es\/pt\/wp-json\/wp\/v2\/product\/4706","targetHints":{"allow":["GET"]}}],"collection":[{"href":"https:\/\/sultanspices.es\/pt\/wp-json\/wp\/v2\/product"}],"about":[{"href":"https:\/\/sultanspices.es\/pt\/wp-json\/wp\/v2\/types\/product"}],"replies":[{"embeddable":true,"href":"https:\/\/sultanspices.es\/pt\/wp-json\/wp\/v2\/comments?post=4706"}],"wp:featuredmedia":[{"embeddable":true,"href":"https:\/\/sultanspices.es\/pt\/wp-json\/wp\/v2\/media\/4727"}],"wp:attachment":[{"href":"https:\/\/sultanspices.es\/pt\/wp-json\/wp\/v2\/media?parent=4706"}],"wp:term":[{"taxonomy":"product_brand","embeddable":true,"href":"https:\/\/sultanspices.es\/pt\/wp-json\/wp\/v2\/product_brand?post=4706"},{"taxonomy":"product_cat","embeddable":true,"href":"https:\/\/sultanspices.es\/pt\/wp-json\/wp\/v2\/product_cat?post=4706"},{"taxonomy":"product_tag","embeddable":true,"href":"https:\/\/sultanspices.es\/pt\/wp-json\/wp\/v2\/product_tag?post=4706"}],"curies":[{"name":"wp","href":"https:\/\/api.w.org\/{rel}","templated":true}]}}