{"id":4703,"date":"2024-06-23T17:02:49","date_gmt":"2024-06-23T15:02:49","guid":{"rendered":"https:\/\/sultanspices.es\/paprika-pwd-trs-400g\/"},"modified":"2026-02-23T12:41:09","modified_gmt":"2026-02-23T11:41:09","slug":"paprika-pwd-trs-400g","status":"publish","type":"product","link":"https:\/\/sultanspices.es\/pt\/produto\/paprika-pwd-trs-400g\/","title":{"rendered":"COLORAU PWD TRS 400G"},"content":{"rendered":"<div class=\"flex flex-grow flex-col max-w-full\">\n<div class=\"min-h-[20px] text-message flex flex-col items-start whitespace-pre-wrap break-words [.text-message+&amp;]:mt-5 juice:w-full juice:items-end overflow-x-auto gap-2\" dir=\"auto\" data-message-author-role=\"assistant\" data-message-id=\"24d99341-289b-43c1-bc15-799036b6913b\">\n<div class=\"flex w-full flex-col gap-1 juice:empty:hidden juice:first:pt-[3px]\">\n<div class=\"markdown prose w-full break-words dark:prose-invert dark\">\n<p>Realce a cor e o sabor dos seus pratos com <strong>COLORAU PWD TRS 400G<\/strong>dispon\u00edvel na Sultan Spices, a sua mercearia indiana de confian\u00e7a em M\u00e1laga. Este p\u00f3 de paprica de alta qualidade \u00e9 perfeito para adicionar um sabor rico e fumado e uma tonalidade vermelha vibrante a uma variedade de pratos, desde receitas tradicionais indianas a cozinhas internacionais.<\/p>\n<p><strong>Caracter\u00edsticas principais:<\/strong><\/p>\n<ul>\n<li><strong>Qualidade superior:<\/strong> Produzido a partir de pimentos vermelhos secos, cuidadosamente seleccionados, garantindo um sabor consistente e rico.<\/li>\n<li><strong>Utiliza\u00e7\u00e3o vers\u00e1til:<\/strong> Ideal para temperar carnes, legumes, sopas, guisados e muito mais.<\/li>\n<li><strong>Rico e fumado:<\/strong> Adiciona um sabor profundo e fumado e uma cor vibrante \u00e0s suas refei\u00e7\u00f5es, melhorando o sabor e a apar\u00eancia.<\/li>\n<li><strong>Rico em nutrientes:<\/strong> Repleto de vitaminas e antioxidantes, \u00e9 uma adi\u00e7\u00e3o saud\u00e1vel aos seus pratos.<\/li>\n<li><strong>Embalagem c\u00f3moda:<\/strong> Apresenta-se numa embalagem de 400G, perfeita para uma utiliza\u00e7\u00e3o regular e f\u00e1cil de guardar.<\/li>\n<\/ul>\n<p>Na Sultan Spices, orgulhamo-nos de oferecer uma sele\u00e7\u00e3o diversificada de produtos de alta qualidade que trazem sabores aut\u00eanticos para a sua cozinha. <strong>COLORAU PWD TRS 400G<\/strong> n\u00e3o \u00e9 exce\u00e7\u00e3o, proporcionando-lhe o sabor rico e fumado que \u00e9 essencial em muitas tradi\u00e7\u00f5es culin\u00e1rias.<\/p>\n<p>Visite a Sultan Spices, a sua mercearia indiana de refer\u00eancia em M\u00e1laga, para explorar a nossa vasta gama de especiarias, farinhas e outros ingredientes essenciais. Com <strong>COLORAU PWD TRS 400G<\/strong>, pode elevar os seus pratos e apreciar os sabores aut\u00eanticos da cozinha indiana e internacional.<\/p>\n<p>Transforme a sua cozinha com <strong>COLORAU PWD TRS 400G<\/strong> da Sultan Spices, e traga o sabor rico e tradicional da paprica de alta qualidade para a sua casa.<\/p>\n<\/div>\n<\/div>\n<\/div>\n<\/div>","protected":false},"excerpt":{"rendered":"<p>Realce a cor e o sabor dos seus pratos com PAPRIKA PWD TRS 400G, dispon\u00edvel na Sultan Spices, a sua mercearia indiana de confian\u00e7a em M\u00e1laga. Este p\u00f3 de paprica de alta qualidade \u00e9 perfeito para adicionar um sabor rico e fumado e uma tonalidade vermelha vibrante a uma variedade de pratos, desde receitas tradicionais indianas a cozinhas internacionais. Carater\u00edsticas principais: Pr\u00e9mio...<\/p>","protected":false},"featured_media":4728,"comment_status":"open","ping_status":"closed","template":"","meta":{"_kad_blocks_custom_css":"","_kad_blocks_head_custom_js":"","_kad_blocks_body_custom_js":"","_kad_blocks_footer_custom_js":"","_kadence_starter_templates_imported_post":false,"_kad_post_transparent":"default","_kad_post_title":"","_kad_post_layout":"default","_kad_post_sidebar_id":"","_kad_post_content_style":"default","_kad_post_vertical_padding":"default","_kad_post_feature":"","_kad_post_feature_position":"","_kad_post_header":false,"_kad_post_footer":false,"_kad_post_classname":""},"product_brand":[],"product_cat":[50],"product_tag":[],"class_list":{"0":"post-4703","1":"product","2":"type-product","3":"status-publish","4":"has-post-thumbnail","6":"product_cat-spices","8":"first","9":"instock","10":"shipping-taxable","11":"purchasable","12":"product-type-simple","13":"entry","14":"content-bg","15":"loop-entry"},"taxonomy_info":{"product_cat":[{"value":50,"label":"Spices"}]},"featured_image_src_large":["https:\/\/sultanspices.es\/wp-content\/uploads\/2024\/06\/ProductsPIX-6-1024x1024.png",1024,1024,true],"author_info":[],"comment_info":0,"jetpack_sharing_enabled":true,"_links":{"self":[{"href":"https:\/\/sultanspices.es\/pt\/wp-json\/wp\/v2\/product\/4703","targetHints":{"allow":["GET"]}}],"collection":[{"href":"https:\/\/sultanspices.es\/pt\/wp-json\/wp\/v2\/product"}],"about":[{"href":"https:\/\/sultanspices.es\/pt\/wp-json\/wp\/v2\/types\/product"}],"replies":[{"embeddable":true,"href":"https:\/\/sultanspices.es\/pt\/wp-json\/wp\/v2\/comments?post=4703"}],"wp:featuredmedia":[{"embeddable":true,"href":"https:\/\/sultanspices.es\/pt\/wp-json\/wp\/v2\/media\/4728"}],"wp:attachment":[{"href":"https:\/\/sultanspices.es\/pt\/wp-json\/wp\/v2\/media?parent=4703"}],"wp:term":[{"taxonomy":"product_brand","embeddable":true,"href":"https:\/\/sultanspices.es\/pt\/wp-json\/wp\/v2\/product_brand?post=4703"},{"taxonomy":"product_cat","embeddable":true,"href":"https:\/\/sultanspices.es\/pt\/wp-json\/wp\/v2\/product_cat?post=4703"},{"taxonomy":"product_tag","embeddable":true,"href":"https:\/\/sultanspices.es\/pt\/wp-json\/wp\/v2\/product_tag?post=4703"}],"curies":[{"name":"wp","href":"https:\/\/api.w.org\/{rel}","templated":true}]}}