{"id":4701,"date":"2024-06-23T17:02:44","date_gmt":"2024-06-23T15:02:44","guid":{"rendered":"https:\/\/sultanspices.es\/noodles-knorr-chicken-66g\/"},"modified":"2026-02-23T12:41:05","modified_gmt":"2026-02-23T11:41:05","slug":"noodles-knorr-chicken-66g","status":"publish","type":"product","link":"https:\/\/sultanspices.es\/pt\/produto\/macarrao-cozido-em-galinha-66g\/","title":{"rendered":"MASSA KNORR FRANGO 66G"},"content":{"rendered":"<p>Descubra o saboroso prazer de <strong>MASSA KNORR FRANGO 66G<\/strong>dispon\u00edvel na Sultan Spices, a sua principal mercearia indiana em M\u00e1laga. Estes c\u00f3modos noodles com sabor a frango oferecem uma solu\u00e7\u00e3o de refei\u00e7\u00e3o r\u00e1pida e deliciosa, perfeita para dias atarefados ou quando se deseja um prato reconfortante.<\/p>\n<p><strong>Caracter\u00edsticas principais:<\/strong><\/p>\n<ul>\n<li><strong>Massa de frango com sabor:<\/strong> Feito com aut\u00eantico aroma de frango para uma experi\u00eancia de sabor satisfat\u00f3ria.<\/li>\n<li><strong>R\u00e1pido e f\u00e1cil:<\/strong> Pronto a cozinhar em minutos, o que o torna ideal para refei\u00e7\u00f5es r\u00e1pidas ou snacks.<\/li>\n<li><strong>Utiliza\u00e7\u00e3o vers\u00e1til:<\/strong> Desfrute como um prato independente ou adicione os seus legumes e prote\u00ednas favoritos.<\/li>\n<li><strong>Embalagem c\u00f3moda:<\/strong> Apresenta-se numa embalagem de 66G, f\u00e1cil de guardar e utilizar sempre que a fome aperta.<\/li>\n<\/ul>\n<p>Na Sultan Spices, temos orgulho em oferecer uma sele\u00e7\u00e3o diversificada de produtos de alta qualidade que satisfazem as suas necessidades culin\u00e1rias. <strong>MASSA KNORR FRANGO 66G<\/strong> proporciona o sabor saboroso e a conveni\u00eancia que espera dos produtos Knorr.<\/p>\n<p>Visite Sultan Spices, a sua mercearia indiana de confian\u00e7a em M\u00e1laga, para explorar a nossa vasta gama de massas, molhos, especiarias e muito mais. Com <strong>MASSA KNORR FRANGO 66G<\/strong>Com esta receita, pode desfrutar de uma refei\u00e7\u00e3o deliciosa e satisfat\u00f3ria que traz os sabores dos noodles de frango Knorr para a sua mesa.<\/p>\n<p>Satisfa\u00e7a a sua fome com <strong>MASSA KNORR FRANGO 66G<\/strong> da Sultan Spices, e experimente a conveni\u00eancia e a del\u00edcia dos noodles com sabor a frango da Knorr em casa.<\/p>","protected":false},"excerpt":{"rendered":"<p>Descubra o saboroso prazer de NOODLES KNORR CHICKEN 66G, dispon\u00edvel na Sultan Spices, a sua principal mercearia indiana em M\u00e1laga. Estes c\u00f3modos noodles com sabor a frango oferecem uma solu\u00e7\u00e3o de refei\u00e7\u00e3o r\u00e1pida e deliciosa, perfeita para dias atarefados ou quando se deseja um prato reconfortante. Carater\u00edsticas principais: Massa com sabor a frango: Feitos com aut\u00eantico sabor a frango para uma refei\u00e7\u00e3o satisfat\u00f3ria...<\/p>","protected":false},"featured_media":4731,"comment_status":"open","ping_status":"closed","template":"","meta":{"_kad_blocks_custom_css":"","_kad_blocks_head_custom_js":"","_kad_blocks_body_custom_js":"","_kad_blocks_footer_custom_js":"","_kadence_starter_templates_imported_post":false,"_kad_post_transparent":"default","_kad_post_title":"","_kad_post_layout":"default","_kad_post_sidebar_id":"","_kad_post_content_style":"default","_kad_post_vertical_padding":"default","_kad_post_feature":"","_kad_post_feature_position":"","_kad_post_header":false,"_kad_post_footer":false,"_kad_post_classname":""},"product_brand":[],"product_cat":[56],"product_tag":[],"class_list":{"0":"post-4701","1":"product","2":"type-product","3":"status-publish","4":"has-post-thumbnail","6":"product_cat-indian-snacks","8":"first","9":"instock","10":"shipping-taxable","11":"purchasable","12":"product-type-simple","13":"entry","14":"content-bg","15":"loop-entry"},"taxonomy_info":{"product_cat":[{"value":56,"label":"Snacks"}]},"featured_image_src_large":["https:\/\/sultanspices.es\/wp-content\/uploads\/2024\/06\/ProductsPIX-7-1024x1024.png",1024,1024,true],"author_info":[],"comment_info":11,"jetpack_sharing_enabled":true,"_links":{"self":[{"href":"https:\/\/sultanspices.es\/pt\/wp-json\/wp\/v2\/product\/4701","targetHints":{"allow":["GET"]}}],"collection":[{"href":"https:\/\/sultanspices.es\/pt\/wp-json\/wp\/v2\/product"}],"about":[{"href":"https:\/\/sultanspices.es\/pt\/wp-json\/wp\/v2\/types\/product"}],"replies":[{"embeddable":true,"href":"https:\/\/sultanspices.es\/pt\/wp-json\/wp\/v2\/comments?post=4701"}],"wp:featuredmedia":[{"embeddable":true,"href":"https:\/\/sultanspices.es\/pt\/wp-json\/wp\/v2\/media\/4731"}],"wp:attachment":[{"href":"https:\/\/sultanspices.es\/pt\/wp-json\/wp\/v2\/media?parent=4701"}],"wp:term":[{"taxonomy":"product_brand","embeddable":true,"href":"https:\/\/sultanspices.es\/pt\/wp-json\/wp\/v2\/product_brand?post=4701"},{"taxonomy":"product_cat","embeddable":true,"href":"https:\/\/sultanspices.es\/pt\/wp-json\/wp\/v2\/product_cat?post=4701"},{"taxonomy":"product_tag","embeddable":true,"href":"https:\/\/sultanspices.es\/pt\/wp-json\/wp\/v2\/product_tag?post=4701"}],"curies":[{"name":"wp","href":"https:\/\/api.w.org\/{rel}","templated":true}]}}