{"id":4699,"date":"2024-06-23T17:02:41","date_gmt":"2024-06-23T15:02:41","guid":{"rendered":"https:\/\/sultanspices.es\/mustard-oil-ali-baba-1lt\/"},"modified":"2026-04-06T00:21:06","modified_gmt":"2026-04-05T22:21:06","slug":"mustard-oil-ali-baba-1lt","status":"publish","type":"product","link":"https:\/\/sultanspices.es\/pt\/produto\/oleo-de-mostarda-ali-baba-1lt\/","title":{"rendered":"\u00d3LEO DE MOSTARDA ALI BABA 1LT"},"content":{"rendered":"<div class=\"flex flex-grow flex-col max-w-full\">\n<div class=\"min-h-[20px] text-message flex flex-col items-start whitespace-pre-wrap break-words [.text-message+&amp;]:mt-5 juice:w-full juice:items-end overflow-x-auto gap-2\" dir=\"auto\" data-message-author-role=\"assistant\" data-message-id=\"d88eceaf-6fa9-47ab-920b-5320dc0fefd7\">\n<div class=\"flex w-full flex-col gap-1 juice:empty:hidden juice:first:pt-[3px]\">\n<div class=\"markdown prose w-full break-words dark:prose-invert dark\">\n<p>Experimente o sabor robusto e os benef\u00edcios para a sa\u00fade de <strong>\u00d3LEO DE MOSTARDA ALI BABA 1LT<\/strong> na Sultan Spices, a sua mercearia indiana de confian\u00e7a em M\u00e1laga. Este \u00f3leo de mostarda de qualidade superior \u00e9 conhecido pelo seu sabor carater\u00edstico e pela sua versatilidade na cozinha, o que o torna um elemento b\u00e1sico da cozinha indiana e do sudeste asi\u00e1tico.<\/p>\n<p><strong>Caracter\u00edsticas principais:<\/strong><\/p>\n<ul>\n<li><strong>Qualidade superior:<\/strong> Prensado a frio a partir de sementes de mostarda seleccionadas para preservar os sabores e nutrientes naturais.<\/li>\n<li><strong>Sabor distinto:<\/strong> Acrescenta um sabor e um aroma ricos a nozes aos pratos, real\u00e7ando a sua autenticidade.<\/li>\n<li><strong>Escolha saud\u00e1vel:<\/strong> Rico em gorduras monoinsaturadas, antioxidantes e \u00e1cidos gordos \u00f3mega 3 para uma dieta equilibrada.<\/li>\n<li><strong>Utiliza\u00e7\u00e3o vers\u00e1til:<\/strong> Ideal para fritar, saltear, marinar e temperar saladas, real\u00e7ando o melhor das suas receitas.<\/li>\n<li><strong>Embalagem c\u00f3moda:<\/strong> Apresenta-se numa garrafa de 1 litro, garantindo frescura e facilidade de utiliza\u00e7\u00e3o na sua cozinha.<\/li>\n<\/ul>\n<p>Na Sultan Spices, orgulhamo-nos de oferecer ingredientes aut\u00eanticos que reflectem a riqueza da cozinha indiana. <strong>\u00d3LEO DE MOSTARDA ALI BABA 1LT<\/strong> exemplifica o nosso compromisso com a qualidade e o sabor.<\/p>\n<p>Visite Sultan Spices em M\u00e1laga para explorar a nossa vasta gama de especiarias, \u00f3leos e ingredientes essenciais. Com <strong>\u00d3LEO DE MOSTARDA ALI BABA 1LT<\/strong>O \u00f3leo de mostarda \u00e9 um \u00f3leo de cozinha, que pode melhorar os seus cozinhados com o seu sabor carater\u00edstico e os seus benef\u00edcios para a sa\u00fade.<\/p>\n<p>Descubra as possibilidades culin\u00e1rias com <strong>\u00d3LEO DE MOSTARDA ALI BABA 1LT<\/strong> da Sultan Spices, e desfrute dos sabores aut\u00eanticos e das vantagens nutricionais que traz \u00e0s suas refei\u00e7\u00f5es.<\/p>\n<\/div>\n<\/div>\n<\/div>\n<\/div>","protected":false},"excerpt":{"rendered":"<p>Experimente o sabor robusto e os benef\u00edcios para a sa\u00fade do \u00d3LEO DE MOSTARDA ALI BABA 1LT na Sultan Spices, a sua mercearia indiana de confian\u00e7a em M\u00e1laga. Este \u00f3leo de mostarda de qualidade superior \u00e9 conhecido pelo seu sabor distinto e versatilidade na culin\u00e1ria, tornando-o um elemento b\u00e1sico na cozinha indiana e do sudeste asi\u00e1tico. Caracter\u00edsticas principais: Qualidade superior: Prensado a frio a partir de mostarda selecionada...<\/p>","protected":false},"featured_media":4735,"comment_status":"open","ping_status":"closed","template":"","meta":{"_kad_blocks_custom_css":"","_kad_blocks_head_custom_js":"","_kad_blocks_body_custom_js":"","_kad_blocks_footer_custom_js":"","_kadence_starter_templates_imported_post":false,"_kad_post_transparent":"default","_kad_post_title":"","_kad_post_layout":"default","_kad_post_sidebar_id":"","_kad_post_content_style":"default","_kad_post_vertical_padding":"default","_kad_post_feature":"","_kad_post_feature_position":"","_kad_post_header":false,"_kad_post_footer":false,"_kad_post_classname":""},"product_brand":[],"product_cat":[62],"product_tag":[],"class_list":{"0":"post-4699","1":"product","2":"type-product","3":"status-publish","4":"has-post-thumbnail","6":"product_cat-oils","8":"first","9":"instock","10":"sale","11":"shipping-taxable","12":"purchasable","13":"product-type-simple","14":"entry","15":"content-bg","16":"loop-entry"},"taxonomy_info":{"product_cat":[{"value":62,"label":"Oils"}]},"featured_image_src_large":["https:\/\/sultanspices.es\/wp-content\/uploads\/2024\/06\/ProductsPIX-9-1024x1024.png",1024,1024,true],"author_info":[],"comment_info":0,"jetpack_sharing_enabled":true,"_links":{"self":[{"href":"https:\/\/sultanspices.es\/pt\/wp-json\/wp\/v2\/product\/4699","targetHints":{"allow":["GET"]}}],"collection":[{"href":"https:\/\/sultanspices.es\/pt\/wp-json\/wp\/v2\/product"}],"about":[{"href":"https:\/\/sultanspices.es\/pt\/wp-json\/wp\/v2\/types\/product"}],"replies":[{"embeddable":true,"href":"https:\/\/sultanspices.es\/pt\/wp-json\/wp\/v2\/comments?post=4699"}],"wp:featuredmedia":[{"embeddable":true,"href":"https:\/\/sultanspices.es\/pt\/wp-json\/wp\/v2\/media\/4735"}],"wp:attachment":[{"href":"https:\/\/sultanspices.es\/pt\/wp-json\/wp\/v2\/media?parent=4699"}],"wp:term":[{"taxonomy":"product_brand","embeddable":true,"href":"https:\/\/sultanspices.es\/pt\/wp-json\/wp\/v2\/product_brand?post=4699"},{"taxonomy":"product_cat","embeddable":true,"href":"https:\/\/sultanspices.es\/pt\/wp-json\/wp\/v2\/product_cat?post=4699"},{"taxonomy":"product_tag","embeddable":true,"href":"https:\/\/sultanspices.es\/pt\/wp-json\/wp\/v2\/product_tag?post=4699"}],"curies":[{"name":"wp","href":"https:\/\/api.w.org\/{rel}","templated":true}]}}