{"id":4698,"date":"2024-06-23T17:02:41","date_gmt":"2024-06-23T15:02:41","guid":{"rendered":"https:\/\/sultanspices.es\/mung-flour-ali-baba-1kg\/"},"modified":"2026-02-23T12:40:57","modified_gmt":"2026-02-23T11:40:57","slug":"mung-flour-ali-baba-1kg","status":"publish","type":"product","link":"https:\/\/sultanspices.es\/pt\/produto\/farinha-de-mung-flour-ali-baba-1kg\/","title":{"rendered":"FARINHA DE TUNGUE ALI BABA 1KG"},"content":{"rendered":"<p>Explore a versatilidade do <strong>FARINHA DE TUNGUE ALI BABA 1KG<\/strong> na Sultan Spices, a sua mercearia indiana de confian\u00e7a em M\u00e1laga. Esta farinha de feij\u00e3o mungo de primeira qualidade oferece uma adi\u00e7\u00e3o nutritiva e saborosa \u00e0s suas cria\u00e7\u00f5es culin\u00e1rias, perfeita tanto para pratos indianos tradicionais como para receitas modernas.<\/p>\n<p><strong>Caracter\u00edsticas principais:<\/strong><\/p>\n<ul>\n<li><strong>Qualidade superior:<\/strong> Finamente mo\u00eddo a partir de feij\u00e3o mungo selecionado para garantir uma textura e um sabor superiores.<\/li>\n<li><strong>Ingrediente vers\u00e1til:<\/strong> Ideal para fazer bhajias estaladi\u00e7as, panquecas fofas e produtos de pastelaria sem gl\u00faten.<\/li>\n<li><strong>Rico em nutrientes:<\/strong> Rico em prote\u00ednas e fibras alimentares, o que o torna uma escolha saud\u00e1vel para uma cozinha preocupada com a sa\u00fade.<\/li>\n<li><strong>Sabor aut\u00eantico:<\/strong> Real\u00e7a os sabores aut\u00eanticos da cozinha indiana, ao mesmo tempo que se adapta a diversas necessidades diet\u00e9ticas.<\/li>\n<li><strong>Embalagem c\u00f3moda:<\/strong> Apresenta-se numa embalagem de 1KG, garantindo a frescura e a facilidade de armazenamento.<\/li>\n<\/ul>\n<p>Na Sultan Spices, somos especialistas em fornecer ingredientes de alta qualidade que elevam a sua experi\u00eancia culin\u00e1ria. <strong>FARINHA DE TUNGUE ALI BABA 1KG<\/strong> exemplifica o nosso empenho em oferecer mercearias indianas aut\u00eanticas que satisfa\u00e7am as suas exig\u00eancias culin\u00e1rias.<\/p>\n<p>Visite Sultan Spices em M\u00e1laga para explorar a nossa extensa sele\u00e7\u00e3o de especiarias, farinhas e ingredientes especiais. Com <strong>FARINHA DE TUNGUE ALI BABA 1KG<\/strong>, pode desbloquear novas dimens\u00f5es de sabor e nutri\u00e7\u00e3o na sua cozinha.<\/p>\n<p>Eleve os seus pratos com <strong>FARINHA DE TUNGUE ALI BABA 1KG<\/strong> da Sultan Spices, e desfrute dos benef\u00edcios nutritivos e do sabor aut\u00eantico da farinha de feij\u00e3o-mungo em todas as refei\u00e7\u00f5es.<\/p>","protected":false},"excerpt":{"rendered":"<p>Explore a versatilidade da farinha de feij\u00e3o mungo ALI BABA 1KG na Sultan Spices, a sua mercearia indiana de confian\u00e7a em M\u00e1laga. Esta farinha de feij\u00e3o mungo de primeira qualidade oferece uma adi\u00e7\u00e3o nutritiva e saborosa \u00e0s suas cria\u00e7\u00f5es culin\u00e1rias, perfeita tanto para pratos tradicionais indianos como para receitas modernas. Caracter\u00edsticas principais: Qualidade superior: Finamente mo\u00eddo a partir de feij\u00e3o mungo selecionado para garantir...<\/p>","protected":false},"featured_media":4733,"comment_status":"open","ping_status":"closed","template":"","meta":{"_kad_blocks_custom_css":"","_kad_blocks_head_custom_js":"","_kad_blocks_body_custom_js":"","_kad_blocks_footer_custom_js":"","_kadence_starter_templates_imported_post":false,"_kad_post_transparent":"default","_kad_post_title":"","_kad_post_layout":"default","_kad_post_sidebar_id":"","_kad_post_content_style":"default","_kad_post_vertical_padding":"default","_kad_post_feature":"","_kad_post_feature_position":"","_kad_post_header":false,"_kad_post_footer":false,"_kad_post_classname":""},"product_brand":[],"product_cat":[52],"product_tag":[],"class_list":{"0":"post-4698","1":"product","2":"type-product","3":"status-publish","4":"has-post-thumbnail","6":"product_cat-flour","8":"first","9":"instock","10":"shipping-taxable","11":"purchasable","12":"product-type-simple","13":"entry","14":"content-bg","15":"loop-entry"},"taxonomy_info":{"product_cat":[{"value":52,"label":"Flour"}]},"featured_image_src_large":["https:\/\/sultanspices.es\/wp-content\/uploads\/2024\/06\/ProductsPIX-8-1024x1024.png",1024,1024,true],"author_info":[],"comment_info":1,"jetpack_sharing_enabled":true,"_links":{"self":[{"href":"https:\/\/sultanspices.es\/pt\/wp-json\/wp\/v2\/product\/4698","targetHints":{"allow":["GET"]}}],"collection":[{"href":"https:\/\/sultanspices.es\/pt\/wp-json\/wp\/v2\/product"}],"about":[{"href":"https:\/\/sultanspices.es\/pt\/wp-json\/wp\/v2\/types\/product"}],"replies":[{"embeddable":true,"href":"https:\/\/sultanspices.es\/pt\/wp-json\/wp\/v2\/comments?post=4698"}],"wp:featuredmedia":[{"embeddable":true,"href":"https:\/\/sultanspices.es\/pt\/wp-json\/wp\/v2\/media\/4733"}],"wp:attachment":[{"href":"https:\/\/sultanspices.es\/pt\/wp-json\/wp\/v2\/media?parent=4698"}],"wp:term":[{"taxonomy":"product_brand","embeddable":true,"href":"https:\/\/sultanspices.es\/pt\/wp-json\/wp\/v2\/product_brand?post=4698"},{"taxonomy":"product_cat","embeddable":true,"href":"https:\/\/sultanspices.es\/pt\/wp-json\/wp\/v2\/product_cat?post=4698"},{"taxonomy":"product_tag","embeddable":true,"href":"https:\/\/sultanspices.es\/pt\/wp-json\/wp\/v2\/product_tag?post=4698"}],"curies":[{"name":"wp","href":"https:\/\/api.w.org\/{rel}","templated":true}]}}