{"id":4697,"date":"2024-06-23T17:02:40","date_gmt":"2024-06-23T15:02:40","guid":{"rendered":"https:\/\/sultanspices.es\/mung-dallchilka-ali-baba-2kg\/"},"modified":"2026-04-27T10:45:50","modified_gmt":"2026-04-27T08:45:50","slug":"mung-dallchilka-ali-baba-2kg","status":"publish","type":"product","link":"https:\/\/sultanspices.es\/pt\/produto\/mung-dallchilka-ali-baba-2kg\/","title":{"rendered":"MUNG DALL (CHILKA) ALI BABA 2KG"},"content":{"rendered":"<p>Descubra o sabor saud\u00e1vel e os benef\u00edcios nutricionais de <strong>MUNG DALL (CHILKA) ALI BABA 2KG<\/strong> na Sultan Spices, a sua mercearia indiana de confian\u00e7a em M\u00e1laga. Este feij\u00e3o-mungo de alta qualidade, conhecido como chilka dal, \u00e9 um ingrediente vers\u00e1til que enriquece uma variedade de pratos indianos com o seu sabor a nozes e textura cremosa.<\/p>\n<p><strong>Caracter\u00edsticas principais:<\/strong><\/p>\n<ul>\n<li><strong>Qualidade superior:<\/strong> Proveniente dos melhores feij\u00f5es-mungo com casca intacta, garantindo um sabor e uma textura superiores.<\/li>\n<li><strong>Rico em nutrientes:<\/strong> Rico em prote\u00ednas, fibras e minerais essenciais, promovendo uma dieta equilibrada e o bem-estar geral.<\/li>\n<li><strong>Utiliza\u00e7\u00e3o vers\u00e1til:<\/strong> Ideal para preparar dals, sopas, caril e doces tradicionais indianos como o moong dal halwa.<\/li>\n<li><strong>Sabor aut\u00eantico:<\/strong> Real\u00e7a os sabores aut\u00eanticos da cozinha indiana, perfeita tanto para as refei\u00e7\u00f5es do dia a dia como para ocasi\u00f5es especiais.<\/li>\n<li><strong>Embalagem c\u00f3moda:<\/strong> Vem numa embalagem de 2KG, proporcionando uma quantidade suficiente para as refei\u00e7\u00f5es da fam\u00edlia e uma f\u00e1cil arruma\u00e7\u00e3o.<\/li>\n<\/ul>\n<p>Na Sultan Spices, especializamo-nos em oferecer ingredientes de primeira qualidade que satisfazem as necessidades culin\u00e1rias dos nossos clientes. <strong>MUNG DALL (CHILKA) ALI BABA 2KG<\/strong> exemplifica o nosso compromisso com a qualidade e a autenticidade.<\/p>\n<p>Visite Sultan Spices em M\u00e1laga para explorar a nossa vasta gama de lentilhas, especiarias e artigos especiais. Com <strong>MUNG DALL (CHILKA) ALI BABA 2KG<\/strong>Se quiser, pode elevar os seus cozinhados com os sabores ricos e os benef\u00edcios nutricionais do feij\u00e3o-mungo.<\/p>\n<p>Melhore os seus pratos com <strong>MUNG DALL (CHILKA) ALI BABA 2KG<\/strong> da Sultan Spices, e desfrute da bondade saud\u00e1vel e do sabor aut\u00eantico do chilka dal em cada dentada.<\/p>","protected":false},"excerpt":{"rendered":"<p>Descubra o sabor saud\u00e1vel e os benef\u00edcios nutricionais de MUNG DALL (CHILKA) ALI BABA 2KG na Sultan Spices, a sua mercearia indiana de confian\u00e7a em M\u00e1laga. Este feij\u00e3o mungo dividido de alta qualidade, conhecido como chilka dal, \u00e9 um ingrediente vers\u00e1til que enriquece uma variedade de pratos indianos com seu sabor de nozes e textura cremosa. Caracter\u00edsticas principais: Qualidade superior: Proveniente de...<\/p>","protected":false},"featured_media":4736,"comment_status":"open","ping_status":"closed","template":"","meta":{"_kad_blocks_custom_css":"","_kad_blocks_head_custom_js":"","_kad_blocks_body_custom_js":"","_kad_blocks_footer_custom_js":"","_kadence_starter_templates_imported_post":false,"_kad_post_transparent":"default","_kad_post_title":"","_kad_post_layout":"default","_kad_post_sidebar_id":"","_kad_post_content_style":"default","_kad_post_vertical_padding":"default","_kad_post_feature":"","_kad_post_feature_position":"","_kad_post_header":false,"_kad_post_footer":false,"_kad_post_classname":""},"product_brand":[],"product_cat":[47],"product_tag":[],"class_list":{"0":"post-4697","1":"product","2":"type-product","3":"status-publish","4":"has-post-thumbnail","6":"product_cat-lentils","8":"first","9":"instock","10":"shipping-taxable","11":"purchasable","12":"product-type-simple","13":"entry","14":"content-bg","15":"loop-entry"},"taxonomy_info":{"product_cat":[{"value":47,"label":"Lentils"}]},"featured_image_src_large":["https:\/\/sultanspices.es\/wp-content\/uploads\/2024\/06\/ProductsPIX-10-1024x1024.png",1024,1024,true],"author_info":[],"comment_info":0,"jetpack_sharing_enabled":true,"_links":{"self":[{"href":"https:\/\/sultanspices.es\/pt\/wp-json\/wp\/v2\/product\/4697","targetHints":{"allow":["GET"]}}],"collection":[{"href":"https:\/\/sultanspices.es\/pt\/wp-json\/wp\/v2\/product"}],"about":[{"href":"https:\/\/sultanspices.es\/pt\/wp-json\/wp\/v2\/types\/product"}],"replies":[{"embeddable":true,"href":"https:\/\/sultanspices.es\/pt\/wp-json\/wp\/v2\/comments?post=4697"}],"wp:featuredmedia":[{"embeddable":true,"href":"https:\/\/sultanspices.es\/pt\/wp-json\/wp\/v2\/media\/4736"}],"wp:attachment":[{"href":"https:\/\/sultanspices.es\/pt\/wp-json\/wp\/v2\/media?parent=4697"}],"wp:term":[{"taxonomy":"product_brand","embeddable":true,"href":"https:\/\/sultanspices.es\/pt\/wp-json\/wp\/v2\/product_brand?post=4697"},{"taxonomy":"product_cat","embeddable":true,"href":"https:\/\/sultanspices.es\/pt\/wp-json\/wp\/v2\/product_cat?post=4697"},{"taxonomy":"product_tag","embeddable":true,"href":"https:\/\/sultanspices.es\/pt\/wp-json\/wp\/v2\/product_tag?post=4697"}],"curies":[{"name":"wp","href":"https:\/\/api.w.org\/{rel}","templated":true}]}}