{"id":4696,"date":"2024-06-23T17:02:39","date_gmt":"2024-06-23T15:02:39","guid":{"rendered":"https:\/\/sultanspices.es\/mung-dallchilka-ali-baba-1kg\/"},"modified":"2026-04-08T00:00:25","modified_gmt":"2026-04-07T22:00:25","slug":"mung-dallchilka-ali-baba-1kg","status":"publish","type":"product","link":"https:\/\/sultanspices.es\/pt\/produto\/mung-dallchilka-ali-baba-1kg\/","title":{"rendered":"MUNG DALL (CHILKA) ALI BABA 1KG"},"content":{"rendered":"<p>Explore o sabor rico e os benef\u00edcios nutricionais de <strong>MUNG DALL (CHILKA) ALI BABA 1KG<\/strong> na Sultan Spices, a sua mercearia indiana de confian\u00e7a em M\u00e1laga. Este chilka dal de primeira qualidade, feito a partir de feij\u00e3o-mungo dividido com a casca intacta, \u00e9 um ingrediente vers\u00e1til que acrescenta profundidade a uma variedade de pratos indianos.<\/p>\n<p><strong>Caracter\u00edsticas principais:<\/strong><\/p>\n<ul>\n<li><strong>Qualidade superior:<\/strong> Proveniente dos melhores feij\u00f5es-mungo com casca, garantindo um sabor e uma textura superiores.<\/li>\n<li><strong>Rico em nutrientes:<\/strong> Rico em prote\u00ednas, fibras e minerais essenciais, promovendo uma dieta equilibrada e o bem-estar geral.<\/li>\n<li><strong>Utiliza\u00e7\u00e3o vers\u00e1til:<\/strong> Ideal para preparar dals, sopas, caril e doces tradicionais indianos como o moong dal halwa.<\/li>\n<li><strong>Sabor aut\u00eantico:<\/strong> Real\u00e7a os sabores aut\u00eanticos da cozinha indiana, perfeita tanto para as refei\u00e7\u00f5es do dia a dia como para ocasi\u00f5es especiais.<\/li>\n<li><strong>Embalagem c\u00f3moda:<\/strong> Apresenta-se numa embalagem de 1KG, proporcionando uma quantidade suficiente para utiliza\u00e7\u00e3o dom\u00e9stica e f\u00e1cil armazenamento.<\/li>\n<\/ul>\n<p>Na Sultan Spices, orgulhamo-nos de oferecer ingredientes de alta qualidade que satisfazem as necessidades culin\u00e1rias dos nossos clientes. <strong>MUNG DALL (CHILKA) ALI BABA 1KG<\/strong> exemplifica o nosso compromisso com a autenticidade e o sabor.<\/p>\n<p>Visite Sultan Spices em M\u00e1laga para explorar a nossa extensa sele\u00e7\u00e3o de lentilhas, especiarias e artigos especiais. Com <strong>MUNG DALL (CHILKA) ALI BABA 1KG<\/strong>Se quiser, pode elevar os seus cozinhados com os sabores ricos e os benef\u00edcios nutricionais do feij\u00e3o-mungo.<\/p>\n<p>Melhore os seus pratos com <strong>MUNG DALL (CHILKA) ALI BABA 1KG<\/strong> da Sultan Spices, e saborear a bondade saud\u00e1vel e o sabor aut\u00eantico do chilka dal em todas as refei\u00e7\u00f5es.<\/p>","protected":false},"excerpt":{"rendered":"<p>Explore o sabor rico e os benef\u00edcios nutricionais do MUNG DALL (CHILKA) ALI BABA 1KG na Sultan Spices, a sua mercearia indiana de confian\u00e7a em M\u00e1laga. Este chilka dal premium, feito de feij\u00e3o mungo dividido com a casca intacta, \u00e9 um ingrediente vers\u00e1til que adiciona profundidade a uma variedade de pratos indianos. Caracter\u00edsticas principais: Qualidade superior: Proveniente de...<\/p>","protected":false},"featured_media":4738,"comment_status":"open","ping_status":"closed","template":"","meta":{"_kad_blocks_custom_css":"","_kad_blocks_head_custom_js":"","_kad_blocks_body_custom_js":"","_kad_blocks_footer_custom_js":"","_kadence_starter_templates_imported_post":false,"_kad_post_transparent":"default","_kad_post_title":"","_kad_post_layout":"default","_kad_post_sidebar_id":"","_kad_post_content_style":"default","_kad_post_vertical_padding":"default","_kad_post_feature":"","_kad_post_feature_position":"","_kad_post_header":false,"_kad_post_footer":false,"_kad_post_classname":""},"product_brand":[],"product_cat":[47],"product_tag":[],"class_list":{"0":"post-4696","1":"product","2":"type-product","3":"status-publish","4":"has-post-thumbnail","6":"product_cat-lentils","8":"first","9":"instock","10":"shipping-taxable","11":"purchasable","12":"product-type-simple","13":"entry","14":"content-bg","15":"loop-entry"},"taxonomy_info":{"product_cat":[{"value":47,"label":"Lentils"}]},"featured_image_src_large":["https:\/\/sultanspices.es\/wp-content\/uploads\/2024\/06\/ProductsPIX-11-1024x1024.png",1024,1024,true],"author_info":[],"comment_info":0,"jetpack_sharing_enabled":true,"_links":{"self":[{"href":"https:\/\/sultanspices.es\/pt\/wp-json\/wp\/v2\/product\/4696","targetHints":{"allow":["GET"]}}],"collection":[{"href":"https:\/\/sultanspices.es\/pt\/wp-json\/wp\/v2\/product"}],"about":[{"href":"https:\/\/sultanspices.es\/pt\/wp-json\/wp\/v2\/types\/product"}],"replies":[{"embeddable":true,"href":"https:\/\/sultanspices.es\/pt\/wp-json\/wp\/v2\/comments?post=4696"}],"wp:featuredmedia":[{"embeddable":true,"href":"https:\/\/sultanspices.es\/pt\/wp-json\/wp\/v2\/media\/4738"}],"wp:attachment":[{"href":"https:\/\/sultanspices.es\/pt\/wp-json\/wp\/v2\/media?parent=4696"}],"wp:term":[{"taxonomy":"product_brand","embeddable":true,"href":"https:\/\/sultanspices.es\/pt\/wp-json\/wp\/v2\/product_brand?post=4696"},{"taxonomy":"product_cat","embeddable":true,"href":"https:\/\/sultanspices.es\/pt\/wp-json\/wp\/v2\/product_cat?post=4696"},{"taxonomy":"product_tag","embeddable":true,"href":"https:\/\/sultanspices.es\/pt\/wp-json\/wp\/v2\/product_tag?post=4696"}],"curies":[{"name":"wp","href":"https:\/\/api.w.org\/{rel}","templated":true}]}}