{"id":4695,"date":"2024-06-23T17:02:37","date_gmt":"2024-06-23T15:02:37","guid":{"rendered":"https:\/\/sultanspices.es\/mehndi-pwd-kangana-black-60g\/"},"modified":"2026-02-23T12:40:55","modified_gmt":"2026-02-23T11:40:55","slug":"mehndi-pwd-kangana-black-60g","status":"publish","type":"product","link":"https:\/\/sultanspices.es\/pt\/produto\/mehndi-pwd-kangana-preto-60g\/","title":{"rendered":"MEHNDI PWD KANGANA PRETO 60G"},"content":{"rendered":"<p>Transforme o seu visual com <strong>MEHNDI PWD KANGANA PRETO 60G<\/strong>dispon\u00edvel na Sultan Spices, a sua principal mercearia indiana em M\u00e1laga. Este p\u00f3 de hena preta de alta qualidade da Kangana \u00e9 perfeito para criar desenhos de hena complexos e duradouros, enriquecendo as celebra\u00e7\u00f5es culturais e os adornos pessoais.<\/p>\n<p><strong>Caracter\u00edsticas principais:<\/strong><\/p>\n<ul>\n<li><strong>Qualidade superior:<\/strong> Fabricado a partir das melhores folhas de hena, garantindo uma cor profunda e rica e resultados duradouros.<\/li>\n<li><strong>Natural e seguro:<\/strong> N\u00e3o cont\u00e9m produtos qu\u00edmicos nocivos, proporcionando uma aplica\u00e7\u00e3o segura para a pele e o cabelo.<\/li>\n<li><strong>Utiliza\u00e7\u00e3o vers\u00e1til:<\/strong> Ideal para a arte corporal tradicional de hena e para a colora\u00e7\u00e3o do cabelo, oferecendo uma cor vibrante e duradoura.<\/li>\n<li><strong>Import\u00e2ncia cultural:<\/strong> Real\u00e7a ocasi\u00f5es festivas como casamentos e festivais com o seu encanto tradicional.<\/li>\n<li><strong>Embalagem c\u00f3moda:<\/strong> Apresenta-se numa embalagem de 60G, f\u00e1cil de utilizar e armazenar para m\u00faltiplas aplica\u00e7\u00f5es.<\/li>\n<\/ul>\n<p>Na Sultan Spices, especializamo-nos em oferecer produtos aut\u00eanticos que satisfazem as tradi\u00e7\u00f5es culturais e os rituais de beleza pessoais. <strong>MEHNDI PWD KANGANA PRETO 60G<\/strong> exemplifica o nosso empenhamento na qualidade e no significado cultural.<\/p>\n<p>Visite Sultan Spices em M\u00e1laga para explorar a nossa vasta gama de produtos de beleza, especiarias e ingredientes essenciais. Com <strong>MEHNDI PWD KANGANA PRETO 60G<\/strong>A henna preta \u00e9 um adorno de beleza intemporal que real\u00e7a o seu visual com a sua eleg\u00e2ncia natural.<\/p>\n<p>Abrace a arte da hena com <strong>MEHNDI PWD KANGANA PRETO 60G<\/strong> da Sultan Spices, e delicie-se com a riqueza de cores e a heran\u00e7a cultural que ela traz \u00e0 sua pele e ao seu cabelo.<\/p>","protected":false},"excerpt":{"rendered":"<p>Transforme o seu visual com MEHNDI PWD KANGANA BLACK 60G, dispon\u00edvel na Sultan Spices, a sua principal mercearia indiana em M\u00e1laga. Este p\u00f3 de hena preta de alta qualidade da Kangana \u00e9 perfeito para criar desenhos de hena complexos e duradouros, enriquecendo as celebra\u00e7\u00f5es culturais e o adorno pessoal. Carater\u00edsticas principais: Qualidade Premium: Fabricado a partir das melhores folhas de hena, assegurando uma...<\/p>","protected":false},"featured_media":4740,"comment_status":"open","ping_status":"closed","template":"","meta":{"_kad_blocks_custom_css":"","_kad_blocks_head_custom_js":"","_kad_blocks_body_custom_js":"","_kad_blocks_footer_custom_js":"","_kadence_starter_templates_imported_post":false,"_kad_post_transparent":"default","_kad_post_title":"","_kad_post_layout":"default","_kad_post_sidebar_id":"","_kad_post_content_style":"default","_kad_post_vertical_padding":"default","_kad_post_feature":"","_kad_post_feature_position":"","_kad_post_header":false,"_kad_post_footer":false,"_kad_post_classname":""},"product_brand":[],"product_cat":[15],"product_tag":[],"class_list":{"0":"post-4695","1":"product","2":"type-product","3":"status-publish","4":"has-post-thumbnail","6":"product_cat-indian-items","8":"first","9":"instock","10":"shipping-taxable","11":"purchasable","12":"product-type-simple","13":"entry","14":"content-bg","15":"loop-entry"},"taxonomy_info":{"product_cat":[{"value":15,"label":"Other Indian Items"}]},"featured_image_src_large":["https:\/\/sultanspices.es\/wp-content\/uploads\/2024\/06\/ProductsPIX-12-1024x1024.png",1024,1024,true],"author_info":[],"comment_info":0,"jetpack_sharing_enabled":true,"_links":{"self":[{"href":"https:\/\/sultanspices.es\/pt\/wp-json\/wp\/v2\/product\/4695","targetHints":{"allow":["GET"]}}],"collection":[{"href":"https:\/\/sultanspices.es\/pt\/wp-json\/wp\/v2\/product"}],"about":[{"href":"https:\/\/sultanspices.es\/pt\/wp-json\/wp\/v2\/types\/product"}],"replies":[{"embeddable":true,"href":"https:\/\/sultanspices.es\/pt\/wp-json\/wp\/v2\/comments?post=4695"}],"wp:featuredmedia":[{"embeddable":true,"href":"https:\/\/sultanspices.es\/pt\/wp-json\/wp\/v2\/media\/4740"}],"wp:attachment":[{"href":"https:\/\/sultanspices.es\/pt\/wp-json\/wp\/v2\/media?parent=4695"}],"wp:term":[{"taxonomy":"product_brand","embeddable":true,"href":"https:\/\/sultanspices.es\/pt\/wp-json\/wp\/v2\/product_brand?post=4695"},{"taxonomy":"product_cat","embeddable":true,"href":"https:\/\/sultanspices.es\/pt\/wp-json\/wp\/v2\/product_cat?post=4695"},{"taxonomy":"product_tag","embeddable":true,"href":"https:\/\/sultanspices.es\/pt\/wp-json\/wp\/v2\/product_tag?post=4695"}],"curies":[{"name":"wp","href":"https:\/\/api.w.org\/{rel}","templated":true}]}}